{"id":379,"date":"2023-03-06T17:13:38","date_gmt":"2023-03-06T17:13:38","guid":{"rendered":"https:\/\/k-beautyci.com\/?post_type=product&#038;p=379"},"modified":"2026-03-29T11:36:29","modified_gmt":"2026-03-29T11:36:29","slug":"isntree-hyaluronic-acid-watery-sun-gel","status":"publish","type":"product","link":"https:\/\/k-beautyci.com\/fr\/produit\/isntree-hyaluronic-acid-watery-sun-gel\/","title":{"rendered":"Isntree Hyaluronic Acid Watery Sun Gel"},"content":{"rendered":"<p><b>Avantages :<\/b><\/p>\n<ul>\n<li>Avec un large spectre de SPF50+ PA++++ pour bloquer les rayons UV nocifs.<\/li>\n<li>Infus\u00e9 d'ingr\u00e9dients actifs d'origine naturelle pour hydrater et apaiser la peau irrit\u00e9e.<\/li>\n<li>Contient de l'acide hyaluronique pour hydrater la peau, de l'astaxanthine pour am\u00e9liorer l'\u00e9lasticit\u00e9 de la peau et de la c\u00e9ramide pour r\u00e9hydrater la peau.<\/li>\n<li>Enrichi en extrait de Centella Asiatica pour apaiser la peau irrit\u00e9e et en extrait de fruit de figuier pour adoucir la texture de la peau.<\/li>\n<\/ul>\n<p><b>Comment l'utiliser :<\/b><br \/>\n\u00c0 la derni\u00e8re \u00e9tape de la routine de soins, appliquer une quantit\u00e9 mod\u00e9r\u00e9e sur l'ensemble du visage et tapoter d\u00e9licatement pour une meilleure absorption.<\/p>\n<p>&nbsp;<\/p>\n<p>Avertissement : Pour usage externe uniquement. Toujours effectuer un test \u00e9picutan\u00e9. Cessez d'utiliser le produit si vous ressentez une quelconque g\u00eane. Suivre les instructions suppl\u00e9mentaires figurant sur l'emballage. Les r\u00e9sultats individuels peuvent varier.<\/p>","protected":false},"excerpt":{"rendered":"<p>Gardez les rayons UV nocifs \u00e0 distance avec ce gel solaire aqueux qui contient huit types d'acides hyaluroniques de poids mol\u00e9culaires diff\u00e9rents pour r\u00e9hydrater la peau. Il est \u00e9galement enrichi en astaxanthine pour am\u00e9liorer l'\u00e9lasticit\u00e9 de la peau, en c\u00e9ramide pour renforcer la barri\u00e8re cutan\u00e9e et en extrait de centella asiatica pour apaiser la peau. La formule non collante et l\u00e9g\u00e8re s'\u00e9tale facilement et ne laisse aucun r\u00e9sidu sur la peau, cr\u00e9ant un fini lisse et ros\u00e9 qui dure toute la journ\u00e9e.<\/p>","protected":false},"featured_media":381,"comment_status":"open","ping_status":"closed","template":"","meta":{"om_disable_all_campaigns":false},"product_brand":[],"product_cat":[88,69,90,77],"product_tag":[],"class_list":{"0":"post-379","1":"product","2":"type-product","3":"status-publish","4":"has-post-thumbnail","6":"product_cat-centella","7":"product_cat-hyaluronic-acid","8":"product_cat-isntree","9":"product_cat-spf-50","11":"first","12":"instock","13":"sale","14":"shipping-taxable","15":"purchasable","16":"product-type-simple"},"aioseo_notices":[],"jetpack_sharing_enabled":true,"_links":{"self":[{"href":"https:\/\/k-beautyci.com\/fr\/wp-json\/wp\/v2\/product\/379","targetHints":{"allow":["GET"]}}],"collection":[{"href":"https:\/\/k-beautyci.com\/fr\/wp-json\/wp\/v2\/product"}],"about":[{"href":"https:\/\/k-beautyci.com\/fr\/wp-json\/wp\/v2\/types\/product"}],"replies":[{"embeddable":true,"href":"https:\/\/k-beautyci.com\/fr\/wp-json\/wp\/v2\/comments?post=379"}],"wp:featuredmedia":[{"embeddable":true,"href":"https:\/\/k-beautyci.com\/fr\/wp-json\/wp\/v2\/media\/381"}],"wp:attachment":[{"href":"https:\/\/k-beautyci.com\/fr\/wp-json\/wp\/v2\/media?parent=379"}],"wp:term":[{"taxonomy":"product_brand","embeddable":true,"href":"https:\/\/k-beautyci.com\/fr\/wp-json\/wp\/v2\/product_brand?post=379"},{"taxonomy":"product_cat","embeddable":true,"href":"https:\/\/k-beautyci.com\/fr\/wp-json\/wp\/v2\/product_cat?post=379"},{"taxonomy":"product_tag","embeddable":true,"href":"https:\/\/k-beautyci.com\/fr\/wp-json\/wp\/v2\/product_tag?post=379"}],"curies":[{"name":"wp","href":"https:\/\/api.w.org\/{rel}","templated":true}]}}