{"id":3777,"date":"2024-04-28T17:59:38","date_gmt":"2024-04-28T17:59:38","guid":{"rendered":"https:\/\/k-beautyci.com\/?post_type=product&#038;p=3777"},"modified":"2026-04-11T17:01:58","modified_gmt":"2026-04-11T17:01:58","slug":"numbuzin-no-1-clear-filter-sun-essence","status":"publish","type":"product","link":"https:\/\/k-beautyci.com\/fr\/produit\/numbuzin-no-1-clear-filter-sun-essence\/","title":{"rendered":"numbuzin &#8211; No.1 Clear Filter Sun Essence"},"content":{"rendered":"","protected":false},"excerpt":{"rendered":"<p>Cet \u00e9cran solaire utilise des filtres chimiques pour offrir une protection SPF50+ PA++++ contre les rayons du soleil. Elle est enrichie d'extraits de feuilles de c\u0153ur, de cica et de racines de r\u00e9glisse qui apaisent la peau irrit\u00e9e et la maintiennent hydrat\u00e9e. Le niacinamide contenu dans la formule donne \u00e0 la peau un fini \u00e9clatant. La texture l\u00e9g\u00e8re est facilement absorb\u00e9e par la peau pour un fini rafra\u00eechissant qui n'obstrue pas les pores.<\/p>\n<p>&nbsp;<\/p>\n<p><b>Comment l'utiliser :<\/b><br \/>\n\u00c0 la derni\u00e8re \u00e9tape de la routine de soins, appliquer une couche uniforme sur l'ensemble du visage et tapoter d\u00e9licatement pour une meilleure absorption.<\/p>\n<p>&nbsp;<\/p>\n<div class=\"description-item active\">\n<div class=\"body\">\n<p>Avertissement : Pour usage externe uniquement. Toujours effectuer un test \u00e9picutan\u00e9. Cessez d'utiliser le produit si vous ressentez une quelconque g\u00eane. Suivre les instructions suppl\u00e9mentaires figurant sur l'emballage. Les r\u00e9sultats individuels peuvent varier.<\/p>\n<\/div>\n<\/div>\n<div class=\"description-item\">\n<h2 class=\"title\"><\/h2>\n<\/div>","protected":false},"featured_media":3780,"comment_status":"open","ping_status":"closed","template":"","meta":{"om_disable_all_campaigns":false},"product_brand":[],"product_cat":[57,88,52,74,190,77],"product_tag":[],"class_list":{"0":"post-3777","1":"product","2":"type-product","3":"status-publish","4":"has-post-thumbnail","6":"product_cat-anti-aging","7":"product_cat-centella","8":"product_cat-dark-spots","9":"product_cat-niacinamide","10":"product_cat-numbuzin","11":"product_cat-spf-50","13":"first","14":"instock","15":"shipping-taxable","16":"purchasable","17":"product-type-simple"},"aioseo_notices":[],"jetpack_sharing_enabled":true,"_links":{"self":[{"href":"https:\/\/k-beautyci.com\/fr\/wp-json\/wp\/v2\/product\/3777","targetHints":{"allow":["GET"]}}],"collection":[{"href":"https:\/\/k-beautyci.com\/fr\/wp-json\/wp\/v2\/product"}],"about":[{"href":"https:\/\/k-beautyci.com\/fr\/wp-json\/wp\/v2\/types\/product"}],"replies":[{"embeddable":true,"href":"https:\/\/k-beautyci.com\/fr\/wp-json\/wp\/v2\/comments?post=3777"}],"wp:featuredmedia":[{"embeddable":true,"href":"https:\/\/k-beautyci.com\/fr\/wp-json\/wp\/v2\/media\/3780"}],"wp:attachment":[{"href":"https:\/\/k-beautyci.com\/fr\/wp-json\/wp\/v2\/media?parent=3777"}],"wp:term":[{"taxonomy":"product_brand","embeddable":true,"href":"https:\/\/k-beautyci.com\/fr\/wp-json\/wp\/v2\/product_brand?post=3777"},{"taxonomy":"product_cat","embeddable":true,"href":"https:\/\/k-beautyci.com\/fr\/wp-json\/wp\/v2\/product_cat?post=3777"},{"taxonomy":"product_tag","embeddable":true,"href":"https:\/\/k-beautyci.com\/fr\/wp-json\/wp\/v2\/product_tag?post=3777"}],"curies":[{"name":"wp","href":"https:\/\/api.w.org\/{rel}","templated":true}]}}