{"id":3752,"date":"2024-04-21T16:55:40","date_gmt":"2024-04-21T16:55:40","guid":{"rendered":"https:\/\/k-beautyci.com\/?post_type=product&#038;p=3752"},"modified":"2026-01-22T23:18:21","modified_gmt":"2026-01-22T23:18:21","slug":"mixsoon-bean-essence-50ml","status":"publish","type":"product","link":"https:\/\/k-beautyci.com\/fr\/produit\/mixsoon-bean-essence-50ml\/","title":{"rendered":"Mixsoon Bean Essence 50ml"},"content":{"rendered":"","protected":false},"excerpt":{"rendered":"<p>L'essence de haricot est une essence douce, id\u00e9ale pour exfolier et hydrater les peaux textur\u00e9es sans irriter la peau. Elle renforce la sant\u00e9 de la peau, hydrate et revitalise le teint, exfolie et lisse la texture de la peau et fournit des antioxydants naturels riches en vitamines C et E.<\/p>\n<p>Comment l'utiliser :<\/p>\n<div class=\"description-item active\">\n<div class=\"body\">\n<div class=\"description-item active\">\n<div class=\"body\">\n<p>Utilisation quotidienne : Apr\u00e8s avoir nettoy\u00e9 et tonifi\u00e9 la peau, appliquer le produit. Tapoter d\u00e9licatement pour faire p\u00e9n\u00e9trer le produit et poursuivre avec le reste de la routine de soins de la peau.<\/p>\n<p>Pour l'exfoliation : Appliquez l'essence sur votre visage et massez en mouvements circulaires. Lorsque vous sentez des r\u00e9sidus apr\u00e8s avoir mass\u00e9 votre peau, appliquez l'essence une nouvelle fois et massez votre peau intens\u00e9ment. Lavez les r\u00e9sidus \u00e0 l'eau ou essuyez-les \u00e0 l'aide d'un tampon. (2 \u00e0 3 fois par semaine)<\/p>\n<p>Avertissement : Pour usage externe uniquement. Toujours effectuer un test \u00e9picutan\u00e9. Cessez d'utiliser le produit si vous ressentez une quelconque g\u00eane. Suivre les instructions suppl\u00e9mentaires figurant sur l'emballage. Les r\u00e9sultats individuels peuvent varier.<\/p>\n<\/div>\n<\/div>\n<div class=\"description-item\">\n<h2 class=\"title\"><\/h2>\n<\/div>\n<\/div>\n<\/div>","protected":false},"featured_media":3762,"comment_status":"open","ping_status":"closed","template":"","meta":{"om_disable_all_campaigns":false},"product_brand":[],"product_cat":[32,196],"product_tag":[],"class_list":{"0":"post-3752","1":"product","2":"type-product","3":"status-publish","4":"has-post-thumbnail","6":"product_cat-essence","7":"product_cat-mixsoon","9":"first","10":"outofstock","11":"sale","12":"shipping-taxable","13":"purchasable","14":"product-type-simple"},"aioseo_notices":[],"jetpack_sharing_enabled":true,"_links":{"self":[{"href":"https:\/\/k-beautyci.com\/fr\/wp-json\/wp\/v2\/product\/3752","targetHints":{"allow":["GET"]}}],"collection":[{"href":"https:\/\/k-beautyci.com\/fr\/wp-json\/wp\/v2\/product"}],"about":[{"href":"https:\/\/k-beautyci.com\/fr\/wp-json\/wp\/v2\/types\/product"}],"replies":[{"embeddable":true,"href":"https:\/\/k-beautyci.com\/fr\/wp-json\/wp\/v2\/comments?post=3752"}],"wp:featuredmedia":[{"embeddable":true,"href":"https:\/\/k-beautyci.com\/fr\/wp-json\/wp\/v2\/media\/3762"}],"wp:attachment":[{"href":"https:\/\/k-beautyci.com\/fr\/wp-json\/wp\/v2\/media?parent=3752"}],"wp:term":[{"taxonomy":"product_brand","embeddable":true,"href":"https:\/\/k-beautyci.com\/fr\/wp-json\/wp\/v2\/product_brand?post=3752"},{"taxonomy":"product_cat","embeddable":true,"href":"https:\/\/k-beautyci.com\/fr\/wp-json\/wp\/v2\/product_cat?post=3752"},{"taxonomy":"product_tag","embeddable":true,"href":"https:\/\/k-beautyci.com\/fr\/wp-json\/wp\/v2\/product_tag?post=3752"}],"curies":[{"name":"wp","href":"https:\/\/api.w.org\/{rel}","templated":true}]}}