{"id":375,"date":"2023-03-06T17:06:00","date_gmt":"2023-03-06T17:06:00","guid":{"rendered":"https:\/\/k-beautyci.com\/?post_type=product&#038;p=375"},"modified":"2025-11-03T23:14:42","modified_gmt":"2025-11-03T23:14:42","slug":"isntree-c-niacin-toning-ampoule","status":"publish","type":"product","link":"https:\/\/k-beautyci.com\/fr\/produit\/isntree-c-niacin-toning-ampoule\/","title":{"rendered":"ISNTREE C-Niacin Toning Ampoule"},"content":{"rendered":"<p>Solutions pour la peau :<\/p>\n<ul>\n<li>L'extrait de fruit d'Hippophae rhamnoides (baies de mer) est un ingr\u00e9dient antioxydant apaisant pour la peau qui contient des vitamines B, C et E.<\/li>\n<li>Le niacinamide contribue \u00e0 am\u00e9liorer la texture et le teint de la peau et \u00e0 renforcer son int\u00e9grit\u00e9.<\/li>\n<\/ul>\n<p>&nbsp;<\/p>\n<p>Comment l'utiliser :<\/p>\n<p>Utiliser pendant l'\u00e9tape du s\u00e9rum ou de l'ampoule de votre routine. Apr\u00e8s avoir nettoy\u00e9 et tonifi\u00e9 le visage, appliquer une quantit\u00e9 mod\u00e9r\u00e9e sur le visage avec des mains propres. Tapoter d\u00e9licatement pour faire p\u00e9n\u00e9trer le produit et poursuivre avec le reste de la routine de soins.<\/p>\n<p>Avertissement : Pour usage externe uniquement. Toujours effectuer un test \u00e9picutan\u00e9. Cessez d'utiliser le produit si vous ressentez une quelconque g\u00eane. Suivre les instructions suppl\u00e9mentaires figurant sur l'emballage. Les r\u00e9sultats individuels peuvent varier.<\/p>\n<p>Exp- 12\/2025<\/p>","protected":false},"excerpt":{"rendered":"<p>Tonifiez votre peau pour un teint plus lumineux et plus uniforme gr\u00e2ce \u00e0 cette ampoule de seaberry et de niacinamide de ISNTREE. Elle est formul\u00e9e pour aider \u00e0 revitaliser et \u00e0 rendre votre peau radieuse et saine gr\u00e2ce \u00e0 des vitamines et des ingr\u00e9dients nourrissants.<\/p>","protected":false},"featured_media":378,"comment_status":"open","ping_status":"closed","template":"","meta":{"om_disable_all_campaigns":false},"product_brand":[],"product_cat":[52,31,90,74],"product_tag":[],"class_list":{"0":"post-375","1":"product","2":"type-product","3":"status-publish","4":"has-post-thumbnail","6":"product_cat-dark-spots","7":"product_cat-face-serums","8":"product_cat-isntree","9":"product_cat-niacinamide","11":"first","12":"outofstock","13":"sale","14":"shipping-taxable","15":"purchasable","16":"product-type-simple"},"aioseo_notices":[],"jetpack_sharing_enabled":true,"_links":{"self":[{"href":"https:\/\/k-beautyci.com\/fr\/wp-json\/wp\/v2\/product\/375","targetHints":{"allow":["GET"]}}],"collection":[{"href":"https:\/\/k-beautyci.com\/fr\/wp-json\/wp\/v2\/product"}],"about":[{"href":"https:\/\/k-beautyci.com\/fr\/wp-json\/wp\/v2\/types\/product"}],"replies":[{"embeddable":true,"href":"https:\/\/k-beautyci.com\/fr\/wp-json\/wp\/v2\/comments?post=375"}],"wp:featuredmedia":[{"embeddable":true,"href":"https:\/\/k-beautyci.com\/fr\/wp-json\/wp\/v2\/media\/378"}],"wp:attachment":[{"href":"https:\/\/k-beautyci.com\/fr\/wp-json\/wp\/v2\/media?parent=375"}],"wp:term":[{"taxonomy":"product_brand","embeddable":true,"href":"https:\/\/k-beautyci.com\/fr\/wp-json\/wp\/v2\/product_brand?post=375"},{"taxonomy":"product_cat","embeddable":true,"href":"https:\/\/k-beautyci.com\/fr\/wp-json\/wp\/v2\/product_cat?post=375"},{"taxonomy":"product_tag","embeddable":true,"href":"https:\/\/k-beautyci.com\/fr\/wp-json\/wp\/v2\/product_tag?post=375"}],"curies":[{"name":"wp","href":"https:\/\/api.w.org\/{rel}","templated":true}]}}