{"id":3745,"date":"2024-04-18T21:34:52","date_gmt":"2024-04-18T21:34:52","guid":{"rendered":"https:\/\/k-beautyci.com\/?post_type=product&#038;p=3745"},"modified":"2026-02-25T14:25:19","modified_gmt":"2026-02-25T14:25:19","slug":"nineless-b-boost-1-kojic-acid-serum-30ml","status":"publish","type":"product","link":"https:\/\/k-beautyci.com\/fr\/produit\/nineless-b-boost-1-kojic-acid-serum-30ml\/","title":{"rendered":"NINELESS B-Boost 1% Kojic Acid Serum 30ml"},"content":{"rendered":"","protected":false},"excerpt":{"rendered":"<p>Dites adieu aux taches brunes et bonjour \u00e0 une peau \u00e9clatante gr\u00e2ce \u00e0 ce puissant m\u00e9lange de 1 % d'acide kojique, 10 % de niacinamide et 2 % d'acide tranexamique.<\/p>\n<p>Comment l'utiliser :<\/p>\n<p>Appliquer une petite quantit\u00e9 de s\u00e9rum sur une peau propre et tonifi\u00e9e, en massant d\u00e9licatement jusqu'\u00e0 absorption compl\u00e8te, puis appliquer la cr\u00e8me hydratante et la cr\u00e8me solaire le matin.<\/p>\n<p>Avertissement : Pour usage externe uniquement. Toujours effectuer un test \u00e9picutan\u00e9. Cessez d'utiliser le produit si vous ressentez une quelconque g\u00eane. Suivre les instructions suppl\u00e9mentaires figurant sur l'emballage. Les r\u00e9sultats individuels peuvent varier.<\/p>","protected":false},"featured_media":3747,"comment_status":"open","ping_status":"closed","template":"","meta":{"om_disable_all_campaigns":false},"product_brand":[],"product_cat":[52,31,191],"product_tag":[],"class_list":{"0":"post-3745","1":"product","2":"type-product","3":"status-publish","4":"has-post-thumbnail","6":"product_cat-dark-spots","7":"product_cat-face-serums","8":"product_cat-nineless","10":"first","11":"instock","12":"sale","13":"shipping-taxable","14":"purchasable","15":"product-type-simple"},"aioseo_notices":[],"jetpack_sharing_enabled":true,"_links":{"self":[{"href":"https:\/\/k-beautyci.com\/fr\/wp-json\/wp\/v2\/product\/3745","targetHints":{"allow":["GET"]}}],"collection":[{"href":"https:\/\/k-beautyci.com\/fr\/wp-json\/wp\/v2\/product"}],"about":[{"href":"https:\/\/k-beautyci.com\/fr\/wp-json\/wp\/v2\/types\/product"}],"replies":[{"embeddable":true,"href":"https:\/\/k-beautyci.com\/fr\/wp-json\/wp\/v2\/comments?post=3745"}],"wp:featuredmedia":[{"embeddable":true,"href":"https:\/\/k-beautyci.com\/fr\/wp-json\/wp\/v2\/media\/3747"}],"wp:attachment":[{"href":"https:\/\/k-beautyci.com\/fr\/wp-json\/wp\/v2\/media?parent=3745"}],"wp:term":[{"taxonomy":"product_brand","embeddable":true,"href":"https:\/\/k-beautyci.com\/fr\/wp-json\/wp\/v2\/product_brand?post=3745"},{"taxonomy":"product_cat","embeddable":true,"href":"https:\/\/k-beautyci.com\/fr\/wp-json\/wp\/v2\/product_cat?post=3745"},{"taxonomy":"product_tag","embeddable":true,"href":"https:\/\/k-beautyci.com\/fr\/wp-json\/wp\/v2\/product_tag?post=3745"}],"curies":[{"name":"wp","href":"https:\/\/api.w.org\/{rel}","templated":true}]}}