{"id":370,"date":"2023-03-06T16:58:51","date_gmt":"2023-03-06T16:58:51","guid":{"rendered":"https:\/\/k-beautyci.com\/?post_type=product&#038;p=370"},"modified":"2026-04-10T01:23:04","modified_gmt":"2026-04-10T01:23:04","slug":"axis-y-the-mini-glow-set","status":"publish","type":"product","link":"https:\/\/k-beautyci.com\/fr\/produit\/axis-y-the-mini-glow-set\/","title":{"rendered":"AXIS-Y The Mini Glow Set"},"content":{"rendered":"<p>Contenu :<\/p>\n<ul>\n<li>AXIS-Y Quinoa Gel nettoyant \u00e9quilibr\u00e9 en une \u00e9tape (8ml) : Le quinoa favorise la synth\u00e8se du collag\u00e8ne et de l'\u00e9lastine, pour une peau plus lisse et plus ferme.<\/li>\n<li>AXIS-Y Tonique de traitement purifiant quotidien (5ml) : L'acide salicylique permet d'exfolier la peau en douceur pour lib\u00e9rer les pores des cellules mortes et des bact\u00e9ries.<\/li>\n<li>AXIS-Y Artichoke Intensive Skin Barrier Ampoule (5ml) : L'artichaut aide la peau \u00e0 retenir l'humidit\u00e9 et renforce la barri\u00e8re cutan\u00e9e.<\/li>\n<li>AXIS-Y S\u00e9rum \u00e9clat correcteur de taches sombres (5ml) : 5% de niacinamide aident \u00e0 corriger les taches brunes et \u00e0 affiner la texture de la peau pour un teint plus lumineux et plus lisse.<\/li>\n<\/ul>\n<p>Comment l'utiliser :<\/p>\n<div class=\"description-item active\">\n<div class=\"body\">\n<p>Gel nettoyant \u00e9quilibr\u00e9 en une \u00e9tape AXIS-Y Quinoa : Utilisez-le comme premi\u00e8re \u00e9tape de votre routine de soins de la peau ou apr\u00e8s un nettoyage \u00e0 l'huile. Faire mousser une petite quantit\u00e9 dans les paumes et masser sur la peau humide. \u00c9viter le contour des yeux. Rincer.<\/p>\n<p>Tonique purifiant quotidien AXIS-Y : Apr\u00e8s avoir nettoy\u00e9 la peau, appliquez le produit sur le visage \u00e0 l'aide de mains propres ou d'un disque de coton. Tapotez doucement pour absorber le produit, puis appliquez le reste de votre programme de soins.<\/p>\n<p>AXIS-Y Artichoke Intensive Skin Barrier Ampoule : A utiliser pendant l'\u00e9tape du s\u00e9rum ou de l'ampoule de votre routine. Apr\u00e8s avoir nettoy\u00e9 et tonifi\u00e9 le visage, appliquer une quantit\u00e9 mod\u00e9r\u00e9e sur le visage avec des mains propres. Tapotez doucement pour faire p\u00e9n\u00e9trer le produit, puis appliquez le reste de votre programme de soins.<\/p>\n<p>S\u00e9rum \u00e9claircissant correcteur de taches sombres AXIS-Y : Utiliser pendant l'\u00e9tape du s\u00e9rum ou de l'ampoule de votre routine. Apr\u00e8s avoir nettoy\u00e9 et tonifi\u00e9 le visage, appliquer une quantit\u00e9 mod\u00e9r\u00e9e sur le visage avec des mains propres. Tapoter d\u00e9licatement pour faire p\u00e9n\u00e9trer le produit et poursuivre avec le reste de la routine de soins de la peau.<\/p>\n<p>Avertissement : Pour usage externe uniquement. Toujours effectuer un test \u00e9picutan\u00e9. Cessez d'utiliser le produit si vous ressentez une quelconque g\u00eane. Suivre les instructions suppl\u00e9mentaires figurant sur l'emballage. Les r\u00e9sultats individuels peuvent varier.<\/p>\n<\/div>\n<\/div>","protected":false},"excerpt":{"rendered":"<p>Ce coffret est peut-\u00eatre mini, mais les produits hydratants, apaisants et nourrissants inclus dans ce coffret de soins AXIS-Y vous donneront un grand coup d'\u00e9clat. Profitez de l'exp\u00e9rience compl\u00e8te des soins AXIS-Y avec un nettoyant, un tonique, une ampoule et un s\u00e9rum.<\/p>","protected":false},"featured_media":373,"comment_status":"open","ping_status":"closed","template":"","meta":{"om_disable_all_campaigns":false},"product_brand":[],"product_cat":[60,89,52,35,26,31,39,33,64],"product_tag":[],"class_list":{"0":"post-370","1":"product","2":"type-product","3":"status-publish","4":"has-post-thumbnail","6":"product_cat-acne","7":"product_cat-axis-y","8":"product_cat-dark-spots","9":"product_cat-face-cleansers","10":"product_cat-face-moisturizer","11":"product_cat-face-serums","12":"product_cat-face-toners","13":"product_cat-face-treatments","14":"product_cat-kits-duos","16":"first","17":"outofstock","18":"shipping-taxable","19":"purchasable","20":"product-type-simple"},"aioseo_notices":[],"jetpack_sharing_enabled":true,"_links":{"self":[{"href":"https:\/\/k-beautyci.com\/fr\/wp-json\/wp\/v2\/product\/370","targetHints":{"allow":["GET"]}}],"collection":[{"href":"https:\/\/k-beautyci.com\/fr\/wp-json\/wp\/v2\/product"}],"about":[{"href":"https:\/\/k-beautyci.com\/fr\/wp-json\/wp\/v2\/types\/product"}],"replies":[{"embeddable":true,"href":"https:\/\/k-beautyci.com\/fr\/wp-json\/wp\/v2\/comments?post=370"}],"wp:featuredmedia":[{"embeddable":true,"href":"https:\/\/k-beautyci.com\/fr\/wp-json\/wp\/v2\/media\/373"}],"wp:attachment":[{"href":"https:\/\/k-beautyci.com\/fr\/wp-json\/wp\/v2\/media?parent=370"}],"wp:term":[{"taxonomy":"product_brand","embeddable":true,"href":"https:\/\/k-beautyci.com\/fr\/wp-json\/wp\/v2\/product_brand?post=370"},{"taxonomy":"product_cat","embeddable":true,"href":"https:\/\/k-beautyci.com\/fr\/wp-json\/wp\/v2\/product_cat?post=370"},{"taxonomy":"product_tag","embeddable":true,"href":"https:\/\/k-beautyci.com\/fr\/wp-json\/wp\/v2\/product_tag?post=370"}],"curies":[{"name":"wp","href":"https:\/\/api.w.org\/{rel}","templated":true}]}}