{"id":3673,"date":"2024-04-16T15:35:55","date_gmt":"2024-04-16T15:35:55","guid":{"rendered":"https:\/\/k-beautyci.com\/?post_type=product&#038;p=3673"},"modified":"2025-01-20T07:00:05","modified_gmt":"2025-01-20T07:00:05","slug":"pyunkang-yul-acne-pouch","status":"publish","type":"product","link":"https:\/\/k-beautyci.com\/fr\/produit\/pyunkang-yul-acne-pouch\/","title":{"rendered":"PYUNKANG YUL Acne Pouch"},"content":{"rendered":"","protected":false},"excerpt":{"rendered":"<p><strong>Le Pyunkang Yul Acne Pouch est une ligne de soins sp\u00e9cialis\u00e9s contre l'acn\u00e9 qui aide \u00e0 cibler les \u00e9ruptions ou les boutons d'acn\u00e9 sur votre visage :<\/strong><\/p>\n<ul>\n<li>Pyunkang Yul Acne Facial Cleanser 120ml : est un gel nettoyant doux qui soulage rapidement la peau enflamm\u00e9e et r\u00e9gule l'exc\u00e8s de s\u00e9bum.<\/li>\n<li>Pyunkang Yul Acne Spot Patch Super Thin (15 ea) : Patchs hydrocollo\u00efdes qui aident \u00e0 traiter l'acn\u00e9 ou les imperfections avec une couverture d'apparence naturelle et imperceptible.<\/li>\n<li>Pyunkang Yul Acne Dressing Mask Pack (1 exemplaire) : Un masque unique de 4 pi\u00e8ces qui aide \u00e0 cibler l'acn\u00e9, tout en hydratant et en renfor\u00e7ant la barri\u00e8re cutan\u00e9e pour la prot\u00e9ger contre de futures \u00e9ruptions.<\/li>\n<\/ul>\n<p>Comment utiliser le nettoyant pour le visage Pyunkang Yul Acne :<\/p>\n<ol>\n<li>Appliquer une quantit\u00e9 appropri\u00e9e avec des mains propres sur le visage et le cou mouill\u00e9s.<\/li>\n<li>Masser d\u00e9licatement la peau<\/li>\n<li>Rincer \u00e0 l'eau ti\u00e8de et s\u00e9cher en tapotant avec une serviette douce et propre.<\/li>\n<\/ol>\n<p>How to use the Pyunkang Yul Acne Spot Patch Super Thin:<\/p>\n<ol>\n<li>Appliquer sur la peau propre et s\u00e8che du visage. Appliquer le patch sur le bouton.<\/li>\n<li>Lorsque le patch est compl\u00e8tement blanc, retirez-le avec pr\u00e9caution. Peut \u00eatre utilis\u00e9 pendant la journ\u00e9e ou la nuit pendant que vous dormez.<\/li>\n<\/ol>\n<p>How to use the Pyunkang Yul Acne Dressing Mask Pack:<\/p>\n<ol>\n<li>Appliquer le masque sur le visage nettoy\u00e9 en insistant sur les zones \u00e0 probl\u00e8mes.<\/li>\n<li>Laisser reposer pendant 10 \u00e0 15 minutes.<\/li>\n<li>Retirez-le et r\u00e9partissez l'essence restante sur le visage.<\/li>\n<\/ol>","protected":false},"featured_media":3727,"comment_status":"open","ping_status":"closed","template":"","meta":{"om_disable_all_campaigns":false},"product_brand":[],"product_cat":[87],"product_tag":[],"class_list":{"0":"post-3673","1":"product","2":"type-product","3":"status-publish","4":"has-post-thumbnail","6":"product_cat-pyunkang-yul","8":"first","9":"outofstock","10":"shipping-taxable","11":"purchasable","12":"product-type-simple"},"aioseo_notices":[],"jetpack_sharing_enabled":true,"_links":{"self":[{"href":"https:\/\/k-beautyci.com\/fr\/wp-json\/wp\/v2\/product\/3673","targetHints":{"allow":["GET"]}}],"collection":[{"href":"https:\/\/k-beautyci.com\/fr\/wp-json\/wp\/v2\/product"}],"about":[{"href":"https:\/\/k-beautyci.com\/fr\/wp-json\/wp\/v2\/types\/product"}],"replies":[{"embeddable":true,"href":"https:\/\/k-beautyci.com\/fr\/wp-json\/wp\/v2\/comments?post=3673"}],"wp:featuredmedia":[{"embeddable":true,"href":"https:\/\/k-beautyci.com\/fr\/wp-json\/wp\/v2\/media\/3727"}],"wp:attachment":[{"href":"https:\/\/k-beautyci.com\/fr\/wp-json\/wp\/v2\/media?parent=3673"}],"wp:term":[{"taxonomy":"product_brand","embeddable":true,"href":"https:\/\/k-beautyci.com\/fr\/wp-json\/wp\/v2\/product_brand?post=3673"},{"taxonomy":"product_cat","embeddable":true,"href":"https:\/\/k-beautyci.com\/fr\/wp-json\/wp\/v2\/product_cat?post=3673"},{"taxonomy":"product_tag","embeddable":true,"href":"https:\/\/k-beautyci.com\/fr\/wp-json\/wp\/v2\/product_tag?post=3673"}],"curies":[{"name":"wp","href":"https:\/\/api.w.org\/{rel}","templated":true}]}}