{"id":3642,"date":"2024-04-07T14:08:38","date_gmt":"2024-04-07T14:08:38","guid":{"rendered":"https:\/\/k-beautyci.com\/?post_type=product&#038;p=3642"},"modified":"2026-02-25T14:52:46","modified_gmt":"2026-02-25T14:52:46","slug":"tirtir-refreshing-skin-milk-skin-toner-150ml","status":"publish","type":"product","link":"https:\/\/k-beautyci.com\/fr\/produit\/tirtir-refreshing-skin-milk-skin-toner-150ml\/","title":{"rendered":"TIRTIR Refreshing Skin Milk Skin Toner 150ml"},"content":{"rendered":"","protected":false},"excerpt":{"rendered":"<p>D\u00e9voilez le secret d'une peau hydrat\u00e9e et d'apparence jeune avec le tonique rafra\u00eechissant TIRTIR Refreshing Skin Milk. Ce tonique innovant offre une hydratation intense pendant 24 heures tout en \u00e9claircissant votre teint. D\u00e9couvrez l'\u00e9clat et la fra\u00eecheur de votre peau, et obtenez sans effort le look convoit\u00e9 de \"peau de verre\".<\/p>\n<p>&nbsp;<\/p>\n<p>Comment l'utiliser :<\/p>\n<div class=\"description-item active\">\n<div class=\"body\">\n<p>Apr\u00e8s le nettoyage, appliquer une quantit\u00e9 mod\u00e9r\u00e9e sur le visage et tapoter l\u00e9g\u00e8rement pour une meilleure absorption.<\/p>\n<p>Avertissement : Pour usage externe uniquement. Toujours effectuer un test \u00e9picutan\u00e9. Cessez d'utiliser le produit si vous ressentez une quelconque g\u00eane. Suivre les instructions suppl\u00e9mentaires figurant sur l'emballage. Les r\u00e9sultats individuels peuvent varier.<\/p>\n<\/div>\n<\/div>\n<div class=\"description-item\">\n<div class=\"body\"><\/div>\n<\/div>","protected":false},"featured_media":3670,"comment_status":"open","ping_status":"closed","template":"","meta":{"om_disable_all_campaigns":false},"product_brand":[],"product_cat":[39,198],"product_tag":[],"class_list":{"0":"post-3642","1":"product","2":"type-product","3":"status-publish","4":"has-post-thumbnail","6":"product_cat-face-toners","7":"product_cat-tirtir","9":"first","10":"instock","11":"sale","12":"shipping-taxable","13":"purchasable","14":"product-type-simple"},"aioseo_notices":[],"jetpack_sharing_enabled":true,"_links":{"self":[{"href":"https:\/\/k-beautyci.com\/fr\/wp-json\/wp\/v2\/product\/3642","targetHints":{"allow":["GET"]}}],"collection":[{"href":"https:\/\/k-beautyci.com\/fr\/wp-json\/wp\/v2\/product"}],"about":[{"href":"https:\/\/k-beautyci.com\/fr\/wp-json\/wp\/v2\/types\/product"}],"replies":[{"embeddable":true,"href":"https:\/\/k-beautyci.com\/fr\/wp-json\/wp\/v2\/comments?post=3642"}],"wp:featuredmedia":[{"embeddable":true,"href":"https:\/\/k-beautyci.com\/fr\/wp-json\/wp\/v2\/media\/3670"}],"wp:attachment":[{"href":"https:\/\/k-beautyci.com\/fr\/wp-json\/wp\/v2\/media?parent=3642"}],"wp:term":[{"taxonomy":"product_brand","embeddable":true,"href":"https:\/\/k-beautyci.com\/fr\/wp-json\/wp\/v2\/product_brand?post=3642"},{"taxonomy":"product_cat","embeddable":true,"href":"https:\/\/k-beautyci.com\/fr\/wp-json\/wp\/v2\/product_cat?post=3642"},{"taxonomy":"product_tag","embeddable":true,"href":"https:\/\/k-beautyci.com\/fr\/wp-json\/wp\/v2\/product_tag?post=3642"}],"curies":[{"name":"wp","href":"https:\/\/api.w.org\/{rel}","templated":true}]}}