{"id":3622,"date":"2024-04-03T14:52:12","date_gmt":"2024-04-03T14:52:12","guid":{"rendered":"https:\/\/k-beautyci.com\/?post_type=product&#038;p=3622"},"modified":"2025-07-11T20:47:26","modified_gmt":"2025-07-11T20:47:26","slug":"axis-y-biome-recharging-night-renewal-set","status":"publish","type":"product","link":"https:\/\/k-beautyci.com\/fr\/produit\/axis-y-biome-recharging-night-renewal-set\/","title":{"rendered":"Axis-y Biome Recharging Night Renewal Set"},"content":{"rendered":"","protected":false},"excerpt":{"rendered":"<p>Un duo de soins fantastique qui lifte et rajeunit les peaux fatigu\u00e9es pendant la nuit.<\/p>\n<p>Ce set contient :<\/p>\n<p><strong>Biome Recharging Enhanced Night Balm 80ml \/ 2.70 fl. Oz.<\/strong><\/p>\n<p><strong>10 Panthenol Supporting Concentrate 8ml \/ 0.27 fl. Oz.<\/strong><\/p>\n<p>Comment l'utiliser :<\/p>\n<p>Appliquer sur l'ensemble du visage une petite quantit\u00e9 du concentr\u00e9 de soutien au panth\u00e9nol 10 qui, gr\u00e2ce \u00e0 sa formule soyeuse en gouttelettes magn\u00e9tiques, augmente l'efficacit\u00e9 du baume de nuit recharg\u00e9 Biome Recharging Enhanced Night Balm. Cette combinaison permet d'obtenir un soin conditionnant plus efficace pour la recharge de la peau.<\/p>\n<p>Avertissement : Pour usage externe uniquement. Toujours effectuer un test \u00e9picutan\u00e9. Cessez d'utiliser le produit si vous ressentez une quelconque g\u00eane. Suivre les instructions suppl\u00e9mentaires figurant sur l'emballage. Les r\u00e9sultats individuels peuvent varier.<\/p>","protected":false},"featured_media":3625,"comment_status":"open","ping_status":"closed","template":"","meta":{"om_disable_all_campaigns":false},"product_brand":[],"product_cat":[89,26,31,64],"product_tag":[],"class_list":{"0":"post-3622","1":"product","2":"type-product","3":"status-publish","4":"has-post-thumbnail","6":"product_cat-axis-y","7":"product_cat-face-moisturizer","8":"product_cat-face-serums","9":"product_cat-kits-duos","11":"first","12":"outofstock","13":"sale","14":"shipping-taxable","15":"purchasable","16":"product-type-simple"},"aioseo_notices":[],"jetpack_sharing_enabled":true,"_links":{"self":[{"href":"https:\/\/k-beautyci.com\/fr\/wp-json\/wp\/v2\/product\/3622","targetHints":{"allow":["GET"]}}],"collection":[{"href":"https:\/\/k-beautyci.com\/fr\/wp-json\/wp\/v2\/product"}],"about":[{"href":"https:\/\/k-beautyci.com\/fr\/wp-json\/wp\/v2\/types\/product"}],"replies":[{"embeddable":true,"href":"https:\/\/k-beautyci.com\/fr\/wp-json\/wp\/v2\/comments?post=3622"}],"wp:featuredmedia":[{"embeddable":true,"href":"https:\/\/k-beautyci.com\/fr\/wp-json\/wp\/v2\/media\/3625"}],"wp:attachment":[{"href":"https:\/\/k-beautyci.com\/fr\/wp-json\/wp\/v2\/media?parent=3622"}],"wp:term":[{"taxonomy":"product_brand","embeddable":true,"href":"https:\/\/k-beautyci.com\/fr\/wp-json\/wp\/v2\/product_brand?post=3622"},{"taxonomy":"product_cat","embeddable":true,"href":"https:\/\/k-beautyci.com\/fr\/wp-json\/wp\/v2\/product_cat?post=3622"},{"taxonomy":"product_tag","embeddable":true,"href":"https:\/\/k-beautyci.com\/fr\/wp-json\/wp\/v2\/product_tag?post=3622"}],"curies":[{"name":"wp","href":"https:\/\/api.w.org\/{rel}","templated":true}]}}