{"id":362,"date":"2023-03-06T16:37:37","date_gmt":"2023-03-06T16:37:37","guid":{"rendered":"https:\/\/k-beautyci.com\/?post_type=product&#038;p=362"},"modified":"2026-03-08T22:54:58","modified_gmt":"2026-03-08T22:54:58","slug":"axis-y-dark-spot-correcting-glow-serum-50ml","status":"publish","type":"product","link":"https:\/\/k-beautyci.com\/fr\/produit\/axis-y-dark-spot-correcting-glow-serum-50ml\/","title":{"rendered":"AXIS- Y Dark Spot Correcting Glow Serum 50ml"},"content":{"rendered":"<p><b>Avantages :<\/b><\/p>\n<ul>\n<li>Sans cruaut\u00e9 et compatible avec le mode de vie v\u00e9g\u00e9talien. Sans colorants, huiles min\u00e9rales ni parfums artificiels ; sans parab\u00e8nes.<\/li>\n<li>Uniquement avec des ingr\u00e9dients certifi\u00e9s Green Grade par l'EWG pour une formulation minimis\u00e9e.<\/li>\n<li>Contient 6 types d'ingr\u00e9dients botaniques tels que des extraits de calendula, de papaye et d'argousier.<\/li>\n<li>L'extrait de son de riz et le niacinamide, aux excellentes propri\u00e9t\u00e9s antioxydantes, contribuent \u00e0 am\u00e9liorer le teint de la peau.<\/li>\n<li>Le squalane d'origine v\u00e9g\u00e9tale \u00e0 absorption rapide nourrit la peau tout en lui donnant une sensation de fra\u00eecheur.<\/li>\n<\/ul>\n<p><b>Comment l'utiliser :<\/b><\/p>\n<ul>\n<li>Utiliser pendant l'\u00e9tape du s\u00e9rum ou de l'ampoule de votre routine. Apr\u00e8s avoir nettoy\u00e9 et tonifi\u00e9 le visage, appliquer une quantit\u00e9 mod\u00e9r\u00e9e sur le visage avec des mains propres. Tapoter d\u00e9licatement pour faire p\u00e9n\u00e9trer le produit et poursuivre avec le reste de la routine de soins.<\/li>\n<li>Vous pouvez \u00e9galement l'utiliser comme masque de sommeil.<\/li>\n<\/ul>\n<p>Avertissement : Pour usage externe uniquement. Toujours effectuer un test \u00e9picutan\u00e9. Cessez d'utiliser le produit si vous ressentez une quelconque g\u00eane. Suivre les instructions suppl\u00e9mentaires figurant sur l'emballage. Les r\u00e9sultats individuels peuvent varier.<\/p>","protected":false},"excerpt":{"rendered":"<p>Ce s\u00e9rum correcteur d'AXIS-Y \u00e9limine les taches brunes.\u00a0Une utilisation quotidienne permet d'unifier le teint et de r\u00e9duire les signes d'hyperpigmentation, les cicatrices et les dommages caus\u00e9s par le soleil.<\/p>\n<p>Ce s\u00e9rum, dont la formulation est exempte de colorants artificiels, d'huiles min\u00e9rales, de parfums et de parab\u00e8nes, rafra\u00eechit et nourrit la peau gr\u00e2ce \u00e0 des extraits de calendula, de papaye et d'argousier, tout en offrant des effets \u00e9claircissants gr\u00e2ce \u00e0 l'extrait de son de riz.<\/p>","protected":false},"featured_media":364,"comment_status":"open","ping_status":"closed","template":"","meta":{"om_disable_all_campaigns":false},"product_brand":[],"product_cat":[89,52,31,74],"product_tag":[],"class_list":{"0":"post-362","1":"product","2":"type-product","3":"status-publish","4":"has-post-thumbnail","6":"product_cat-axis-y","7":"product_cat-dark-spots","8":"product_cat-face-serums","9":"product_cat-niacinamide","11":"first","12":"instock","13":"shipping-taxable","14":"purchasable","15":"product-type-simple"},"aioseo_notices":[],"jetpack_sharing_enabled":true,"_links":{"self":[{"href":"https:\/\/k-beautyci.com\/fr\/wp-json\/wp\/v2\/product\/362","targetHints":{"allow":["GET"]}}],"collection":[{"href":"https:\/\/k-beautyci.com\/fr\/wp-json\/wp\/v2\/product"}],"about":[{"href":"https:\/\/k-beautyci.com\/fr\/wp-json\/wp\/v2\/types\/product"}],"replies":[{"embeddable":true,"href":"https:\/\/k-beautyci.com\/fr\/wp-json\/wp\/v2\/comments?post=362"}],"wp:featuredmedia":[{"embeddable":true,"href":"https:\/\/k-beautyci.com\/fr\/wp-json\/wp\/v2\/media\/364"}],"wp:attachment":[{"href":"https:\/\/k-beautyci.com\/fr\/wp-json\/wp\/v2\/media?parent=362"}],"wp:term":[{"taxonomy":"product_brand","embeddable":true,"href":"https:\/\/k-beautyci.com\/fr\/wp-json\/wp\/v2\/product_brand?post=362"},{"taxonomy":"product_cat","embeddable":true,"href":"https:\/\/k-beautyci.com\/fr\/wp-json\/wp\/v2\/product_cat?post=362"},{"taxonomy":"product_tag","embeddable":true,"href":"https:\/\/k-beautyci.com\/fr\/wp-json\/wp\/v2\/product_tag?post=362"}],"curies":[{"name":"wp","href":"https:\/\/api.w.org\/{rel}","templated":true}]}}