{"id":3618,"date":"2024-04-01T13:59:47","date_gmt":"2024-04-01T13:59:47","guid":{"rendered":"https:\/\/k-beautyci.com\/?post_type=product&#038;p=3618"},"modified":"2025-05-23T14:46:05","modified_gmt":"2025-05-23T14:46:05","slug":"axis-y-biome-skin-lux-edition-kit","status":"publish","type":"product","link":"https:\/\/k-beautyci.com\/fr\/produit\/axis-y-biome-skin-lux-edition-kit\/","title":{"rendered":"Axis-y Biome Skin Lux Edition Kit"},"content":{"rendered":"","protected":false},"excerpt":{"rendered":"<p>Gr\u00e2ce au m\u00e9lange sp\u00e9cial de biomes d'AXIS-Y, chaque produit de ce coffret contient des probiotiques et des pr\u00e9biotiques, ainsi que d'autres ingr\u00e9dients apaisants pour la peau. L'essence et le baume de nuit contiennent \u00e9galement de l'ad\u00e9nosine, qui aide \u00e0 am\u00e9liorer l'apparence des rides.<\/p>\n<p>Le kit Biome Skin Lux Edition comprend<\/p>\n<p>Biome Comforting Infused Toner\u00a0| 200ml \/ 6.76 fl. Oz.<br \/>\nBiome Radiating Intensified Essence\u00a0| 17ml \/ 0.57 fl. Oz.<br \/>\n<b>Biome Recharging Night Renewal Set<\/b>:<br \/>\nBiome Recharging Enhanced Night Balm | 10ml \/ 0.34 fl. Oz.<br \/>\n10 Panthenol Supporting Concentrate | 5ml \/ 0.16 fl. Oz.<\/p>","protected":false},"featured_media":3620,"comment_status":"open","ping_status":"closed","template":"","meta":{"om_disable_all_campaigns":false},"product_brand":[],"product_cat":[89,26,31,39],"product_tag":[],"class_list":{"0":"post-3618","1":"product","2":"type-product","3":"status-publish","4":"has-post-thumbnail","6":"product_cat-axis-y","7":"product_cat-face-moisturizer","8":"product_cat-face-serums","9":"product_cat-face-toners","11":"first","12":"outofstock","13":"shipping-taxable","14":"purchasable","15":"product-type-simple"},"aioseo_notices":[],"jetpack_sharing_enabled":true,"_links":{"self":[{"href":"https:\/\/k-beautyci.com\/fr\/wp-json\/wp\/v2\/product\/3618","targetHints":{"allow":["GET"]}}],"collection":[{"href":"https:\/\/k-beautyci.com\/fr\/wp-json\/wp\/v2\/product"}],"about":[{"href":"https:\/\/k-beautyci.com\/fr\/wp-json\/wp\/v2\/types\/product"}],"replies":[{"embeddable":true,"href":"https:\/\/k-beautyci.com\/fr\/wp-json\/wp\/v2\/comments?post=3618"}],"wp:featuredmedia":[{"embeddable":true,"href":"https:\/\/k-beautyci.com\/fr\/wp-json\/wp\/v2\/media\/3620"}],"wp:attachment":[{"href":"https:\/\/k-beautyci.com\/fr\/wp-json\/wp\/v2\/media?parent=3618"}],"wp:term":[{"taxonomy":"product_brand","embeddable":true,"href":"https:\/\/k-beautyci.com\/fr\/wp-json\/wp\/v2\/product_brand?post=3618"},{"taxonomy":"product_cat","embeddable":true,"href":"https:\/\/k-beautyci.com\/fr\/wp-json\/wp\/v2\/product_cat?post=3618"},{"taxonomy":"product_tag","embeddable":true,"href":"https:\/\/k-beautyci.com\/fr\/wp-json\/wp\/v2\/product_tag?post=3618"}],"curies":[{"name":"wp","href":"https:\/\/api.w.org\/{rel}","templated":true}]}}