{"id":3612,"date":"2024-04-03T14:49:52","date_gmt":"2024-04-03T14:49:52","guid":{"rendered":"https:\/\/k-beautyci.com\/?post_type=product&#038;p=3612"},"modified":"2026-03-29T11:36:29","modified_gmt":"2026-03-29T11:36:29","slug":"cos-de-baha-hydroquinone-brightening-serum-30ml","status":"publish","type":"product","link":"https:\/\/k-beautyci.com\/fr\/produit\/cos-de-baha-hydroquinone-brightening-serum-30ml\/","title":{"rendered":"Cos de BAHA Hydroquinone Brightening Serum 30ml"},"content":{"rendered":"<p>Comment l'utiliser :<\/p>\n<p>This product is potent. Spot test first. Apply serum to clean skin every other day and work your way up to daily use. You&#8217;ll begin to see results within 4 weeks. Be sure to wear sunscreen during the day on areas where you&#8217;ve used this serum. Warning: Some users of this product may experience minor skin irritation. If irritation becomes severe, discontinue use and seek medical advice. Always spot test the product before use once per day and gradually work your way up.<\/p>\n<p>Bien que la r\u00e9gularit\u00e9 soit importante pour obtenir des r\u00e9sultats optimaux, vous ne devez pas l'utiliser pendant de longues p\u00e9riodes. Si vous ne constatez aucune am\u00e9lioration au bout de deux mois, arr\u00eatez de l'utiliser.<\/p>\n<p>&nbsp;<\/p>\n<p><strong><span class=\"a-text-bold\"><span class=\"a-text-italic\">Safety Warning<\/span><\/span><\/strong><\/p>\n<p>Apr\u00e8s avoir utilis\u00e9 ce produit de mani\u00e8re continue pendant 60 jours, vous devrez faire une pause et arr\u00eater d'utiliser le s\u00e9rum pendant 30 jours. Les utilisateurs d'hydroquinone peuvent d\u00e9velopper une r\u00e9sistance s'ils utilisent le produit de mani\u00e8re continue sans faire de pause et risquent \u00e9galement de d\u00e9velopper une maladie appel\u00e9e ochronose, qui est un assombrissement permanent de la peau. Bien qu'il s'agisse d'une affection rare, il est important d'interrompre l'utilisation de tout produit \u00e0 base d'hydroquinone au bout de 60 jours. Vous pouvez recommencer \u00e0 utiliser le s\u00e9rum apr\u00e8s une pause de 30 jours. Pendant cette pause de 30 jours, nous vous recommandons d'utiliser le s\u00e9rum \u00e0 la vitamine C Cos De BAHA ou la lotion tonique AHA\/BHA pour conserver votre nouvel \u00e9clat. Vous pouvez r\u00e9p\u00e9ter ce cycle pour conserver l'\u00e9clat et la jeunesse de votre peau.<\/p>\n<p>Avertissement : Certains utilisateurs de ce produit peuvent ressentir une l\u00e9g\u00e8re irritation de la peau. Si l'irritation devient grave, cesser l'utilisation et consulter un m\u00e9decin. Testez toujours le produit avant de l'utiliser.<\/p>","protected":false},"excerpt":{"rendered":"<p>Le s\u00e9rum \u00e9claircissant Cos De Baha HB Hydroquinone avec 2% d'hydroquinone est efficace dans la lutte contre la pigmentation. Il \u00e9claircit en douceur les taches brunes, r\u00e9duit l'apparence des imperfections et inhibe la production de m\u00e9lanine pour pr\u00e9venir l'hyperpigmentation.<\/p>","protected":false},"featured_media":3616,"comment_status":"open","ping_status":"closed","template":"","meta":{"om_disable_all_campaigns":false},"product_brand":[],"product_cat":[197,31],"product_tag":[],"class_list":{"0":"post-3612","1":"product","2":"type-product","3":"status-publish","4":"has-post-thumbnail","6":"product_cat-cos-de-baha","7":"product_cat-face-serums","9":"first","10":"outofstock","11":"shipping-taxable","12":"purchasable","13":"product-type-simple"},"aioseo_notices":[],"jetpack_sharing_enabled":true,"_links":{"self":[{"href":"https:\/\/k-beautyci.com\/fr\/wp-json\/wp\/v2\/product\/3612","targetHints":{"allow":["GET"]}}],"collection":[{"href":"https:\/\/k-beautyci.com\/fr\/wp-json\/wp\/v2\/product"}],"about":[{"href":"https:\/\/k-beautyci.com\/fr\/wp-json\/wp\/v2\/types\/product"}],"replies":[{"embeddable":true,"href":"https:\/\/k-beautyci.com\/fr\/wp-json\/wp\/v2\/comments?post=3612"}],"wp:featuredmedia":[{"embeddable":true,"href":"https:\/\/k-beautyci.com\/fr\/wp-json\/wp\/v2\/media\/3616"}],"wp:attachment":[{"href":"https:\/\/k-beautyci.com\/fr\/wp-json\/wp\/v2\/media?parent=3612"}],"wp:term":[{"taxonomy":"product_brand","embeddable":true,"href":"https:\/\/k-beautyci.com\/fr\/wp-json\/wp\/v2\/product_brand?post=3612"},{"taxonomy":"product_cat","embeddable":true,"href":"https:\/\/k-beautyci.com\/fr\/wp-json\/wp\/v2\/product_cat?post=3612"},{"taxonomy":"product_tag","embeddable":true,"href":"https:\/\/k-beautyci.com\/fr\/wp-json\/wp\/v2\/product_tag?post=3612"}],"curies":[{"name":"wp","href":"https:\/\/api.w.org\/{rel}","templated":true}]}}