{"id":3602,"date":"2024-04-03T14:49:35","date_gmt":"2024-04-03T14:49:35","guid":{"rendered":"https:\/\/k-beautyci.com\/?post_type=product&#038;p=3602"},"modified":"2025-02-11T16:32:59","modified_gmt":"2025-02-11T16:32:59","slug":"by-wishtrend-green-tea-enzyme-powder-wash-110g","status":"publish","type":"product","link":"https:\/\/k-beautyci.com\/fr\/produit\/by-wishtrend-green-tea-enzyme-powder-wash-110g\/","title":{"rendered":"By Wishtrend Green Tea &amp; Enzyme Powder Wash 110g"},"content":{"rendered":"<p>Comment l'utiliser :<\/p>\n<div class=\"description-item active\">\n<div class=\"body\">\n<ol>\n<li>Appliquer une quantit\u00e9 suffisante sur les mains mouill\u00e9es et faire mousser \u00e0 l'eau ti\u00e8de.<\/li>\n<li>Appliquer la mousse sur le visage, nettoyer en massant l\u00e9g\u00e8rement et rincer \u00e0 l'eau.<\/li>\n<\/ol>\n<p>&nbsp;<\/p>\n<p>Avertissement : Pour usage externe uniquement. Toujours effectuer un test \u00e9picutan\u00e9. Cessez d'utiliser le produit si vous ressentez une quelconque g\u00eane. Suivre les instructions suppl\u00e9mentaires figurant sur l'emballage. Les r\u00e9sultats individuels peuvent varier.<\/p>\n<\/div>\n<\/div>\n<div class=\"description-item\">\n<h2 class=\"title\"><\/h2>\n<\/div>","protected":false},"excerpt":{"rendered":"<p>L'\u00e9clat de la peau commence d\u00e8s la premi\u00e8re \u00e9tape de votre routine de soins. Ce nettoyant en poudre au pH \u00e9quilibr\u00e9 mousse et \u00e9limine en douceur les cellules mortes. Gr\u00e2ce \u00e0 l'extrait de fruit de papaye et \u00e0 la poudre de riz, il r\u00e9v\u00e8le une peau plus lumineuse et plus lisse. Cette exfoliation douce convient \u00e0 tous les types de peau.<\/p>\n<ul>\n<li>La poudre de th\u00e9 vert est un agent nettoyant efficace et doux qui apaise et rafra\u00eechit la peau d\u00e8s son utilisation.<\/li>\n<li>L'enzyme de papa\u00efne et le bicarbonate de soude permettent d'\u00e9liminer en douceur les cellules mortes et les points noirs.<\/li>\n<\/ul>","protected":false},"featured_media":3611,"comment_status":"open","ping_status":"closed","template":"","meta":{"om_disable_all_campaigns":false},"product_brand":[],"product_cat":[179,35],"product_tag":[],"class_list":{"0":"post-3602","1":"product","2":"type-product","3":"status-publish","4":"has-post-thumbnail","6":"product_cat-wishtrend","7":"product_cat-face-cleansers","9":"first","10":"outofstock","11":"sale","12":"shipping-taxable","13":"purchasable","14":"product-type-simple"},"aioseo_notices":[],"jetpack_sharing_enabled":true,"_links":{"self":[{"href":"https:\/\/k-beautyci.com\/fr\/wp-json\/wp\/v2\/product\/3602","targetHints":{"allow":["GET"]}}],"collection":[{"href":"https:\/\/k-beautyci.com\/fr\/wp-json\/wp\/v2\/product"}],"about":[{"href":"https:\/\/k-beautyci.com\/fr\/wp-json\/wp\/v2\/types\/product"}],"replies":[{"embeddable":true,"href":"https:\/\/k-beautyci.com\/fr\/wp-json\/wp\/v2\/comments?post=3602"}],"wp:featuredmedia":[{"embeddable":true,"href":"https:\/\/k-beautyci.com\/fr\/wp-json\/wp\/v2\/media\/3611"}],"wp:attachment":[{"href":"https:\/\/k-beautyci.com\/fr\/wp-json\/wp\/v2\/media?parent=3602"}],"wp:term":[{"taxonomy":"product_brand","embeddable":true,"href":"https:\/\/k-beautyci.com\/fr\/wp-json\/wp\/v2\/product_brand?post=3602"},{"taxonomy":"product_cat","embeddable":true,"href":"https:\/\/k-beautyci.com\/fr\/wp-json\/wp\/v2\/product_cat?post=3602"},{"taxonomy":"product_tag","embeddable":true,"href":"https:\/\/k-beautyci.com\/fr\/wp-json\/wp\/v2\/product_tag?post=3602"}],"curies":[{"name":"wp","href":"https:\/\/api.w.org\/{rel}","templated":true}]}}