{"id":360,"date":"2023-03-06T16:04:53","date_gmt":"2023-03-06T16:04:53","guid":{"rendered":"https:\/\/k-beautyci.com\/?post_type=product&#038;p=360"},"modified":"2024-07-09T15:32:51","modified_gmt":"2024-07-09T15:32:51","slug":"pyunkang-yul-miniature-4-type-set","status":"publish","type":"product","link":"https:\/\/k-beautyci.com\/fr\/produit\/pyunkang-yul-miniature-4-type-set\/","title":{"rendered":"Pyunkang Yul Miniature 4 Type Set"},"content":{"rendered":"<p>Le set de 4 types de Pyunkang Yul contient :<\/p>\n<p>-S\u00e9rum hydratant 10ml<\/p>\n<p>-Mousse de nettoyage en profondeur des pores \u00e0 faible pH 40ml<\/p>\n<p>-Cr\u00e8me nutritive 20ml<\/p>\n<p>-Tonique Essence 30ml<\/p>\n<p>En veillant \u00e0 ce que votre peau re\u00e7oive le nettoyage en profondeur qu'elle m\u00e9rite, les produits du coffret miniature 4 types de Pyunkang Yul hydratent et revitalisent radicalement votre teint. Doux et apaisants, ces produits \u00e9liminent la salet\u00e9 sans irriter la peau.<\/p>\n<p>Durable et sans cruaut\u00e9, Pyunkang Yul a cr\u00e9\u00e9 le coffret de soins miniature parfait pour les consommateurs soucieux de l'\u00e9thique et de l'environnement qui ne veulent pas faire de sacrifices dans leur r\u00e9gime de soins de la peau.<\/p>\n<p>&nbsp;<\/p>\n<p><b>Avantages :<\/b><\/p>\n<ul>\n<li>Un kit d'essai pour pr\u00e9senter le meilleur de Pyunkang Yul, avec les formules les plus vendues qui hydratent et nourrissent intens\u00e9ment la peau.<\/li>\n<li>Infus\u00e9 d'ingr\u00e9dients s\u00fbrs v\u00e9rifi\u00e9s par l'Environmental Working Group (EWG) des \u00c9tats-Unis qui pr\u00e9viennent la perte d'hydratation.\n<\/li>\n<\/ul>\n<p>&nbsp;<\/p>\n<p>&nbsp;<\/p>\n<p><b>-Mousse de nettoyage en profondeur des pores \u00e0 faible pH 40ml<\/b><\/p>\n<ul>\n<li>Une mousse nettoyante douce mais puissante qui \u00e9limine en profondeur les cellules mortes de la peau et les impuret\u00e9s qui obstruent les pores, et m\u00eame les r\u00e9sidus de maquillage.<\/li>\n<\/ul>\n<p><b>-Tonique Essence 30ml<\/b><\/p>\n<ul>\n<li>Un tonique hydratant formul\u00e9 avec de l'hydroxy\u00e9thylcellulose, de l'arginine et de l'extrait de racine d'astragale pour affiner le teint.<\/li>\n<\/ul>\n<p><b>S\u00e9rum hydratant :<\/b><\/p>\n<ul>\n<li style=\"list-style-type: none\">\n<ul>\n<li>Fabriqu\u00e9 avec des ingr\u00e9dients certifi\u00e9s par l'EWG, il \u00e9quilibre le rapport huile\/eau de la peau et l'hydrate.<\/li>\n<\/ul>\n<\/li>\n<\/ul>\n<p><b>-Cr\u00e8me nutritive 20ml<\/b><\/p>\n<ul>\n<li>Une cr\u00e8me onctueuse et riche en nutriments qui nourrit et hydrate la peau en profondeur pour lui donner de l'\u00e9clat et de la brillance.<\/li>\n<\/ul>\n<p>&nbsp;<\/p>\n<p>Avertissement : Pour usage externe uniquement. Toujours effectuer un test \u00e9picutan\u00e9. Cessez d'utiliser le produit si vous ressentez une quelconque g\u00eane. Suivre les instructions suppl\u00e9mentaires figurant sur l'emballage. Les r\u00e9sultats individuels peuvent varier.<\/p>\n<p>Expiry date- 2024\/06\/12<\/p>","protected":false},"excerpt":{"rendered":"<p>Pyunkang Yul&#8217;s Miniature 4 Type Set contains: -Moisture Serum 10ml -Low pH Pore Deep Cleansing Foam 40ml -Nutrition Cream 20ml -Essence Toner 30ml By working to ensure that your skin receives the deep cleanse that it deserves, the products within the Miniature 4 Type Set from Pyunkang Yul radically hydrate and revitalise your complexion. Gentle [&hellip;]<\/p>\n","protected":false},"featured_media":361,"comment_status":"open","ping_status":"closed","template":"","meta":{"om_disable_all_campaigns":false},"product_brand":[],"product_cat":[35,26,31,39,33,64,87],"product_tag":[],"class_list":{"0":"post-360","1":"product","2":"type-product","3":"status-publish","4":"has-post-thumbnail","6":"product_cat-face-cleansers","7":"product_cat-face-moisturizer","8":"product_cat-face-serums","9":"product_cat-face-toners","10":"product_cat-face-treatments","11":"product_cat-kits-duos","12":"product_cat-pyunkang-yul","14":"first","15":"outofstock","16":"sale","17":"shipping-taxable","18":"purchasable","19":"product-type-simple"},"aioseo_notices":[],"jetpack_sharing_enabled":true,"_links":{"self":[{"href":"https:\/\/k-beautyci.com\/fr\/wp-json\/wp\/v2\/product\/360","targetHints":{"allow":["GET"]}}],"collection":[{"href":"https:\/\/k-beautyci.com\/fr\/wp-json\/wp\/v2\/product"}],"about":[{"href":"https:\/\/k-beautyci.com\/fr\/wp-json\/wp\/v2\/types\/product"}],"replies":[{"embeddable":true,"href":"https:\/\/k-beautyci.com\/fr\/wp-json\/wp\/v2\/comments?post=360"}],"wp:featuredmedia":[{"embeddable":true,"href":"https:\/\/k-beautyci.com\/fr\/wp-json\/wp\/v2\/media\/361"}],"wp:attachment":[{"href":"https:\/\/k-beautyci.com\/fr\/wp-json\/wp\/v2\/media?parent=360"}],"wp:term":[{"taxonomy":"product_brand","embeddable":true,"href":"https:\/\/k-beautyci.com\/fr\/wp-json\/wp\/v2\/product_brand?post=360"},{"taxonomy":"product_cat","embeddable":true,"href":"https:\/\/k-beautyci.com\/fr\/wp-json\/wp\/v2\/product_cat?post=360"},{"taxonomy":"product_tag","embeddable":true,"href":"https:\/\/k-beautyci.com\/fr\/wp-json\/wp\/v2\/product_tag?post=360"}],"curies":[{"name":"wp","href":"https:\/\/api.w.org\/{rel}","templated":true}]}}