{"id":3597,"date":"2024-04-03T14:51:08","date_gmt":"2024-04-03T14:51:08","guid":{"rendered":"https:\/\/k-beautyci.com\/?post_type=product&#038;p=3597"},"modified":"2026-04-09T22:42:24","modified_gmt":"2026-04-09T22:42:24","slug":"tiam-pore-minimizing-21-cream","status":"publish","type":"product","link":"https:\/\/k-beautyci.com\/fr\/produit\/tiam-pore-minimizing-21-cream\/","title":{"rendered":"TIA&#8217;M PORE MINIMIZING 21 CREAM"},"content":{"rendered":"<p><b>Comment l'utiliser :<\/b><\/p>\n<p>Appliquer une quantit\u00e9 mod\u00e9r\u00e9e sur le visage apr\u00e8s avoir pr\u00e9par\u00e9 la peau avec le tonique et le s\u00e9rum.<\/p>\n<p>&nbsp;<\/p>\n<p>Toujours effectuer un test \u00e9picutan\u00e9. Utiliser uniquement selon les instructions. Ne pas utiliser sur une peau ab\u00eem\u00e9e. Si l'irritation ou l'inconfort persistent, cesser l'utilisation et consulter un m\u00e9decin. Suivre les instructions suppl\u00e9mentaires figurant sur l'emballage. Il est recommand\u00e9 aux utilisateurs d'appliquer un \u00e9cran solaire avant de s'exposer au soleil. Les r\u00e9sultats individuels peuvent varier.<\/p>","protected":false},"excerpt":{"rendered":"<p>Une cr\u00e8me de soin des pores qui r\u00e9gule la production excessive de s\u00e9bum tout en am\u00e9liorant l'apparence de la brillance, des points noirs et des pores dilat\u00e9s. Cette cr\u00e8me pour le visage r\u00e9duit visuellement la brillance, att\u00e9nue les points noirs et minimise les pores gr\u00e2ce \u00e0 2,1 % de BHA naturel provenant de l'\u00e9corce de saule, 5 % de niacinamide et de panth\u00e9nol,<\/p>","protected":false},"featured_media":3598,"comment_status":"open","ping_status":"closed","template":"","meta":{"om_disable_all_campaigns":false},"product_brand":[],"product_cat":[78,26,74,97],"product_tag":[],"class_list":{"0":"post-3597","1":"product","2":"type-product","3":"status-publish","4":"has-post-thumbnail","6":"product_cat-aha-bha","7":"product_cat-face-moisturizer","8":"product_cat-niacinamide","9":"product_cat-tiam","11":"first","12":"instock","13":"shipping-taxable","14":"purchasable","15":"product-type-simple"},"aioseo_notices":[],"jetpack_sharing_enabled":true,"_links":{"self":[{"href":"https:\/\/k-beautyci.com\/fr\/wp-json\/wp\/v2\/product\/3597","targetHints":{"allow":["GET"]}}],"collection":[{"href":"https:\/\/k-beautyci.com\/fr\/wp-json\/wp\/v2\/product"}],"about":[{"href":"https:\/\/k-beautyci.com\/fr\/wp-json\/wp\/v2\/types\/product"}],"replies":[{"embeddable":true,"href":"https:\/\/k-beautyci.com\/fr\/wp-json\/wp\/v2\/comments?post=3597"}],"wp:featuredmedia":[{"embeddable":true,"href":"https:\/\/k-beautyci.com\/fr\/wp-json\/wp\/v2\/media\/3598"}],"wp:attachment":[{"href":"https:\/\/k-beautyci.com\/fr\/wp-json\/wp\/v2\/media?parent=3597"}],"wp:term":[{"taxonomy":"product_brand","embeddable":true,"href":"https:\/\/k-beautyci.com\/fr\/wp-json\/wp\/v2\/product_brand?post=3597"},{"taxonomy":"product_cat","embeddable":true,"href":"https:\/\/k-beautyci.com\/fr\/wp-json\/wp\/v2\/product_cat?post=3597"},{"taxonomy":"product_tag","embeddable":true,"href":"https:\/\/k-beautyci.com\/fr\/wp-json\/wp\/v2\/product_tag?post=3597"}],"curies":[{"name":"wp","href":"https:\/\/api.w.org\/{rel}","templated":true}]}}