{"id":3595,"date":"2024-04-03T14:51:17","date_gmt":"2024-04-03T14:51:17","guid":{"rendered":"https:\/\/k-beautyci.com\/?post_type=product&#038;p=3595"},"modified":"2025-10-19T00:44:34","modified_gmt":"2025-10-19T00:44:34","slug":"tiam-pore-minimizing-21-serum-40ml","status":"publish","type":"product","link":"https:\/\/k-beautyci.com\/fr\/produit\/tiam-pore-minimizing-21-serum-40ml\/","title":{"rendered":"TIA&#8217;M PORE MINIMIZING 21 SERUM 40ml"},"content":{"rendered":"<p>Comment l'utiliser :<\/p>\n<p>1. Pr\u00e9lever une quantit\u00e9 suffisante et l'appliquer uniform\u00e9ment sur le visage apr\u00e8s l'avoir tonifi\u00e9.<\/p>\n<p>2. Si vous l'utilisez le matin dans le cadre de votre programme de soins de la peau, portez un SPF.<\/p>\n<p>\u318dEn raison de la forte concentration en niacinamide, veuillez effectuer un test \u00e9picutan\u00e9 avant utilisation. \u318dAppliquez deux fois par semaine, en augmentant progressivement la fr\u00e9quence \u00e0 mesure que votre peau s'adapte.<\/p>\n<p>&nbsp;<\/p>\n<div class=\"description-item active\">\n<div class=\"body\">\n<p>Avertissement : Pour usage externe uniquement. Toujours effectuer un test \u00e9picutan\u00e9. Cessez d'utiliser le produit si vous ressentez une quelconque g\u00eane. Suivre les instructions suppl\u00e9mentaires figurant sur l'emballage. Les r\u00e9sultats individuels peuvent varier.<\/p>\n<\/div>\n<\/div>\n<div class=\"description-item\">\n<h2 class=\"title\"><\/h2>\n<div class=\"body\"><\/div>\n<\/div>","protected":false},"excerpt":{"rendered":"<p>Minimise et \u00e9claircit efficacement l'apparence des pores fonc\u00e9s dilat\u00e9s. R\u00e9duit l'apparence des pores dilat\u00e9s et contr\u00f4le la production excessive de s\u00e9bum.<\/p>","protected":false},"featured_media":3596,"comment_status":"open","ping_status":"closed","template":"","meta":{"om_disable_all_campaigns":false},"product_brand":[],"product_cat":[31,33,74,97],"product_tag":[],"class_list":{"0":"post-3595","1":"product","2":"type-product","3":"status-publish","4":"has-post-thumbnail","6":"product_cat-face-serums","7":"product_cat-face-treatments","8":"product_cat-niacinamide","9":"product_cat-tiam","11":"first","12":"instock","13":"shipping-taxable","14":"purchasable","15":"product-type-simple"},"aioseo_notices":[],"jetpack_sharing_enabled":true,"_links":{"self":[{"href":"https:\/\/k-beautyci.com\/fr\/wp-json\/wp\/v2\/product\/3595","targetHints":{"allow":["GET"]}}],"collection":[{"href":"https:\/\/k-beautyci.com\/fr\/wp-json\/wp\/v2\/product"}],"about":[{"href":"https:\/\/k-beautyci.com\/fr\/wp-json\/wp\/v2\/types\/product"}],"replies":[{"embeddable":true,"href":"https:\/\/k-beautyci.com\/fr\/wp-json\/wp\/v2\/comments?post=3595"}],"wp:featuredmedia":[{"embeddable":true,"href":"https:\/\/k-beautyci.com\/fr\/wp-json\/wp\/v2\/media\/3596"}],"wp:attachment":[{"href":"https:\/\/k-beautyci.com\/fr\/wp-json\/wp\/v2\/media?parent=3595"}],"wp:term":[{"taxonomy":"product_brand","embeddable":true,"href":"https:\/\/k-beautyci.com\/fr\/wp-json\/wp\/v2\/product_brand?post=3595"},{"taxonomy":"product_cat","embeddable":true,"href":"https:\/\/k-beautyci.com\/fr\/wp-json\/wp\/v2\/product_cat?post=3595"},{"taxonomy":"product_tag","embeddable":true,"href":"https:\/\/k-beautyci.com\/fr\/wp-json\/wp\/v2\/product_tag?post=3595"}],"curies":[{"name":"wp","href":"https:\/\/api.w.org\/{rel}","templated":true}]}}