{"id":3590,"date":"2024-04-03T14:42:39","date_gmt":"2024-04-03T14:42:39","guid":{"rendered":"https:\/\/k-beautyci.com\/?post_type=product&#038;p=3590"},"modified":"2026-01-04T11:51:25","modified_gmt":"2026-01-04T11:51:25","slug":"cosrx-all-about-snail-kit-4-step","status":"publish","type":"product","link":"https:\/\/k-beautyci.com\/fr\/produit\/cosrx-all-about-snail-kit-4-step\/","title":{"rendered":"COSRX ALL ABOUT SNAIL  KIT - KIT D\u00c9COUVERTE"},"content":{"rendered":"<p>Avantages :<\/p>\n<p>Ce kit d\u2019essai contient quatre produits de la gamme culte \u00e0 l\u2019escargot de chez COSRX s\u00e9lectionn\u00e9s avec soin.<\/p>\n<p>- Gel nettoyant \u00e0 la mucine d\u2019escargot Advanced Snail : Enrichi en mucine d\u2019escargot pour purifier la peau tout en l\u2019hydratant.<\/p>\n<p>-Essence \u00e0 la mucine d\u2019escargot Advanced Snail 96 Mucin Power : Cette essence contient du filtrat de s\u00e9cr\u00e9tions d\u2019escargot pour aider \u00e0 apaiser et booster l\u2019\u00e9lasticit\u00e9 de la peau.<\/p>\n<p>- Cr\u00e8me contour des yeux aux peptides et \u00e0 l\u2019escargot Advanced Snail : Cette cr\u00e8me contour des yeux contient du filtrat de s\u00e9cr\u00e9tions d\u2019escargot et cinq types de peptides pour nourrir, raffermir et illuminer la zone du contour des yeux.<\/p>\n<p>- Cr\u00e8me tout-en-un \u00e0 l\u2019escargot Advanced Snail 92 : Cette cr\u00e8me tout-en-un contient 92 % de filtrat de s\u00e9cr\u00e9tions d\u2019escargot pour apaiser, lisser et hydrater la peau, avec un fini rafra\u00eechissant.<\/p>\n<p>&nbsp;<\/p>\n<p>Comment l'utiliser :<\/p>\n<p>1. Cleanse your face with the cleanser, then prepare your skin with the essence.<\/p>\n<p>2. Continuez avec l\u2019application de la cr\u00e8me contour des yeux, puis terminez avec l\u2019application de la cr\u00e8me tout-en-un.<\/p>","protected":false},"excerpt":{"rendered":"<p>Le kit d'essai Advanced Snail en 4 \u00e9tapes le plus appr\u00e9ci\u00e9 de COSRX : des soins essentiels formul\u00e9s avec de la mucine d'escargot pour r\u00e9parer, hydrater et apaiser la peau.<\/p>\n<p>Ce kit comprend:<\/p>\n<p><a title=\"Cosrx Advanced Snail Mucin Gel Cleanser\" href=\"https:\/\/k-beautyci.com\/fr\/produit\/advanced-snail-mucin-gel-cleanser-150ml\/\">\/STEP 1\/ Advanced Snail Mucin Gel Cleanser (20ml \/ 0.67 fl.oz)<\/a><br \/>\n<a title=\"Cosrx Advanced Snail 96 Mucin Power Essence\" href=\"https:\/\/k-beautyci.com\/fr\/produit\/advanced-snail-96-mucin-power-essence\/\" target=\"_blank\" rel=\"noopener\">\/STEP 2\/ Advanced Snail 96 Mucin Power Essence (30ml \/ 1.01 fl.oz)<\/a><br \/>\n<a title=\"Cosrx Advanced Snail Peptide Eye Cream 25ml\" href=\"https:\/\/k-beautyci.com\/fr\/produit\/advanced-snail-peptide-eye-cream-25ml\/\" target=\"_blank\" rel=\"noopener\">\/STEP 3\/ Advanced Snail Peptide Eye Cream (5ml \/ 0.16 fl.oz)\u00a0<\/a><br \/>\n<a title=\"COSRX - Cr\u00e8me hydratante \u00e0 la bave d\u2019escargot\" href=\"https:\/\/k-beautyci.com\/fr\/produit\/cosrx-advanced-snail-92-all-in-one-cream\/\" target=\"_blank\" rel=\"noopener\">\/STEP 4\/ Advanced Snail 92 All In One Cream (20g \/ 0.70 oz)\u00a0<\/a><\/p>","protected":false},"featured_media":3594,"comment_status":"open","ping_status":"closed","template":"","meta":{"om_disable_all_campaigns":false},"product_brand":[],"product_cat":[51,32,38,35,64,86],"product_tag":[],"class_list":{"0":"post-3590","1":"product","2":"type-product","3":"status-publish","4":"has-post-thumbnail","6":"product_cat-cosrx","7":"product_cat-essence","8":"product_cat-eye-care","9":"product_cat-face-cleansers","10":"product_cat-kits-duos","11":"product_cat-snail-mucin","13":"first","14":"outofstock","15":"shipping-taxable","16":"purchasable","17":"product-type-simple"},"aioseo_notices":[],"jetpack_sharing_enabled":true,"_links":{"self":[{"href":"https:\/\/k-beautyci.com\/fr\/wp-json\/wp\/v2\/product\/3590","targetHints":{"allow":["GET"]}}],"collection":[{"href":"https:\/\/k-beautyci.com\/fr\/wp-json\/wp\/v2\/product"}],"about":[{"href":"https:\/\/k-beautyci.com\/fr\/wp-json\/wp\/v2\/types\/product"}],"replies":[{"embeddable":true,"href":"https:\/\/k-beautyci.com\/fr\/wp-json\/wp\/v2\/comments?post=3590"}],"wp:featuredmedia":[{"embeddable":true,"href":"https:\/\/k-beautyci.com\/fr\/wp-json\/wp\/v2\/media\/3594"}],"wp:attachment":[{"href":"https:\/\/k-beautyci.com\/fr\/wp-json\/wp\/v2\/media?parent=3590"}],"wp:term":[{"taxonomy":"product_brand","embeddable":true,"href":"https:\/\/k-beautyci.com\/fr\/wp-json\/wp\/v2\/product_brand?post=3590"},{"taxonomy":"product_cat","embeddable":true,"href":"https:\/\/k-beautyci.com\/fr\/wp-json\/wp\/v2\/product_cat?post=3590"},{"taxonomy":"product_tag","embeddable":true,"href":"https:\/\/k-beautyci.com\/fr\/wp-json\/wp\/v2\/product_tag?post=3590"}],"curies":[{"name":"wp","href":"https:\/\/api.w.org\/{rel}","templated":true}]}}