{"id":356,"date":"2023-03-06T15:44:30","date_gmt":"2023-03-06T15:44:30","guid":{"rendered":"https:\/\/k-beautyci.com\/?post_type=product&#038;p=356"},"modified":"2024-07-03T16:52:37","modified_gmt":"2024-07-03T16:52:37","slug":"pyunkang-yul-calming-line-gift-set","status":"publish","type":"product","link":"https:\/\/k-beautyci.com\/fr\/produit\/pyunkang-yul-calming-line-gift-set\/","title":{"rendered":"Pyunkang Yul Calming Line Gift Set"},"content":{"rendered":"<p>Ce coffret cadeau est compos\u00e9 de :<\/p>\n<ul>\n<li>Tonique hydratant profond calmant 150ml<\/li>\n<li>S\u00e9rum hydratant calmant 30ml<\/li>\n<li>Cr\u00e8me hydratante calmante 50ml<\/li>\n<\/ul>\n<p><b>Avantages :<\/b><\/p>\n<ul>\n<li>La ligne Calming est formul\u00e9e avec des ingr\u00e9dients v\u00e9rifi\u00e9s par l'EWG aux propri\u00e9t\u00e9s calmantes pour apaiser et calmer la peau irrit\u00e9e.<\/li>\n<li>Exempt de 20 ingr\u00e9dients nocifs et adapt\u00e9 aux peaux sensibles.<\/li>\n<li>Test d'irritation cutan\u00e9e effectu\u00e9.<br \/>\n<b><\/b><\/li>\n<\/ul>\n<p>&nbsp;<\/p>\n<p><b>Tonique:<\/b><\/p>\n<ul>\n<li>Un tonique apaisant sp\u00e9cialement formul\u00e9 pour les peaux \u00e0 tendance acn\u00e9ique.<\/li>\n<li>Contient des AHA et PHA exfoliants qui \u00e9liminent en douceur les cellules mortes pour un grain de peau plus lisse.<\/li>\n<\/ul>\n<p><b>Comment l'utiliser :<\/b><\/p>\n<ul>\n<li>Verser une quantit\u00e9 g\u00e9n\u00e9reuse sur un coton et passer d\u00e9licatement sur le visage pour apaiser la peau.<\/li>\n<\/ul>\n<p>&nbsp;<\/p>\n<p><b>S\u00e9rum :<\/b><\/p>\n<ul>\n<li>Le s\u00e9rum hydratant et calmant contient cinq types d'extraits de centella asiatica, d'extrait d'arbre \u00e0 th\u00e9 et d'extrait de ch\u00e8vrefeuille pour apaiser instantan\u00e9ment la peau irrit\u00e9e.<\/li>\n<li>Fournit une hydratation intense et un soin barri\u00e8re gr\u00e2ce aux c\u00e9ramides, \u00e0 l'acide hyaluronique et aux peptides.<\/li>\n<li>La formule douce a un pH l\u00e9g\u00e8rement acide qui correspond au pH naturel de la peau.<\/li>\n<\/ul>\n<p><b>Comment l'utiliser :<\/b><\/p>\n<ul>\n<li>Appliquer une quantit\u00e9 appropri\u00e9e sur le visage nettoy\u00e9 et tonifi\u00e9 et masser d\u00e9licatement pour une meilleure absorption.<\/li>\n<\/ul>\n<p>&nbsp;<\/p>\n<p><b>Cr\u00e8me :<\/b><\/p>\n<ul>\n<li>Hydratant \u00e0 faible pH formul\u00e9 avec des ingr\u00e9dients v\u00e9rifi\u00e9s par l'EWG pour apaiser la peau, la r\u00e9hydrater et favoriser un teint sain et d'apparence jeune.<\/li>\n<li>Infus\u00e9 de squalane et de beurre de karit\u00e9 pour revigorer la peau sans obstruer les pores.<\/li>\n<li>Contient des c\u00e9ramides et du panth\u00e9nol pour hydrater la peau et renforcer la barri\u00e8re d'hydratation.<\/li>\n<\/ul>\n<p><b>Comment l'utiliser :<\/b><\/p>\n<ul>\n<li>Appliquer une quantit\u00e9 mod\u00e9r\u00e9e de produit sur les mains et r\u00e9partir uniform\u00e9ment sur toute la peau. Tapoter doucement la peau pour une meilleure absorption.<\/li>\n<\/ul>\n<p>&nbsp;<\/p>\n<p>Avertissement : Pour usage externe uniquement. Toujours effectuer un test \u00e9picutan\u00e9. Cessez d'utiliser le produit si vous ressentez une quelconque g\u00eane. Suivre les instructions suppl\u00e9mentaires figurant sur l'emballage. Les r\u00e9sultats individuels peuvent varier.<\/p>","protected":false},"excerpt":{"rendered":"<p>Adapt\u00e9 aux peaux sensibles, le coffret Calming Line de Pyunkang Yul comprend le tonique Calming Deep Moisture, le s\u00e9rum Calming Moisture et la cr\u00e8me Calming Moisture Barrier. Le tonique contient de l'extrait d'\u00e9corce de saule blanc pour contr\u00f4ler la production excessive de s\u00e9bum, ainsi que des AHA et PHA pour exfolier la peau en douceur. Le s\u00e9rum est formul\u00e9 \u00e0 partir d'extraits de cica, d'arbre \u00e0 th\u00e9 et de fleur de ch\u00e8vrefeuille pour apaiser la peau, et de c\u00e9ramide, d'acide hyaluronique et de peptides pour donner \u00e0 la peau une apparence ferme et jeune. La cr\u00e8me est formul\u00e9e \u00e0 partir d'extraits de cica, d'arbre \u00e0 th\u00e9 et de fleur de ch\u00e8vrefeuille pour calmer la peau, ainsi que de c\u00e9ramide pour fortifier la barri\u00e8re cutan\u00e9e.<\/p>","protected":false},"featured_media":357,"comment_status":"open","ping_status":"closed","template":"","meta":{"om_disable_all_campaigns":false},"product_brand":[],"product_cat":[60,88,26,31,39,33,69,64,87],"product_tag":[],"class_list":{"0":"post-356","1":"product","2":"type-product","3":"status-publish","4":"has-post-thumbnail","6":"product_cat-acne","7":"product_cat-centella","8":"product_cat-face-moisturizer","9":"product_cat-face-serums","10":"product_cat-face-toners","11":"product_cat-face-treatments","12":"product_cat-hyaluronic-acid","13":"product_cat-kits-duos","14":"product_cat-pyunkang-yul","16":"first","17":"outofstock","18":"shipping-taxable","19":"purchasable","20":"product-type-simple"},"aioseo_notices":[],"jetpack_sharing_enabled":true,"_links":{"self":[{"href":"https:\/\/k-beautyci.com\/fr\/wp-json\/wp\/v2\/product\/356","targetHints":{"allow":["GET"]}}],"collection":[{"href":"https:\/\/k-beautyci.com\/fr\/wp-json\/wp\/v2\/product"}],"about":[{"href":"https:\/\/k-beautyci.com\/fr\/wp-json\/wp\/v2\/types\/product"}],"replies":[{"embeddable":true,"href":"https:\/\/k-beautyci.com\/fr\/wp-json\/wp\/v2\/comments?post=356"}],"wp:featuredmedia":[{"embeddable":true,"href":"https:\/\/k-beautyci.com\/fr\/wp-json\/wp\/v2\/media\/357"}],"wp:attachment":[{"href":"https:\/\/k-beautyci.com\/fr\/wp-json\/wp\/v2\/media?parent=356"}],"wp:term":[{"taxonomy":"product_brand","embeddable":true,"href":"https:\/\/k-beautyci.com\/fr\/wp-json\/wp\/v2\/product_brand?post=356"},{"taxonomy":"product_cat","embeddable":true,"href":"https:\/\/k-beautyci.com\/fr\/wp-json\/wp\/v2\/product_cat?post=356"},{"taxonomy":"product_tag","embeddable":true,"href":"https:\/\/k-beautyci.com\/fr\/wp-json\/wp\/v2\/product_tag?post=356"}],"curies":[{"name":"wp","href":"https:\/\/api.w.org\/{rel}","templated":true}]}}