{"id":353,"date":"2023-03-05T23:08:08","date_gmt":"2023-03-05T23:08:08","guid":{"rendered":"https:\/\/k-beautyci.com\/?post_type=product&#038;p=353"},"modified":"2024-11-24T23:31:16","modified_gmt":"2024-11-24T23:31:16","slug":"some-by-mi-total-care-serum-trial-kit","status":"publish","type":"product","link":"https:\/\/k-beautyci.com\/fr\/produit\/some-by-mi-total-care-serum-trial-kit\/","title":{"rendered":"Some By Mi Total Care Serum Trial Kit"},"content":{"rendered":"<p>Ce kit d'essai du s\u00e9rum Total Care est livr\u00e9 avec :<\/p>\n<ul>\n<li>AHA, BHA, PHA 30 Days Miracle Serum 14ml<\/li>\n<li>Super Matcha Pore Tightening Serum 14ml<\/li>\n<li>Yuja Niacin 30 Days Blemish Care Serum 14ml<\/li>\n<li>Snail Truecica Miracle Repair Serum 14ml<\/li>\n<\/ul>\n<p><b>Avantages :<\/b><\/p>\n<ul>\n<li>Ce coffret se compose de 4 types de s\u00e9rums diff\u00e9rents, qui permettent de personnaliser les soins en fonction de l'\u00e9tat de la peau.<\/li>\n<li>\u00c9claircit la peau et a un effet apaisant sur la peau.<\/li>\n<\/ul>\n<p><b>AHA, BHA, PHA 30 Days Miracle Serum:<\/b><\/p>\n<ul>\n<li>Contient 10 000 ppm d'eau de feuilles d'arbre \u00e0 th\u00e9 qui aide \u00e0 soigner les troubles et les inflammations.<\/li>\n<li>Il contient \u00e9galement 14,5 % d'extraits de feuilles de Centella Asiatica pour apaiser la peau.<\/li>\n<li>Apaise et hydrate tout en r\u00e9duisant les pores.<\/li>\n<\/ul>\n<p><b>S\u00e9rum Super Matcha pour le resserrement des pores :<\/b><\/p>\n<ul>\n<li>Ce s\u00e9rum aqueux purifie, resserre et hydrate les pores gr\u00e2ce \u00e0 93 % d'eau de matcha, un macha de grande qualit\u00e9 provenant de Bosung, en Cor\u00e9e du Sud.<\/li>\n<li>Offre une sensation de fra\u00eecheur et ne laisse pas de r\u00e9sidus d\u00e9sagr\u00e9ables.<\/li>\n<li>Dissout les cellules mortes de la peau sans irritation. Ingr\u00e9dients BHA, PHA.<\/li>\n<li>Hydrate la peau avec de l'eau glaciale et de la Centella Asiatica pour un \u00e9clat plus lumineux.<\/li>\n<li>Infus\u00e9 d'agents hydratants naturels, dont l'acide hyaluronique et la glyc\u00e9rine, pour une hydratation intense de la peau.<\/li>\n<li>Avec l'ingr\u00e9dient brevet\u00e9 Anti Sebum P pour maintenir l'\u00e9quilibre eau-huile et am\u00e9liorer l'\u00e9lasticit\u00e9 des pores.<\/li>\n<li>Test d'irritation cutan\u00e9e termin\u00e9 ; pas de 20 produits chimiques nocifs, convient aux peaux sensibles.<\/li>\n<\/ul>\n<p><b>Yuja Niacin 30 Days Blemish Care Serum:<\/b><\/p>\n<ul>\n<li>Un produit \u00e0 double fonction : Blanchissant + Anti-rides.<\/li>\n<li>Contient 82% d'extrait de Yuja cor\u00e9en pour \u00e9claircir et hydrater.<\/li>\n<li>Avec 5% de Niacinamide pour \u00e9claircir la peau.<\/li>\n<li>Pr\u00e9vient la formation de m\u00e9lanine gr\u00e2ce au glutathion et \u00e0 l'arbutine.<\/li>\n<li>Revitalise la peau terne et soulage le stress cutan\u00e9 gr\u00e2ce \u00e0 12 types de vitamines.<\/li>\n<li>Sa texture l\u00e9g\u00e8re permet \u00e0 la peau de l'absorber facilement et laisse la peau sans sensation collante.<\/li>\n<\/ul>\n<p><b>Snail Truecica Miracle Repair Serum:<\/b><\/p>\n<ul>\n<li>Un produit \u00e0 double fonction : Blanchissant + Anti-rides.<\/li>\n<li>Contient 890 000ppm d'escargot Truecica\u2122 qui se compose d'extrait d'escargot noir et de Truecica\u2122.<\/li>\n<li>Aide \u00e0 la r\u00e9g\u00e9n\u00e9ration de la peau et \u00e0 la r\u00e9paration des dommages cutan\u00e9s gr\u00e2ce \u00e0 l'extrait d'escargot noir, peut \u00eatre r\u00e9appliqu\u00e9 pour une hydratation suppl\u00e9mentaire.<\/li>\n<li>Apaise la peau et renforce la barri\u00e8re cutan\u00e9e gr\u00e2ce \u00e0 Truecica\u2122.<\/li>\n<li>\u00c9limine les imperfections et les cicatrices avec un fini non collant.<\/li>\n<li>Exempt de 20 ingr\u00e9dients nocifs. Test d'irritation cutan\u00e9e termin\u00e9.<\/li>\n<\/ul>\n<p><b>Comment l'utiliser :<\/b><\/p>\n<p>1. Apr\u00e8s le tonique, appliquer une quantit\u00e9 suffisante sur le visage et tapoter pour une meilleure absorption.<\/p>\n<p>2. Pour les peaux pr\u00e9sentant des pores dilat\u00e9s et des impuret\u00e9s, il est conseill\u00e9 d'utiliser le Miracle Serum avec le Super Matcha Serum.<\/p>\n<p>3. Pour les peaux rugueuses et ternes, il est conseill\u00e9 d'utiliser le Snail Repair Serum avec le Yuja Blemish Serum.<\/p>\n<p>4. Pour les peaux sensibles, il est conseill\u00e9 d'utiliser le Miracle Serum avec le Snail Repair Serum.<\/p>\n<p>5. For oily skin, suggested to use Super Matcha Serum with Snail Repair Serum.<\/p>\n<p>&nbsp;<\/p>\n<p>Avertissement : Pour usage externe uniquement. Toujours effectuer un test \u00e9picutan\u00e9. Cessez d'utiliser le produit si vous ressentez une quelconque g\u00eane. Suivre les instructions suppl\u00e9mentaires figurant sur l'emballage. Les r\u00e9sultats individuels peuvent varier.<\/p>","protected":false},"excerpt":{"rendered":"<p>Combinant quatre des s\u00e9rums les plus vendus de SOME BY MI dans un mini kit de versions, cet ensemble sp\u00e9cial offre un soin total pour divers probl\u00e8mes de peau, de l'hydratation intensive \u00e0 l'\u00e9claircissement et au traitement des imperfections. Les ingr\u00e9dients nourrissants des s\u00e9rums comprennent des extraits de yuja cor\u00e9en, de cica, de matcha et de mucine d'escargot. Les produits conviennent \u00e0 tous les types de peau, y compris les peaux hypersensibles.<\/p>","protected":false},"featured_media":432,"comment_status":"open","ping_status":"closed","template":"","meta":{"om_disable_all_campaigns":false},"product_brand":[],"product_cat":[60,78,57,52,42,31,33,69,64,66,41,36,86,85],"product_tag":[],"class_list":{"0":"post-353","1":"product","2":"type-product","3":"status-publish","4":"has-post-thumbnail","6":"product_cat-acne","7":"product_cat-aha-bha","8":"product_cat-anti-aging","9":"product_cat-dark-spots","10":"product_cat-dry-skin","11":"product_cat-face-serums","12":"product_cat-face-treatments","13":"product_cat-hyaluronic-acid","14":"product_cat-kits-duos","15":"product_cat-normal-combination-skin","16":"product_cat-oily-skin","17":"product_cat-sensitive-skin","18":"product_cat-snail-mucin","19":"product_cat-some-by-mi","21":"first","22":"outofstock","23":"sale","24":"shipping-taxable","25":"purchasable","26":"product-type-simple"},"aioseo_notices":[],"jetpack_sharing_enabled":true,"_links":{"self":[{"href":"https:\/\/k-beautyci.com\/fr\/wp-json\/wp\/v2\/product\/353","targetHints":{"allow":["GET"]}}],"collection":[{"href":"https:\/\/k-beautyci.com\/fr\/wp-json\/wp\/v2\/product"}],"about":[{"href":"https:\/\/k-beautyci.com\/fr\/wp-json\/wp\/v2\/types\/product"}],"replies":[{"embeddable":true,"href":"https:\/\/k-beautyci.com\/fr\/wp-json\/wp\/v2\/comments?post=353"}],"wp:featuredmedia":[{"embeddable":true,"href":"https:\/\/k-beautyci.com\/fr\/wp-json\/wp\/v2\/media\/432"}],"wp:attachment":[{"href":"https:\/\/k-beautyci.com\/fr\/wp-json\/wp\/v2\/media?parent=353"}],"wp:term":[{"taxonomy":"product_brand","embeddable":true,"href":"https:\/\/k-beautyci.com\/fr\/wp-json\/wp\/v2\/product_brand?post=353"},{"taxonomy":"product_cat","embeddable":true,"href":"https:\/\/k-beautyci.com\/fr\/wp-json\/wp\/v2\/product_cat?post=353"},{"taxonomy":"product_tag","embeddable":true,"href":"https:\/\/k-beautyci.com\/fr\/wp-json\/wp\/v2\/product_tag?post=353"}],"curies":[{"name":"wp","href":"https:\/\/api.w.org\/{rel}","templated":true}]}}