{"id":347,"date":"2023-03-05T22:42:58","date_gmt":"2023-03-05T22:42:58","guid":{"rendered":"https:\/\/k-beautyci.com\/?post_type=product&#038;p=347"},"modified":"2025-09-21T21:46:47","modified_gmt":"2025-09-21T21:46:47","slug":"some-by-mi-aha-bha-pha-30-days-miracle-starter-limited-set","status":"publish","type":"product","link":"https:\/\/k-beautyci.com\/fr\/produit\/some-by-mi-aha-bha-pha-30-days-miracle-starter-limited-set\/","title":{"rendered":"Some By Mi AHA, BHA, PHA 30 Days Miracle Starter Limited Set"},"content":{"rendered":"<p>Une solution en 4 \u00e9tapes contenant des ingr\u00e9dients efficaces qui traitent les peaux irrit\u00e9es et \u00e0 probl\u00e8mes.<br \/>\nContient des ingr\u00e9dients de l'arbre \u00e0 th\u00e9 pour aider \u00e0 r\u00e9soudre les probl\u00e8mes de peau et \u00e0 soulager l'inflammation.<\/p>\n<p>Ce set contient :<\/p>\n<ul>\n<li>AHA, BHA, PHA 30 Days Miracle Cleansing Bar 25g x 1pc<\/li>\n<li>AHA, BHA, PHA 30 Days Miracle Toner 30ml<\/li>\n<li>AHA, BHA, PHA 30 Days Miracle Serum 10ml<\/li>\n<li>AHA, BHA, PHA 30 Days Miracle Cream 20g<\/li>\n<\/ul>\n<p>&nbsp;<\/p>\n<p><b>Avantages :<\/b><\/p>\n<p><b>AHA, BHA, PHA 30 Days Miracle Cleansing Bar:<\/b><\/p>\n<ul>\n<li>Nettoie la peau en profondeur gr\u00e2ce \u00e0 des ingr\u00e9dients d'origine naturelle.<\/li>\n<li>Il est exempt de colorants artificiels et d'agents chimiques actifs.<\/li>\n<\/ul>\n<p><b>Comment l'utiliser :<\/b><\/p>\n<ul>\n<li>Faire mousser avec de l'eau, appliquer sur le visage ou les parties du corps et masser pendant un moment avant de rincer \u00e0 l'eau ti\u00e8de.<\/li>\n<\/ul>\n<p>&nbsp;<\/p>\n<p><b>AHA, BHA, PHA 30 Days Miracle Toner:<\/b><\/p>\n<ul>\n<li>Un tonique faiblement acide (pH5,5) contient des ingr\u00e9dients AHA, BHA et PHA qui aident \u00e0 exfolier la peau de mani\u00e8re efficace.<\/li>\n<li>Il contient \u00e9galement 10 000 ppm d'eau de feuilles d'arbre \u00e0 th\u00e9 qui aide \u00e0 soigner les troubles et les inflammations.<\/li>\n<\/ul>\n<p><b>Comment l'utiliser :<\/b><\/p>\n<ul>\n<li>Verser une quantit\u00e9 suffisante sur un coton et passer sur le grain de la peau puis tapoter d\u00e9licatement pour une meilleure absorption.<\/li>\n<\/ul>\n<p>&nbsp;<\/p>\n<p><b>AHA, BHA, PHA 30 Days Miracle Serum:<\/b><\/p>\n<ul>\n<li>Contient 10 000 ppm d'eau de feuilles d'arbre \u00e0 th\u00e9 qui aide \u00e0 soigner les troubles et les inflammations.<\/li>\n<li>Il contient \u00e9galement 14,5 % d'extraits de feuilles de Centella Asiatica pour apaiser la peau.<\/li>\n<\/ul>\n<p><b>Comment l'utiliser :<\/b><\/p>\n<ul>\n<li>Appliquer une quantit\u00e9 mod\u00e9r\u00e9e uniform\u00e9ment sur le visage et tapoter l\u00e9g\u00e8rement pour une meilleure absorption.<\/li>\n<\/ul>\n<p>&nbsp;<\/p>\n<p><b>AHA, BHA, PHA 30 Days Miracle Cream:<\/b><\/p>\n<ul>\n<li>Contient 10 000 ppm d'eau de feuilles d'arbre \u00e0 th\u00e9 qui aide \u00e0 soigner les troubles et les inflammations.<\/li>\n<li>Avec 70% d'extraits de feuilles de Centella Asiatica pour un soin apaisant de la peau.<\/li>\n<li>Avec 4-Cica Care pour renforcer la barri\u00e8re cutan\u00e9e et aider au r\u00e9tablissement de la peau.<\/li>\n<\/ul>\n<p><b>Comment l'utiliser :<\/b><\/p>\n<ul>\n<li>Appliquer une quantit\u00e9 mod\u00e9r\u00e9e uniform\u00e9ment sur le visage et tapoter l\u00e9g\u00e8rement pour une meilleure absorption.<\/li>\n<\/ul>\n<p>&nbsp;<\/p>\n<p>Avertissement : Pour usage externe uniquement. Toujours effectuer un test \u00e9picutan\u00e9. Cessez d'utiliser le produit si vous ressentez une quelconque g\u00eane. Suivre les instructions suppl\u00e9mentaires figurant sur l'emballage. Les r\u00e9sultats individuels peuvent varier.<\/p>","protected":false},"excerpt":{"rendered":"<p>Commencez votre essai AHA, BHA, PHA 30 Days Miracle avec ce kit essentiel et facile \u00e0 transporter ! Il contient le Miracle Cleansing Bar pour nettoyer la peau en profondeur, le Miracle Toner pour une exfoliation en douceur, le Miracle Serum pour apaiser les peaux irrit\u00e9es et la Miracle Cream pour renforcer la barri\u00e8re cutan\u00e9e.<\/p>","protected":false},"featured_media":429,"comment_status":"open","ping_status":"closed","template":"","meta":{"om_disable_all_campaigns":false},"product_brand":[],"product_cat":[60,78,88,35,26,31,39,33,64,85],"product_tag":[],"class_list":{"0":"post-347","1":"product","2":"type-product","3":"status-publish","4":"has-post-thumbnail","6":"product_cat-acne","7":"product_cat-aha-bha","8":"product_cat-centella","9":"product_cat-face-cleansers","10":"product_cat-face-moisturizer","11":"product_cat-face-serums","12":"product_cat-face-toners","13":"product_cat-face-treatments","14":"product_cat-kits-duos","15":"product_cat-some-by-mi","17":"first","18":"outofstock","19":"sale","20":"shipping-taxable","21":"purchasable","22":"product-type-simple"},"aioseo_notices":[],"jetpack_sharing_enabled":true,"_links":{"self":[{"href":"https:\/\/k-beautyci.com\/fr\/wp-json\/wp\/v2\/product\/347","targetHints":{"allow":["GET"]}}],"collection":[{"href":"https:\/\/k-beautyci.com\/fr\/wp-json\/wp\/v2\/product"}],"about":[{"href":"https:\/\/k-beautyci.com\/fr\/wp-json\/wp\/v2\/types\/product"}],"replies":[{"embeddable":true,"href":"https:\/\/k-beautyci.com\/fr\/wp-json\/wp\/v2\/comments?post=347"}],"wp:featuredmedia":[{"embeddable":true,"href":"https:\/\/k-beautyci.com\/fr\/wp-json\/wp\/v2\/media\/429"}],"wp:attachment":[{"href":"https:\/\/k-beautyci.com\/fr\/wp-json\/wp\/v2\/media?parent=347"}],"wp:term":[{"taxonomy":"product_brand","embeddable":true,"href":"https:\/\/k-beautyci.com\/fr\/wp-json\/wp\/v2\/product_brand?post=347"},{"taxonomy":"product_cat","embeddable":true,"href":"https:\/\/k-beautyci.com\/fr\/wp-json\/wp\/v2\/product_cat?post=347"},{"taxonomy":"product_tag","embeddable":true,"href":"https:\/\/k-beautyci.com\/fr\/wp-json\/wp\/v2\/product_tag?post=347"}],"curies":[{"name":"wp","href":"https:\/\/api.w.org\/{rel}","templated":true}]}}