{"id":3466,"date":"2024-03-10T11:07:29","date_gmt":"2024-03-10T11:07:29","guid":{"rendered":"https:\/\/k-beautyci.com\/?post_type=product&#038;p=3466"},"modified":"2026-05-04T22:19:06","modified_gmt":"2026-05-04T22:19:06","slug":"mixsoon-centella-suncream-50g","status":"publish","type":"product","link":"https:\/\/k-beautyci.com\/fr\/produit\/mixsoon-centella-suncream-50g\/","title":{"rendered":"mixsoon Centella Suncream 50g"},"content":{"rendered":"<p>Comment l'utiliser :<\/p>\n<ul>\n<li>Appliquer g\u00e9n\u00e9reusement (et uniform\u00e9ment) 15 minutes avant l'exposition au soleil.<\/li>\n<li>Renouveler l'application au moins toutes les 2 heures.<\/li>\n<\/ul>\n<p>Toujours effectuer un test \u00e9picutan\u00e9. Utiliser uniquement selon les instructions. Ne pas utiliser sur une peau ab\u00eem\u00e9e. Si l'irritation ou l'inconfort persistent, cesser l'utilisation et consulter un m\u00e9decin. Suivre les instructions suppl\u00e9mentaires figurant sur l'emballage.<\/p>","protected":false},"excerpt":{"rendered":"<p>\u00c9cran solaire \u00e0 la formule l\u00e9g\u00e8re et \u00e0 la texture semblable \u00e0 celle d'un s\u00e9rum, offrant un fini non collant et rafra\u00eechissant. Cette cr\u00e8me solaire offre non seulement une protection chimique \u00e9lev\u00e9e, mais contient \u00e9galement un extrait de centella asiatica apaisant qui prot\u00e8ge la peau des effets du soleil tout en l'hydratant.<\/p>","protected":false},"featured_media":3468,"comment_status":"open","ping_status":"closed","template":"","meta":{"om_disable_all_campaigns":false},"product_brand":[],"product_cat":[57,88,52,42,196,66,41,36,77],"product_tag":[],"class_list":{"0":"post-3466","1":"product","2":"type-product","3":"status-publish","4":"has-post-thumbnail","6":"product_cat-anti-aging","7":"product_cat-centella","8":"product_cat-dark-spots","9":"product_cat-dry-skin","10":"product_cat-mixsoon","11":"product_cat-normal-combination-skin","12":"product_cat-oily-skin","13":"product_cat-sensitive-skin","14":"product_cat-spf-50","16":"first","17":"instock","18":"shipping-taxable","19":"purchasable","20":"product-type-simple"},"aioseo_notices":[],"jetpack_sharing_enabled":true,"_links":{"self":[{"href":"https:\/\/k-beautyci.com\/fr\/wp-json\/wp\/v2\/product\/3466","targetHints":{"allow":["GET"]}}],"collection":[{"href":"https:\/\/k-beautyci.com\/fr\/wp-json\/wp\/v2\/product"}],"about":[{"href":"https:\/\/k-beautyci.com\/fr\/wp-json\/wp\/v2\/types\/product"}],"replies":[{"embeddable":true,"href":"https:\/\/k-beautyci.com\/fr\/wp-json\/wp\/v2\/comments?post=3466"}],"wp:featuredmedia":[{"embeddable":true,"href":"https:\/\/k-beautyci.com\/fr\/wp-json\/wp\/v2\/media\/3468"}],"wp:attachment":[{"href":"https:\/\/k-beautyci.com\/fr\/wp-json\/wp\/v2\/media?parent=3466"}],"wp:term":[{"taxonomy":"product_brand","embeddable":true,"href":"https:\/\/k-beautyci.com\/fr\/wp-json\/wp\/v2\/product_brand?post=3466"},{"taxonomy":"product_cat","embeddable":true,"href":"https:\/\/k-beautyci.com\/fr\/wp-json\/wp\/v2\/product_cat?post=3466"},{"taxonomy":"product_tag","embeddable":true,"href":"https:\/\/k-beautyci.com\/fr\/wp-json\/wp\/v2\/product_tag?post=3466"}],"curies":[{"name":"wp","href":"https:\/\/api.w.org\/{rel}","templated":true}]}}