{"id":344,"date":"2023-03-05T22:29:57","date_gmt":"2023-03-05T22:29:57","guid":{"rendered":"https:\/\/k-beautyci.com\/?post_type=product&#038;p=344"},"modified":"2025-12-26T15:08:56","modified_gmt":"2025-12-26T15:08:56","slug":"some-by-mi-yuja-niacin-30-days-brightening-starter-kit","status":"publish","type":"product","link":"https:\/\/k-beautyci.com\/fr\/produit\/some-by-mi-yuja-niacin-30-days-brightening-starter-kit\/","title":{"rendered":"Some By Mi Yuja Niacin 30 Days Brightening Starter Kit"},"content":{"rendered":"<p>Ce set est livr\u00e9 avec :<\/p>\n<ul>\n<li>Tonique 30ml<\/li>\n<li>Serum 10ml<\/li>\n<li>Gel Cr\u00e8me 30g<\/li>\n<li>Masque de sommeil 20g<\/li>\n<\/ul>\n<p>&nbsp;<\/p>\n<p><b>Avantages :<\/b><\/p>\n<ul>\n<li>Un produit \u00e0 double fonction : Blanchissant + Anti-rides.<\/li>\n<li>\u00c9claircit la peau gr\u00e2ce au glutathion et \u00e0 l'arbutine.<\/li>\n<\/ul>\n<p><b>Tonique:<\/b><\/p>\n<ul>\n<li>Contient 90% d'extrait de Yuja pour nourrir et hydrater la peau.<\/li>\n<li>Revitalise la peau irrit\u00e9e gr\u00e2ce \u00e0 12 sortes de vitamines et \u00e0 l'extrait de fleur de lotus.<\/li>\n<\/ul>\n<p><b>S\u00e9rum :<\/b><\/p>\n<ul>\n<li>Contient 82% d'extrait de Yuja pour \u00e9claircir et hydrater.<\/li>\n<li>Sa texture l\u00e9g\u00e8re permet \u00e0 la peau de l'absorber facilement et la laisse sans sensation collante.<\/li>\n<\/ul>\n<p><b>Gel Cr\u00e8me :<\/b><\/p>\n<ul>\n<li>Contient 90% d'extrait de Yuja pour nourrir et hydrater la peau.<\/li>\n<li>Revitalise la peau gr\u00e2ce \u00e0 10 sortes de vitamines et la rafra\u00eechit gr\u00e2ce \u00e0 l'eau glaciale.<\/li>\n<\/ul>\n<p><b>Masque de sommeil :<\/b><\/p>\n<ul>\n<li>Contient 70% d'extrait de Yuja pour nourrir et hydrater la peau.<\/li>\n<li>Hydrate la peau avec Aquaxyl et Fructan\u2122 et la vitalise avec 10 sortes de vitamines.<\/li>\n<\/ul>\n<p>&nbsp;<\/p>\n<p><b>Comment l'utiliser :<\/b><\/p>\n<p>1. Utiliser dans l'ordre suivant : tonique \u2192 s\u00e9rum \u2192 cr\u00e8me \u2192 masque de nuit.<\/p>\n<p>2. Appliquer uniform\u00e9ment une quantit\u00e9 ad\u00e9quate de tonique, de s\u00e9rum et de cr\u00e8me sur le visage.<\/p>\n<p>3. Avant de dormir, appliquer uniform\u00e9ment une quantit\u00e9 suffisante sur le visage et laisser agir jusqu'au lendemain matin.<\/p>\n<p>4. Le lendemain matin, lavez votre visage \u00e0 l'eau ti\u00e8de.<\/p>\n<p>&nbsp;<\/p>\n<p>Avertissement : Pour usage externe uniquement. Toujours effectuer un test \u00e9picutan\u00e9. Cessez d'utiliser le produit si vous ressentez une quelconque g\u00eane. Suivre les instructions suppl\u00e9mentaires figurant sur l'emballage. Les r\u00e9sultats individuels peuvent varier.<\/p>","protected":false},"excerpt":{"rendered":"<p>Le coffret de voyage des produits phares Yuja Niacin de SOME BY MI comprend un tonique, un s\u00e9rum, un gel-cr\u00e8me et un masque de sommeil, tous infus\u00e9s d'extrait de yuja ainsi que de glutathion et d'arbutine pour un fini \u00e9clatant et sans rides. Le tonique contient 90 % d'extrait de yuja pour hydrater la peau, tandis que douze types de vitamines se combinent \u00e0 l'extrait de fleur de lotus pour apaiser les zones irrit\u00e9es. Le s\u00e9rum contient 82 % d'extrait de yuja, qui p\u00e9n\u00e8tre rapidement dans la peau pour la laisser parfaitement hydrat\u00e9e et \u00e9clatante. Le gel-cr\u00e8me contient 90 % d'extrait de yuja pour l'hydratation, dix sortes de vitamines pour revitaliser les peaux fatigu\u00e9es et de l'eau de glacier pour produire un effet rafra\u00eechissant instantan\u00e9. Le masque de sommeil hydrate et nourrit la peau gr\u00e2ce \u00e0 un cocktail puissant d'extrait de yuja \u00e0 70 %, d'aquaxyl, de Fructan\u2122 ainsi que de dix sortes de vitamines. Appliquez le tonique sur le visage nettoy\u00e9 avant de passer au s\u00e9rum. Scellez les bienfaits avec le gel-cr\u00e8me et terminez par le masque de sommeil.<\/p>","protected":false},"featured_media":10388,"comment_status":"open","ping_status":"closed","template":"","meta":{"om_disable_all_campaigns":false},"product_brand":[],"product_cat":[57,52,62,26,31,39,33,64,85],"product_tag":[],"class_list":{"0":"post-344","1":"product","2":"type-product","3":"status-publish","4":"has-post-thumbnail","6":"product_cat-anti-aging","7":"product_cat-dark-spots","8":"product_cat-face-masks","9":"product_cat-face-moisturizer","10":"product_cat-face-serums","11":"product_cat-face-toners","12":"product_cat-face-treatments","13":"product_cat-kits-duos","14":"product_cat-some-by-mi","16":"first","17":"instock","18":"sale","19":"shipping-taxable","20":"purchasable","21":"product-type-simple"},"aioseo_notices":[],"jetpack_sharing_enabled":true,"_links":{"self":[{"href":"https:\/\/k-beautyci.com\/fr\/wp-json\/wp\/v2\/product\/344","targetHints":{"allow":["GET"]}}],"collection":[{"href":"https:\/\/k-beautyci.com\/fr\/wp-json\/wp\/v2\/product"}],"about":[{"href":"https:\/\/k-beautyci.com\/fr\/wp-json\/wp\/v2\/types\/product"}],"replies":[{"embeddable":true,"href":"https:\/\/k-beautyci.com\/fr\/wp-json\/wp\/v2\/comments?post=344"}],"wp:featuredmedia":[{"embeddable":true,"href":"https:\/\/k-beautyci.com\/fr\/wp-json\/wp\/v2\/media\/10388"}],"wp:attachment":[{"href":"https:\/\/k-beautyci.com\/fr\/wp-json\/wp\/v2\/media?parent=344"}],"wp:term":[{"taxonomy":"product_brand","embeddable":true,"href":"https:\/\/k-beautyci.com\/fr\/wp-json\/wp\/v2\/product_brand?post=344"},{"taxonomy":"product_cat","embeddable":true,"href":"https:\/\/k-beautyci.com\/fr\/wp-json\/wp\/v2\/product_cat?post=344"},{"taxonomy":"product_tag","embeddable":true,"href":"https:\/\/k-beautyci.com\/fr\/wp-json\/wp\/v2\/product_tag?post=344"}],"curies":[{"name":"wp","href":"https:\/\/api.w.org\/{rel}","templated":true}]}}