{"id":3436,"date":"2024-03-11T21:56:53","date_gmt":"2024-03-11T21:56:53","guid":{"rendered":"https:\/\/k-beautyci.com\/?post_type=product&#038;p=3436"},"modified":"2025-08-10T21:52:09","modified_gmt":"2025-08-10T21:52:09","slug":"some-by-mi-snail-truecica-miracle-repair-toner","status":"publish","type":"product","link":"https:\/\/k-beautyci.com\/fr\/produit\/some-by-mi-snail-truecica-miracle-repair-toner\/","title":{"rendered":"SOME BY MI Snail Truecica Miracle Repair Toner"},"content":{"rendered":"<p><b>Comment l'utiliser :<\/b><\/p>\n<div class=\"description-item active\">\n<div class=\"body\">\n<p>Apr\u00e8s le nettoyage, appliquer une quantit\u00e9 ad\u00e9quate sur la peau et tapoter d\u00e9licatement pour faire p\u00e9n\u00e9trer le produit.<\/p>\n<p>Avertissement : Pour usage externe uniquement. Toujours effectuer un test \u00e9picutan\u00e9. Cessez d'utiliser le produit si vous ressentez une quelconque g\u00eane. Suivre les instructions suppl\u00e9mentaires figurant sur l'emballage. Les r\u00e9sultats individuels peuvent varier.<\/p>\n<\/div>\n<\/div>\n<div class=\"description-item\">\n<h2 class=\"title\"><\/h2>\n<\/div>","protected":false},"excerpt":{"rendered":"<p>Formul\u00e9 \u00e0 partir d'extrait d'escargot noir, d'escargot truecica et d'une combinaison brevet\u00e9e d'extraits de plantes, ce tonique rafra\u00eechissant et hydratant a des effets blanchissants et antirides. Il utilise le puissant pouvoir r\u00e9g\u00e9n\u00e9rateur de l'escargot pour renforcer la barri\u00e8re cutan\u00e9e, soigner les peaux ab\u00eem\u00e9es et apaiser les peaux sensibles, tandis que sa solution sp\u00e9ciale de soin des taches d'acn\u00e9 stoppe la production de m\u00e9lanine, prot\u00e8ge la peau des rayons ultraviolets et r\u00e9duit efficacement les cicatrices d'acn\u00e9 et l'hyperpigmentation.<\/p>","protected":false},"featured_media":3439,"comment_status":"open","ping_status":"closed","template":"","meta":{"om_disable_all_campaigns":false},"product_brand":[],"product_cat":[60,57,39,86,85],"product_tag":[],"class_list":{"0":"post-3436","1":"product","2":"type-product","3":"status-publish","4":"has-post-thumbnail","6":"product_cat-acne","7":"product_cat-anti-aging","8":"product_cat-face-toners","9":"product_cat-snail-mucin","10":"product_cat-some-by-mi","12":"first","13":"outofstock","14":"sale","15":"shipping-taxable","16":"purchasable","17":"product-type-simple"},"aioseo_notices":[],"jetpack_sharing_enabled":true,"_links":{"self":[{"href":"https:\/\/k-beautyci.com\/fr\/wp-json\/wp\/v2\/product\/3436","targetHints":{"allow":["GET"]}}],"collection":[{"href":"https:\/\/k-beautyci.com\/fr\/wp-json\/wp\/v2\/product"}],"about":[{"href":"https:\/\/k-beautyci.com\/fr\/wp-json\/wp\/v2\/types\/product"}],"replies":[{"embeddable":true,"href":"https:\/\/k-beautyci.com\/fr\/wp-json\/wp\/v2\/comments?post=3436"}],"wp:featuredmedia":[{"embeddable":true,"href":"https:\/\/k-beautyci.com\/fr\/wp-json\/wp\/v2\/media\/3439"}],"wp:attachment":[{"href":"https:\/\/k-beautyci.com\/fr\/wp-json\/wp\/v2\/media?parent=3436"}],"wp:term":[{"taxonomy":"product_brand","embeddable":true,"href":"https:\/\/k-beautyci.com\/fr\/wp-json\/wp\/v2\/product_brand?post=3436"},{"taxonomy":"product_cat","embeddable":true,"href":"https:\/\/k-beautyci.com\/fr\/wp-json\/wp\/v2\/product_cat?post=3436"},{"taxonomy":"product_tag","embeddable":true,"href":"https:\/\/k-beautyci.com\/fr\/wp-json\/wp\/v2\/product_tag?post=3436"}],"curies":[{"name":"wp","href":"https:\/\/api.w.org\/{rel}","templated":true}]}}