{"id":3432,"date":"2024-03-11T21:57:06","date_gmt":"2024-03-11T21:57:06","guid":{"rendered":"https:\/\/k-beautyci.com\/?post_type=product&#038;p=3432"},"modified":"2024-09-10T14:03:42","modified_gmt":"2024-09-10T14:03:42","slug":"some-by-mi-miracle-ac-clear-spot-treatment-10ml","status":"publish","type":"product","link":"https:\/\/k-beautyci.com\/fr\/produit\/some-by-mi-miracle-ac-clear-spot-treatment-10ml\/","title":{"rendered":"SOME BY MI Miracle AC Clear Spot Treatment 10ml"},"content":{"rendered":"<p>Comment l'utiliser :<\/p>\n<p>A utiliser pendant la nuit. Distribuer et appliquer une quantit\u00e9 mod\u00e9r\u00e9e sur les zones concern\u00e9es, directement ou \u00e0 l'aide d'un coton-tige.<\/p>\n<p>Toujours effectuer un test \u00e9picutan\u00e9. Utiliser uniquement selon les instructions. Ne pas utiliser sur une peau ab\u00eem\u00e9e. Si l'irritation ou l'inconfort persistent, cesser l'utilisation et consulter un m\u00e9decin. Suivre les instructions suppl\u00e9mentaires figurant sur l'emballage. Avant de s'exposer au soleil, il est recommand\u00e9 aux utilisateurs de couvrir les zones o\u00f9 les AHA ont \u00e9t\u00e9 appliqu\u00e9s avec un \u00e9cran solaire. Le contact du produit avec la peau doit \u00eatre limit\u00e9 en fr\u00e9quence et en dur\u00e9e. Les r\u00e9sultats individuels peuvent varier.<\/p>","protected":false},"excerpt":{"rendered":"<p>Laissez ce traitement des taches \u00e9liminer l'exc\u00e8s de s\u00e9bum et traiter les impuret\u00e9s pour que votre peau soit douce et propre. Ce traitement v\u00e9g\u00e9talien contre les taches, formul\u00e9 \u00e0 partir d'extraits de feuilles de ginkgo, de fruits de figuier, de fausse marguerite et d'absinthe, soulage les \u00e9ruptions cutan\u00e9es tout en apportant un soin apaisant, permet de retrouver une peau saine. Le produit contient \u00e9galement des AHA, BHA, PHA et LHA pour exfolier les cellules mortes de la peau et contr\u00f4ler la production de s\u00e9bum.<\/p>","protected":false},"featured_media":3435,"comment_status":"open","ping_status":"closed","template":"","meta":{"om_disable_all_campaigns":false},"product_brand":[],"product_cat":[60,78,52,31,33,85],"product_tag":[],"class_list":{"0":"post-3432","1":"product","2":"type-product","3":"status-publish","4":"has-post-thumbnail","6":"product_cat-acne","7":"product_cat-aha-bha","8":"product_cat-dark-spots","9":"product_cat-face-serums","10":"product_cat-face-treatments","11":"product_cat-some-by-mi","13":"first","14":"outofstock","15":"shipping-taxable","16":"purchasable","17":"product-type-simple"},"aioseo_notices":[],"jetpack_sharing_enabled":true,"_links":{"self":[{"href":"https:\/\/k-beautyci.com\/fr\/wp-json\/wp\/v2\/product\/3432","targetHints":{"allow":["GET"]}}],"collection":[{"href":"https:\/\/k-beautyci.com\/fr\/wp-json\/wp\/v2\/product"}],"about":[{"href":"https:\/\/k-beautyci.com\/fr\/wp-json\/wp\/v2\/types\/product"}],"replies":[{"embeddable":true,"href":"https:\/\/k-beautyci.com\/fr\/wp-json\/wp\/v2\/comments?post=3432"}],"wp:featuredmedia":[{"embeddable":true,"href":"https:\/\/k-beautyci.com\/fr\/wp-json\/wp\/v2\/media\/3435"}],"wp:attachment":[{"href":"https:\/\/k-beautyci.com\/fr\/wp-json\/wp\/v2\/media?parent=3432"}],"wp:term":[{"taxonomy":"product_brand","embeddable":true,"href":"https:\/\/k-beautyci.com\/fr\/wp-json\/wp\/v2\/product_brand?post=3432"},{"taxonomy":"product_cat","embeddable":true,"href":"https:\/\/k-beautyci.com\/fr\/wp-json\/wp\/v2\/product_cat?post=3432"},{"taxonomy":"product_tag","embeddable":true,"href":"https:\/\/k-beautyci.com\/fr\/wp-json\/wp\/v2\/product_tag?post=3432"}],"curies":[{"name":"wp","href":"https:\/\/api.w.org\/{rel}","templated":true}]}}