{"id":3428,"date":"2024-03-11T21:57:26","date_gmt":"2024-03-11T21:57:26","guid":{"rendered":"https:\/\/k-beautyci.com\/?post_type=product&#038;p=3428"},"modified":"2024-12-22T19:24:38","modified_gmt":"2024-12-22T19:24:38","slug":"isntree-yam-root-vegan-milk-cleanser-220ml","status":"publish","type":"product","link":"https:\/\/k-beautyci.com\/fr\/produit\/isntree-yam-root-vegan-milk-cleanser-220ml\/","title":{"rendered":"ISNTREE Yam Root Vegan Milk Cleanser 220ml"},"content":{"rendered":"<p>Comment l'utiliser :<\/p>\n<div class=\"description-item active\">\n<div class=\"body\">\n<p>Masser doucement sur la peau s\u00e8che jusqu'\u00e0 ce que le maquillage et les impuret\u00e9s fondent. Ajouter de l'eau pour faire mousser et continuer \u00e0 masser. Rincer abondamment \u00e0 l'eau ti\u00e8de.<\/p>\n<p>Avertissement : Pour usage externe uniquement. Toujours effectuer un test \u00e9picutan\u00e9. Cessez d'utiliser le produit si vous ressentez une quelconque g\u00eane. Suivre les instructions suppl\u00e9mentaires figurant sur l'emballage. Les r\u00e9sultats individuels peuvent varier.<\/p>\n<\/div>\n<\/div>\n<div class=\"description-item\">\n<h2 class=\"title\"><\/h2>\n<div class=\"body\"><\/div>\n<\/div>","protected":false},"excerpt":{"rendered":"<p>Lait nettoyant v\u00e9g\u00e9talien et sans cruaut\u00e9 qui \u00e9limine en douceur les impuret\u00e9s et la salet\u00e9 tout en maintenant le niveau d'hydratation de la peau. L'extrait de racine d'igname d'Andong est riche en acides amin\u00e9s qui apaisent la peau et forment une barri\u00e8re protectrice qui emprisonne l'humidit\u00e9. Les extraits v\u00e9g\u00e9taux, dont le fruit de la noix de coco, le riz, le soja, les graines d'amandes douces et la farine d'avoine, nourrissent la peau pour lui donner une apparence saine.<\/p>","protected":false},"featured_media":3429,"comment_status":"open","ping_status":"closed","template":"","meta":{"om_disable_all_campaigns":false},"product_brand":[],"product_cat":[35,90],"product_tag":[],"class_list":{"0":"post-3428","1":"product","2":"type-product","3":"status-publish","4":"has-post-thumbnail","6":"product_cat-face-cleansers","7":"product_cat-isntree","9":"first","10":"outofstock","11":"shipping-taxable","12":"purchasable","13":"product-type-simple"},"aioseo_notices":[],"jetpack_sharing_enabled":true,"_links":{"self":[{"href":"https:\/\/k-beautyci.com\/fr\/wp-json\/wp\/v2\/product\/3428","targetHints":{"allow":["GET"]}}],"collection":[{"href":"https:\/\/k-beautyci.com\/fr\/wp-json\/wp\/v2\/product"}],"about":[{"href":"https:\/\/k-beautyci.com\/fr\/wp-json\/wp\/v2\/types\/product"}],"replies":[{"embeddable":true,"href":"https:\/\/k-beautyci.com\/fr\/wp-json\/wp\/v2\/comments?post=3428"}],"wp:featuredmedia":[{"embeddable":true,"href":"https:\/\/k-beautyci.com\/fr\/wp-json\/wp\/v2\/media\/3429"}],"wp:attachment":[{"href":"https:\/\/k-beautyci.com\/fr\/wp-json\/wp\/v2\/media?parent=3428"}],"wp:term":[{"taxonomy":"product_brand","embeddable":true,"href":"https:\/\/k-beautyci.com\/fr\/wp-json\/wp\/v2\/product_brand?post=3428"},{"taxonomy":"product_cat","embeddable":true,"href":"https:\/\/k-beautyci.com\/fr\/wp-json\/wp\/v2\/product_cat?post=3428"},{"taxonomy":"product_tag","embeddable":true,"href":"https:\/\/k-beautyci.com\/fr\/wp-json\/wp\/v2\/product_tag?post=3428"}],"curies":[{"name":"wp","href":"https:\/\/api.w.org\/{rel}","templated":true}]}}