{"id":342,"date":"2023-03-05T22:19:36","date_gmt":"2023-03-05T22:19:36","guid":{"rendered":"https:\/\/k-beautyci.com\/?post_type=product&#038;p=342"},"modified":"2025-12-19T17:37:44","modified_gmt":"2025-12-19T17:37:44","slug":"some-by-mi-snail-truecica-miracle-repair-starter-kit","status":"publish","type":"product","link":"https:\/\/k-beautyci.com\/fr\/produit\/some-by-mi-snail-truecica-miracle-repair-starter-kit\/","title":{"rendered":"Some By Mi Snail Truecica Miracle Repair Starter Kit"},"content":{"rendered":"<p>Ce kit Snail Truecica est livr\u00e9 avec :<\/p>\n<ul>\n<li>Gel Cleanser 30ml<\/li>\n<li>Tonique 30ml<\/li>\n<li>Serum 10ml<\/li>\n<li>Cream 20g<\/li>\n<\/ul>\n<p>&nbsp;<\/p>\n<p><b>Avantages :<\/b><\/p>\n<ul>\n<li>Une routine de soins de la peau en 4 \u00e9tapes avec Snail Truecica.<\/li>\n<li>Formul\u00e9 avec de l'extrait d'escargot noir + Truecica pour nourrir et apaiser.<\/li>\n<\/ul>\n<p><b>Gel nettoyant :<\/b><\/p>\n<ul>\n<li>Un nettoyant l\u00e9g\u00e8rement acide qui laisse la peau hydrat\u00e9e apr\u00e8s le nettoyage.<\/li>\n<li>Renforce la barri\u00e8re cutan\u00e9e gr\u00e2ce \u00e0 5 types de c\u00e9ramides, au complexe amin\u00e9 et aux peptides.<\/li>\n<\/ul>\n<p><b>Tonique:<\/b><\/p>\n<ul>\n<li>Contient du Niacinamide pour \u00e9claircir la peau.<\/li>\n<li>Le complexe de fleurs blanches unifie la peau.<\/li>\n<li>Prot\u00e8ge et nourrit la peau gr\u00e2ce au Botaniceutical Plus-10 brevet\u00e9.<\/li>\n<\/ul>\n<p><b>S\u00e9rum :<\/b><\/p>\n<ul>\n<li>L'extrait de sauge apaise la barri\u00e8re cutan\u00e9e.<\/li>\n<li>Hydrate et prot\u00e8ge la peau gr\u00e2ce \u00e0 l'allanto\u00efne.<\/li>\n<li>Dissout les cellules mortes de la peau gr\u00e2ce \u00e0 l'extrait d'\u00e9corce de saule.<\/li>\n<\/ul>\n<p><b>Cr\u00e8me :<\/b><\/p>\n<ul>\n<li>Apaise rapidement les peaux irrit\u00e9es gr\u00e2ce \u00e0 420 000 ppm de Truecica d'escargot.<\/li>\n<li>Renforce la barri\u00e8re cutan\u00e9e gr\u00e2ce au c\u00e9ramide et au peptide botanique.<\/li>\n<li>Nourrit la peau gr\u00e2ce au collag\u00e8ne marin et l'\u00e9claircit gr\u00e2ce au niacinamide.<\/li>\n<\/ul>\n<p>&nbsp;<\/p>\n<p><b>Comment l'utiliser :<\/b><\/p>\n<p>1. Utiliser dans l'ordre\u00a0<b>Gel nettoyant<\/b>\u2192<b>Tonique<\/b>\u2192<b>Serum<\/b>\u2192<b>Creme<\/b>.<\/p>\n<p>2. Faites mousser une quantit\u00e9 suffisante de produit nettoyant et massez d\u00e9licatement l'ensemble du visage pour le nettoyer, puis rincez \u00e0 l'eau ti\u00e8de.<\/p>\n<p>3. Appliquer une quantit\u00e9 ad\u00e9quate de tonique puis de s\u00e9rum sur l'ensemble du visage et tapoter d\u00e9licatement pour une meilleure absorption.<\/p>\n<p>4. Appliquer une quantit\u00e9 suffisante sur l'ensemble du visage en suivant la texture de la cr\u00e8me et tapoter d\u00e9licatement pour une meilleure absorption.<\/p>\n<p>&nbsp;<\/p>\n<p>Avertissement : Pour usage externe uniquement. Toujours effectuer un test \u00e9picutan\u00e9. Cessez d'utiliser le produit si vous ressentez une quelconque g\u00eane. Suivre les instructions suppl\u00e9mentaires figurant sur l'emballage. Les r\u00e9sultats individuels peuvent varier.<\/p>","protected":false},"excerpt":{"rendered":"<p>Un kit de d\u00e9part en quatre \u00e9tapes, infus\u00e9 d'extrait d'escargot noir et de Truecica pour un fini revitalisant et apaisant. Le kit comprend un gel nettoyant, un tonique, un s\u00e9rum et une cr\u00e8me. Le gel nettoyant l\u00e9g\u00e8rement acide nettoie en profondeur, hydrate efficacement la peau et renforce la barri\u00e8re cutan\u00e9e gr\u00e2ce \u00e0 un cocktail d'ingr\u00e9dients nourrissants. Le tonique favorise un teint lumineux et uniforme gr\u00e2ce au complexe de fleurs blanches, tandis que le Botaniceutical Plus-10 infus\u00e9 et brevet\u00e9 renforce la peau. Le s\u00e9rum contient de l'extrait de sauge et de l'extrait d'\u00e9corce de saule pour dissoudre les cellules mortes et apaiser les peaux irrit\u00e9es. La cr\u00e8me procure un apaisement durable et une nutrition intensive gr\u00e2ce \u00e0 420 000 ppm d'escargot Truecica, pour une peau claire, lumineuse et douce comme de la soie.<\/p>","protected":false},"featured_media":435,"comment_status":"open","ping_status":"closed","template":"","meta":{"om_disable_all_campaigns":false},"product_brand":[],"product_cat":[35,26,31,39,33,64,86,85],"product_tag":[],"class_list":{"0":"post-342","1":"product","2":"type-product","3":"status-publish","4":"has-post-thumbnail","6":"product_cat-face-cleansers","7":"product_cat-face-moisturizer","8":"product_cat-face-serums","9":"product_cat-face-toners","10":"product_cat-face-treatments","11":"product_cat-kits-duos","12":"product_cat-snail-mucin","13":"product_cat-some-by-mi","15":"first","16":"outofstock","17":"sale","18":"shipping-taxable","19":"purchasable","20":"product-type-simple"},"aioseo_notices":[],"jetpack_sharing_enabled":true,"_links":{"self":[{"href":"https:\/\/k-beautyci.com\/fr\/wp-json\/wp\/v2\/product\/342","targetHints":{"allow":["GET"]}}],"collection":[{"href":"https:\/\/k-beautyci.com\/fr\/wp-json\/wp\/v2\/product"}],"about":[{"href":"https:\/\/k-beautyci.com\/fr\/wp-json\/wp\/v2\/types\/product"}],"replies":[{"embeddable":true,"href":"https:\/\/k-beautyci.com\/fr\/wp-json\/wp\/v2\/comments?post=342"}],"wp:featuredmedia":[{"embeddable":true,"href":"https:\/\/k-beautyci.com\/fr\/wp-json\/wp\/v2\/media\/435"}],"wp:attachment":[{"href":"https:\/\/k-beautyci.com\/fr\/wp-json\/wp\/v2\/media?parent=342"}],"wp:term":[{"taxonomy":"product_brand","embeddable":true,"href":"https:\/\/k-beautyci.com\/fr\/wp-json\/wp\/v2\/product_brand?post=342"},{"taxonomy":"product_cat","embeddable":true,"href":"https:\/\/k-beautyci.com\/fr\/wp-json\/wp\/v2\/product_cat?post=342"},{"taxonomy":"product_tag","embeddable":true,"href":"https:\/\/k-beautyci.com\/fr\/wp-json\/wp\/v2\/product_tag?post=342"}],"curies":[{"name":"wp","href":"https:\/\/api.w.org\/{rel}","templated":true}]}}