{"id":338,"date":"2023-03-05T22:06:17","date_gmt":"2023-03-05T22:06:17","guid":{"rendered":"https:\/\/k-beautyci.com\/?post_type=product&#038;p=338"},"modified":"2025-12-30T09:10:54","modified_gmt":"2025-12-30T09:10:54","slug":"some-by-mi-aha-bha-pha-30-days-miracle-ac-sos-kit","status":"publish","type":"product","link":"https:\/\/k-beautyci.com\/fr\/produit\/some-by-mi-aha-bha-pha-30-days-miracle-ac-sos-kit\/","title":{"rendered":"Some By Mi AHA, BHA, PHA 30 Days Miracle AC SOS Kit"},"content":{"rendered":"<p>Ce kit AHA, BHA, PHA 30 Days AC SOS comprend<\/p>\n<ul>\n<li>Mousse Miracle Acn\u00e9 Clear 30ml<\/li>\n<li>Tonique Miracle 30ml<\/li>\n<li>S\u00e9rum Miracle 10ml<\/li>\n<li>Cr\u00e8me miracle 20g<\/li>\n<\/ul>\n<p>&nbsp;<\/p>\n<p><b>Avantages :<\/b><\/p>\n<ul>\n<li>Test d'irritation cutan\u00e9e effectu\u00e9.<\/li>\n<li>4 \u00e9tapes des produits de la ligne AC pour les soins urgents de la peau.<\/li>\n<li>Avec AHA pour exfolier les impuret\u00e9s de la peau et les cellules mortes.<\/li>\n<li>Avec BHA pour \u00e9liminer la salet\u00e9 de la peau et le s\u00e9bum \u00e0 l'int\u00e9rieur des pores.<\/li>\n<li>Avec PHA pour dissoudre les cellules mortes de la peau pour une exfoliation non irritante.<\/li>\n<li>Exempt de 20 ingr\u00e9dients nocifs. Formul\u00e9 avec des ingr\u00e9dients d'origine naturelle.<\/li>\n<\/ul>\n<p><b>Clear Foam:<\/b><\/p>\n<ul>\n<li>Nettoie les impuret\u00e9s de la peau \u00e0 l'int\u00e9rieur des pores et \u00e9limine l'exc\u00e8s de s\u00e9bum.<\/li>\n<li>Il est prouv\u00e9 qu'il a pour fonction d'att\u00e9nuer l'acn\u00e9 de la peau.<\/li>\n<\/ul>\n<p><b>Tonique Miracle 30ml<\/b><\/p>\n<ul>\n<li>Apaise la peau irrit\u00e9e tout en \u00e9liminant en douceur les cellules mortes.<\/li>\n<li>Il a pass\u00e9 le test \"Convient aux peaux acn\u00e9iques\".<\/li>\n<\/ul>\n<p><b>S\u00e9rum Miracle 10ml<\/b><\/p>\n<ul>\n<li>Apaise les peaux irrit\u00e9es et \u00e0 probl\u00e8mes.<\/li>\n<li>Offre un soin huile-humidit\u00e9 en optimisant le rapport entre l'eau et l'huile.<\/li>\n<\/ul>\n<p><b>Cr\u00e8me miracle 20g<\/b><\/p>\n<ul>\n<li>Hydrate la peau et renforce la barri\u00e8re cutan\u00e9e.<\/li>\n<li>Prot\u00e8ge la peau des agressions ext\u00e9rieures gr\u00e2ce \u00e0 4-Cica Care.<\/li>\n<\/ul>\n<p>&nbsp;<\/p>\n<p><b>Comment l'utiliser :<\/b><\/p>\n<p>1. Utiliser dans l'ordre suivant : mousse \u2192 tonique \u2192 s\u00e9rum \u2192 cr\u00e8me.<\/p>\n<p>2. Faire mousser une quantit\u00e9 suffisante de mousse, l'appliquer sur le visage et masser d\u00e9licatement pour le nettoyer.<\/p>\n<p>3. Apr\u00e8s le nettoyage, appliquer une quantit\u00e9 ad\u00e9quate de tonique sur le grain de la peau et tapoter d\u00e9licatement pour une meilleure absorption.<\/p>\n<p>4. Appliquer une quantit\u00e9 suffisante de s\u00e9rum et de cr\u00e8me sur le grain de la peau et tapoter doucement pour une meilleure absorption.<\/p>\n<p>&nbsp;<\/p>\n<p>Avertissement : Pour usage externe uniquement. Toujours effectuer un test \u00e9picutan\u00e9. Cessez d'utiliser le produit si vous ressentez une quelconque g\u00eane. Suivre les instructions suppl\u00e9mentaires figurant sur l'emballage. Les r\u00e9sultats individuels peuvent varier.<\/p>","protected":false},"excerpt":{"rendered":"<p>La peau est douce et nette gr\u00e2ce \u00e0 ce kit AHA, BHA, PHA 30 Days Miracle AC SOS Kit qui comprend quatre produits faciles \u00e0 transporter ! La mousse Miracle Acne Clear Foam \u00e9limine les impuret\u00e9s et l'exc\u00e8s de s\u00e9bum des pores tandis que le Miracle Toner apaise et hydrate la peau. Poursuivez avec le S\u00e9rum Miracle pour combattre l'acn\u00e9 et \u00e9quilibrer les niveaux de s\u00e9bum et d'eau de la peau. Terminez par la Miracle Cream formul\u00e9e avec du cica pour calmer et renforcer la peau avec des effets durables.<\/p>","protected":false},"featured_media":5043,"comment_status":"open","ping_status":"closed","template":"","meta":{"om_disable_all_campaigns":false},"product_brand":[],"product_cat":[60,78,52,35,26,31,39,33,64,85],"product_tag":[],"class_list":{"0":"post-338","1":"product","2":"type-product","3":"status-publish","4":"has-post-thumbnail","6":"product_cat-acne","7":"product_cat-aha-bha","8":"product_cat-dark-spots","9":"product_cat-face-cleansers","10":"product_cat-face-moisturizer","11":"product_cat-face-serums","12":"product_cat-face-toners","13":"product_cat-face-treatments","14":"product_cat-kits-duos","15":"product_cat-some-by-mi","17":"first","18":"outofstock","19":"sale","20":"shipping-taxable","21":"purchasable","22":"product-type-simple"},"aioseo_notices":[],"jetpack_sharing_enabled":true,"_links":{"self":[{"href":"https:\/\/k-beautyci.com\/fr\/wp-json\/wp\/v2\/product\/338","targetHints":{"allow":["GET"]}}],"collection":[{"href":"https:\/\/k-beautyci.com\/fr\/wp-json\/wp\/v2\/product"}],"about":[{"href":"https:\/\/k-beautyci.com\/fr\/wp-json\/wp\/v2\/types\/product"}],"replies":[{"embeddable":true,"href":"https:\/\/k-beautyci.com\/fr\/wp-json\/wp\/v2\/comments?post=338"}],"wp:featuredmedia":[{"embeddable":true,"href":"https:\/\/k-beautyci.com\/fr\/wp-json\/wp\/v2\/media\/5043"}],"wp:attachment":[{"href":"https:\/\/k-beautyci.com\/fr\/wp-json\/wp\/v2\/media?parent=338"}],"wp:term":[{"taxonomy":"product_brand","embeddable":true,"href":"https:\/\/k-beautyci.com\/fr\/wp-json\/wp\/v2\/product_brand?post=338"},{"taxonomy":"product_cat","embeddable":true,"href":"https:\/\/k-beautyci.com\/fr\/wp-json\/wp\/v2\/product_cat?post=338"},{"taxonomy":"product_tag","embeddable":true,"href":"https:\/\/k-beautyci.com\/fr\/wp-json\/wp\/v2\/product_tag?post=338"}],"curies":[{"name":"wp","href":"https:\/\/api.w.org\/{rel}","templated":true}]}}