{"id":336,"date":"2023-03-05T21:59:03","date_gmt":"2023-03-05T21:59:03","guid":{"rendered":"https:\/\/k-beautyci.com\/?post_type=product&#038;p=336"},"modified":"2024-09-29T01:39:40","modified_gmt":"2024-09-29T01:39:40","slug":"some-by-mi-propolis-b5-glow-barrier-calming-toner","status":"publish","type":"product","link":"https:\/\/k-beautyci.com\/fr\/produit\/some-by-mi-propolis-b5-glow-barrier-calming-toner\/","title":{"rendered":"Some By Mi Propolis B5 Glow Barrier Calming Toner"},"content":{"rendered":"<p><b>Avantages :<\/b><\/p>\n<ul>\n<li>Ce tonique nourrissant pour la peau contient 65% de propolis qui renforce le niveau d'hydratation de la peau tout en am\u00e9liorant sa texture.<\/li>\n<li>Il aide \u00e0 pr\u00e9parer la peau apr\u00e8s le nettoyage et \u00e0 maximiser les b\u00e9n\u00e9fices des \u00e9tapes suivantes.<\/li>\n<\/ul>\n<p><b>Comment l'utiliser :<\/b><\/p>\n<ul>\n<li>Apr\u00e8s le nettoyage, r\u00e9partir une quantit\u00e9 mod\u00e9r\u00e9e de tonique sur un coton et l'appliquer d\u00e9licatement sur le grain de la peau.<\/li>\n<\/ul>\n<p>&nbsp;<\/p>\n<p>Avertissement : Pour usage externe uniquement. Toujours effectuer un test \u00e9picutan\u00e9. Cessez d'utiliser le produit si vous ressentez une quelconque g\u00eane. Suivre les instructions suppl\u00e9mentaires figurant sur l'emballage. Les r\u00e9sultats individuels peuvent varier.<\/p>","protected":false},"excerpt":{"rendered":"<p>Appliquez ce tonique doux sur la peau nettoy\u00e9e pour la rendre extr\u00eamement douce et hydrat\u00e9e, gr\u00e2ce aux 65 % de propolis qu'il contient. La formule r\u00e9tablit l'\u00e9quilibre de la peau et la pr\u00e9pare aux \u00e9tapes suivantes de votre routine de soins.<\/p>","protected":false},"featured_media":337,"comment_status":"open","ping_status":"closed","template":"","meta":{"om_disable_all_campaigns":false},"product_brand":[],"product_cat":[39,73,85],"product_tag":[],"class_list":{"0":"post-336","1":"product","2":"type-product","3":"status-publish","4":"has-post-thumbnail","6":"product_cat-face-toners","7":"product_cat-propolis","8":"product_cat-some-by-mi","10":"first","11":"outofstock","12":"shipping-taxable","13":"purchasable","14":"product-type-simple"},"aioseo_notices":[],"jetpack_sharing_enabled":true,"_links":{"self":[{"href":"https:\/\/k-beautyci.com\/fr\/wp-json\/wp\/v2\/product\/336","targetHints":{"allow":["GET"]}}],"collection":[{"href":"https:\/\/k-beautyci.com\/fr\/wp-json\/wp\/v2\/product"}],"about":[{"href":"https:\/\/k-beautyci.com\/fr\/wp-json\/wp\/v2\/types\/product"}],"replies":[{"embeddable":true,"href":"https:\/\/k-beautyci.com\/fr\/wp-json\/wp\/v2\/comments?post=336"}],"wp:featuredmedia":[{"embeddable":true,"href":"https:\/\/k-beautyci.com\/fr\/wp-json\/wp\/v2\/media\/337"}],"wp:attachment":[{"href":"https:\/\/k-beautyci.com\/fr\/wp-json\/wp\/v2\/media?parent=336"}],"wp:term":[{"taxonomy":"product_brand","embeddable":true,"href":"https:\/\/k-beautyci.com\/fr\/wp-json\/wp\/v2\/product_brand?post=336"},{"taxonomy":"product_cat","embeddable":true,"href":"https:\/\/k-beautyci.com\/fr\/wp-json\/wp\/v2\/product_cat?post=336"},{"taxonomy":"product_tag","embeddable":true,"href":"https:\/\/k-beautyci.com\/fr\/wp-json\/wp\/v2\/product_tag?post=336"}],"curies":[{"name":"wp","href":"https:\/\/api.w.org\/{rel}","templated":true}]}}