{"id":334,"date":"2023-03-05T21:52:32","date_gmt":"2023-03-05T21:52:32","guid":{"rendered":"https:\/\/k-beautyci.com\/?post_type=product&#038;p=334"},"modified":"2026-01-30T17:34:06","modified_gmt":"2026-01-30T17:34:06","slug":"beauty-of-joseon-apricot-blossom-peeling-gel","status":"publish","type":"product","link":"https:\/\/k-beautyci.com\/fr\/produit\/beauty-of-joseon-apricot-blossom-peeling-gel\/","title":{"rendered":"Beauty of Joseon Apricot Blossom Peeling Gel"},"content":{"rendered":"<p><b>Benefits<\/b><\/p>\n<ul>\n<li>Exfoliant physique \u00e0 la texture gommante douce et hydratante pour un gommage en douceur sans irriter la peau.<\/li>\n<li>La cellulose d'origine v\u00e9g\u00e9tale \u00e9limine en douceur les cellules mortes et les impuret\u00e9s de la peau.<\/li>\n<li>Infus\u00e9 avec 19% d'eau de fleur de prunier pour purifier et hydrater la peau pour une expression hydrat\u00e9e et lisse.<\/li>\n<li>Aide \u00e0 pr\u00e9venir le vieillissement de la peau et la pigmentation pour une peau claire et jeune.<\/li>\n<li>Sans PEG, huile essentielle, huile de silicone, parab\u00e8ne, ph\u00e9noxy\u00e9thanol, parfum artificiel, colorants artificiels.<\/li>\n<\/ul>\n<p><b>Comment l'utiliser :<\/b><\/p>\n<p>1. Appliquer une quantit\u00e9 suffisante sur le visage sec en \u00e9vitant le contour des yeux.<\/p>\n<p>2. Masser doucement pendant environ 20 secondes. Rincer \u00e0 l'eau ti\u00e8de.<\/p>\n<p>3. Utilisez-le 1 \u00e0 2 fois par semaine en fonction de l'\u00e9tat de votre peau.<\/p>\n<p>&nbsp;<\/p>\n<p>Avertissement : Pour usage externe uniquement. Toujours effectuer un test \u00e9picutan\u00e9. Cessez d'utiliser le produit si vous ressentez une quelconque g\u00eane. Suivre les instructions suppl\u00e9mentaires figurant sur l'emballage. Les r\u00e9sultats individuels peuvent varier.<\/p>","protected":false},"excerpt":{"rendered":"<p>Cet exfoliant doux est indispensable pour \u00e9liminer les cellules mortes et favoriser une peau claire et lumineuse. Sa formule non irritante contient de la cellulose d'origine v\u00e9g\u00e9tale pour d\u00e9barrasser la peau de ses impuret\u00e9s et 19 % d'eau de fleur de prunier pour l'hydrater. Formul\u00e9 sans PEG, sans huiles essentielles, sans parab\u00e8nes, sans colorants ni parfums artificiels, ce produit convient aux peaux sensibles.<\/p>","protected":false},"featured_media":367,"comment_status":"open","ping_status":"closed","template":"","meta":{"om_disable_all_campaigns":false},"product_brand":[],"product_cat":[82,61],"product_tag":[],"class_list":{"0":"post-334","1":"product","2":"type-product","3":"status-publish","4":"has-post-thumbnail","6":"product_cat-beauty-of-joseon","7":"product_cat-face-exfoliator-peels-scrubs","9":"first","10":"instock","11":"shipping-taxable","12":"purchasable","13":"product-type-simple"},"aioseo_notices":[],"jetpack_sharing_enabled":true,"_links":{"self":[{"href":"https:\/\/k-beautyci.com\/fr\/wp-json\/wp\/v2\/product\/334","targetHints":{"allow":["GET"]}}],"collection":[{"href":"https:\/\/k-beautyci.com\/fr\/wp-json\/wp\/v2\/product"}],"about":[{"href":"https:\/\/k-beautyci.com\/fr\/wp-json\/wp\/v2\/types\/product"}],"replies":[{"embeddable":true,"href":"https:\/\/k-beautyci.com\/fr\/wp-json\/wp\/v2\/comments?post=334"}],"wp:featuredmedia":[{"embeddable":true,"href":"https:\/\/k-beautyci.com\/fr\/wp-json\/wp\/v2\/media\/367"}],"wp:attachment":[{"href":"https:\/\/k-beautyci.com\/fr\/wp-json\/wp\/v2\/media?parent=334"}],"wp:term":[{"taxonomy":"product_brand","embeddable":true,"href":"https:\/\/k-beautyci.com\/fr\/wp-json\/wp\/v2\/product_brand?post=334"},{"taxonomy":"product_cat","embeddable":true,"href":"https:\/\/k-beautyci.com\/fr\/wp-json\/wp\/v2\/product_cat?post=334"},{"taxonomy":"product_tag","embeddable":true,"href":"https:\/\/k-beautyci.com\/fr\/wp-json\/wp\/v2\/product_tag?post=334"}],"curies":[{"name":"wp","href":"https:\/\/api.w.org\/{rel}","templated":true}]}}