{"id":331,"date":"2023-03-05T21:44:03","date_gmt":"2023-03-05T21:44:03","guid":{"rendered":"https:\/\/k-beautyci.com\/?post_type=product&#038;p=331"},"modified":"2026-04-16T11:54:48","modified_gmt":"2026-04-16T11:54:48","slug":"beauty-of-joseon-ginseng-essence-water","status":"publish","type":"product","link":"https:\/\/k-beautyci.com\/fr\/produit\/beauty-of-joseon-ginseng-essence-water\/","title":{"rendered":"Beauty of Joseon Ginseng Essence Water"},"content":{"rendered":"<p><b>Avantages :<\/b><\/p>\n<ul>\n<li>Un tonique hydratant formul\u00e9 \u00e0 partir de plantes m\u00e9dicinales cor\u00e9ennes traditionnelles qui maintient la peau lisse et revitalis\u00e9e.<\/li>\n<li>Contient 80 % d'eau de racine de ginseng et un complexe de ginseng qui nourrissent la peau s\u00e8che.<\/li>\n<li>Contient 2 % de niacinamide et 0,04 % d'ad\u00e9nosine qui aident \u00e0 contr\u00f4ler la s\u00e9cr\u00e9tion de s\u00e9bum et \u00e0 r\u00e9duire l'apparence des rides.<\/li>\n<\/ul>\n<p><b>Comment l'utiliser :<\/b><\/p>\n<ul>\n<li>Apr\u00e8s le nettoyage, appliquer uniform\u00e9ment une quantit\u00e9 mod\u00e9r\u00e9e sur le visage et tapoter l\u00e9g\u00e8rement pour une meilleure absorption.<\/li>\n<\/ul>\n<p>&nbsp;<\/p>\n<p>Avertissement : Pour usage externe uniquement. Toujours effectuer un test \u00e9picutan\u00e9. Cessez d'utiliser le produit si vous ressentez une quelconque g\u00eane. Suivre les instructions suppl\u00e9mentaires figurant sur l'emballage. Les r\u00e9sultats individuels peuvent varier.<\/p>","protected":false},"excerpt":{"rendered":"<p>Infus\u00e9 avec 80 % d'eau de racine de ginseng ainsi qu'un complexe de ginseng \u00e0 la formulation unique pour revitaliser la peau s\u00e8che et contr\u00f4ler le s\u00e9bum, ce tonique hydratant laisse la peau repulp\u00e9e et sans rides. Sans danger pour les peaux sensibles.<\/p>","protected":false},"featured_media":366,"comment_status":"open","ping_status":"closed","template":"","meta":{"om_disable_all_campaigns":false},"product_brand":[],"product_cat":[82,42,32,39,74,66,41],"product_tag":[],"class_list":{"0":"post-331","1":"product","2":"type-product","3":"status-publish","4":"has-post-thumbnail","6":"product_cat-beauty-of-joseon","7":"product_cat-dry-skin","8":"product_cat-essence","9":"product_cat-face-toners","10":"product_cat-niacinamide","11":"product_cat-normal-combination-skin","12":"product_cat-oily-skin","14":"first","15":"instock","16":"shipping-taxable","17":"purchasable","18":"product-type-simple"},"aioseo_notices":[],"jetpack_sharing_enabled":true,"_links":{"self":[{"href":"https:\/\/k-beautyci.com\/fr\/wp-json\/wp\/v2\/product\/331","targetHints":{"allow":["GET"]}}],"collection":[{"href":"https:\/\/k-beautyci.com\/fr\/wp-json\/wp\/v2\/product"}],"about":[{"href":"https:\/\/k-beautyci.com\/fr\/wp-json\/wp\/v2\/types\/product"}],"replies":[{"embeddable":true,"href":"https:\/\/k-beautyci.com\/fr\/wp-json\/wp\/v2\/comments?post=331"}],"wp:featuredmedia":[{"embeddable":true,"href":"https:\/\/k-beautyci.com\/fr\/wp-json\/wp\/v2\/media\/366"}],"wp:attachment":[{"href":"https:\/\/k-beautyci.com\/fr\/wp-json\/wp\/v2\/media?parent=331"}],"wp:term":[{"taxonomy":"product_brand","embeddable":true,"href":"https:\/\/k-beautyci.com\/fr\/wp-json\/wp\/v2\/product_brand?post=331"},{"taxonomy":"product_cat","embeddable":true,"href":"https:\/\/k-beautyci.com\/fr\/wp-json\/wp\/v2\/product_cat?post=331"},{"taxonomy":"product_tag","embeddable":true,"href":"https:\/\/k-beautyci.com\/fr\/wp-json\/wp\/v2\/product_tag?post=331"}],"curies":[{"name":"wp","href":"https:\/\/api.w.org\/{rel}","templated":true}]}}