{"id":3296,"date":"2024-02-21T16:34:11","date_gmt":"2024-02-21T16:34:11","guid":{"rendered":"https:\/\/k-beautyci.com\/?post_type=product&#038;p=3296"},"modified":"2025-10-19T00:44:32","modified_gmt":"2025-10-19T00:44:32","slug":"kaine-vita-drop-serum-30ml","status":"publish","type":"product","link":"https:\/\/k-beautyci.com\/fr\/produit\/kaine-vita-drop-serum-30ml\/","title":{"rendered":"KAINE Vita Drop Serum 30ml"},"content":{"rendered":"<p>Comment l'utiliser :<\/p>\n<p>Apr\u00e8s avoir tonifi\u00e9 le visage, appliquer une quantit\u00e9 ad\u00e9quate sur le visage et tapoter d\u00e9licatement pour une meilleure absorption.<\/p>\n<p>Avertissement : Pour usage externe uniquement. Toujours effectuer un test \u00e9picutan\u00e9. Cessez d'utiliser le produit si vous ressentez une quelconque g\u00eane. Suivre les instructions suppl\u00e9mentaires figurant sur l'emballage. Les r\u00e9sultats individuels peuvent varier.<\/p>","protected":false},"excerpt":{"rendered":"<p>Laissez votre peau para\u00eetre et se sentir incandescente gr\u00e2ce \u00e0 ce s\u00e9rum, formul\u00e9 avec 73% d'extrait de fruit de l'arbre \u00e0 vitamines pour nourrir les peaux s\u00e8ches.<\/p>\n<ul>\n<li>L'extrait de fruit d'arbre vitamin\u00e9 \u00e0 73% et la vitamine C&amp;E qu'il contient rehaussent l'\u00e9clat naturel de la peau en offrant des bienfaits antioxydants.<\/li>\n<li>Le triple acide hyaluronique hydrate la peau pour lui donner une sensation de jeunesse et de fra\u00eecheur.<\/li>\n<li>Le niacinamide aide \u00e0 r\u00e9duire l'apparence des taches brunes et \u00e0 affiner le grain de la peau pour un teint plus lumineux et plus lisse.<\/li>\n<\/ul>","protected":false},"featured_media":3298,"comment_status":"open","ping_status":"closed","template":"","meta":{"om_disable_all_campaigns":false},"product_brand":[],"product_cat":[31,69,194,74,72],"product_tag":[],"class_list":{"0":"post-3296","1":"product","2":"type-product","3":"status-publish","4":"has-post-thumbnail","6":"product_cat-face-serums","7":"product_cat-hyaluronic-acid","8":"product_cat-kaine","9":"product_cat-niacinamide","10":"product_cat-vitamin-c","12":"first","13":"instock","14":"shipping-taxable","15":"purchasable","16":"product-type-simple"},"aioseo_notices":[],"jetpack_sharing_enabled":true,"_links":{"self":[{"href":"https:\/\/k-beautyci.com\/fr\/wp-json\/wp\/v2\/product\/3296","targetHints":{"allow":["GET"]}}],"collection":[{"href":"https:\/\/k-beautyci.com\/fr\/wp-json\/wp\/v2\/product"}],"about":[{"href":"https:\/\/k-beautyci.com\/fr\/wp-json\/wp\/v2\/types\/product"}],"replies":[{"embeddable":true,"href":"https:\/\/k-beautyci.com\/fr\/wp-json\/wp\/v2\/comments?post=3296"}],"wp:featuredmedia":[{"embeddable":true,"href":"https:\/\/k-beautyci.com\/fr\/wp-json\/wp\/v2\/media\/3298"}],"wp:attachment":[{"href":"https:\/\/k-beautyci.com\/fr\/wp-json\/wp\/v2\/media?parent=3296"}],"wp:term":[{"taxonomy":"product_brand","embeddable":true,"href":"https:\/\/k-beautyci.com\/fr\/wp-json\/wp\/v2\/product_brand?post=3296"},{"taxonomy":"product_cat","embeddable":true,"href":"https:\/\/k-beautyci.com\/fr\/wp-json\/wp\/v2\/product_cat?post=3296"},{"taxonomy":"product_tag","embeddable":true,"href":"https:\/\/k-beautyci.com\/fr\/wp-json\/wp\/v2\/product_tag?post=3296"}],"curies":[{"name":"wp","href":"https:\/\/api.w.org\/{rel}","templated":true}]}}