{"id":3292,"date":"2024-02-21T16:04:53","date_gmt":"2024-02-21T16:04:53","guid":{"rendered":"https:\/\/k-beautyci.com\/?post_type=product&#038;p=3292"},"modified":"2025-07-04T21:54:21","modified_gmt":"2025-07-04T21:54:21","slug":"klairs-gentle-black-deep-cleansing-oil-150ml","status":"publish","type":"product","link":"https:\/\/k-beautyci.com\/fr\/produit\/klairs-gentle-black-deep-cleansing-oil-150ml\/","title":{"rendered":"Klairs Gentle Black Deep Cleansing Oil 150ml"},"content":{"rendered":"<p>Comment l'utiliser :<\/p>\n<p>Appliquer le produit dans la paume de la main et masser le visage par des mouvements circulaires, puis rincer abondamment.<\/p>\n<p>&nbsp;<\/p>\n<p>Avertissement : Pour usage externe uniquement. Toujours effectuer un test \u00e9picutan\u00e9. Cessez d'utiliser le produit si vous ressentez une quelconque g\u00eane. Suivre les instructions suppl\u00e9mentaires figurant sur l'emballage. Les r\u00e9sultats individuels peuvent varier.<\/p>","protected":false},"excerpt":{"rendered":"<p>Cette huile nettoyante Klairs nettoie les impuret\u00e9s \u00e0 l'aide de haricots noirs, de s\u00e9same noir et de cassis. Ce m\u00e9lange d'huiles v\u00e9g\u00e9tales douces dissout le maquillage et la salet\u00e9 au plus profond des pores et agit comme un puissant antioxydant.<\/p>","protected":false},"featured_media":3294,"comment_status":"open","ping_status":"closed","template":"","meta":{"om_disable_all_campaigns":false},"product_brand":[],"product_cat":[177,35,63],"product_tag":[],"class_list":{"0":"post-3292","1":"product","2":"type-product","3":"status-publish","4":"has-post-thumbnail","6":"product_cat-klairs","7":"product_cat-face-cleansers","8":"product_cat-makeup-removers","10":"first","11":"outofstock","12":"shipping-taxable","13":"purchasable","14":"product-type-simple"},"aioseo_notices":[],"jetpack_sharing_enabled":true,"_links":{"self":[{"href":"https:\/\/k-beautyci.com\/fr\/wp-json\/wp\/v2\/product\/3292","targetHints":{"allow":["GET"]}}],"collection":[{"href":"https:\/\/k-beautyci.com\/fr\/wp-json\/wp\/v2\/product"}],"about":[{"href":"https:\/\/k-beautyci.com\/fr\/wp-json\/wp\/v2\/types\/product"}],"replies":[{"embeddable":true,"href":"https:\/\/k-beautyci.com\/fr\/wp-json\/wp\/v2\/comments?post=3292"}],"wp:featuredmedia":[{"embeddable":true,"href":"https:\/\/k-beautyci.com\/fr\/wp-json\/wp\/v2\/media\/3294"}],"wp:attachment":[{"href":"https:\/\/k-beautyci.com\/fr\/wp-json\/wp\/v2\/media?parent=3292"}],"wp:term":[{"taxonomy":"product_brand","embeddable":true,"href":"https:\/\/k-beautyci.com\/fr\/wp-json\/wp\/v2\/product_brand?post=3292"},{"taxonomy":"product_cat","embeddable":true,"href":"https:\/\/k-beautyci.com\/fr\/wp-json\/wp\/v2\/product_cat?post=3292"},{"taxonomy":"product_tag","embeddable":true,"href":"https:\/\/k-beautyci.com\/fr\/wp-json\/wp\/v2\/product_tag?post=3292"}],"curies":[{"name":"wp","href":"https:\/\/api.w.org\/{rel}","templated":true}]}}