{"id":329,"date":"2023-03-05T21:34:20","date_gmt":"2023-03-05T21:34:20","guid":{"rendered":"https:\/\/k-beautyci.com\/?post_type=product&#038;p=329"},"modified":"2026-03-08T23:02:50","modified_gmt":"2026-03-08T23:02:50","slug":"beauty-of-joseon-revive-serum","status":"publish","type":"product","link":"https:\/\/k-beautyci.com\/fr\/produit\/beauty-of-joseon-revive-serum\/","title":{"rendered":"Beauty of Joseon Revive Serum"},"content":{"rendered":"<p><b>Avantages :<\/b><\/p>\n<ul>\n<li><b>La version renouvel\u00e9e<\/b>\u00a0du s\u00e9rum r\u00e9parateur contient des ingr\u00e9dients am\u00e9lior\u00e9s.<\/li>\n<li>Elle est enrichie de 63 % d'eau de racine de ginseng et de 3 % de mucine d'escargot.<\/li>\n<li>Sa texture nourrissante et l\u00e9g\u00e8re hydrate en profondeur et pr\u00e9vient le vieillissement cutan\u00e9 et la pigmentation pour une peau claire et jeune.<\/li>\n<li>R\u00e9pare efficacement la peau endommag\u00e9e et aide \u00e0 am\u00e9liorer les rides ainsi que l'\u00e9lasticit\u00e9 de la peau.<\/li>\n<li>Formule s\u00fbre \u00e0 base d'ingr\u00e9dients de qualit\u00e9 \u00e9cologique EWG.<\/li>\n<\/ul>\n<p><b>Comment l'utiliser :<\/b><\/p>\n<ul>\n<li>Appliquer une quantit\u00e9 suffisante sur le visage et tapoter d\u00e9licatement pour une meilleure absorption.<\/li>\n<\/ul>\n<p>&nbsp;<\/p>\n<p>Avertissement : Pour usage externe uniquement. Toujours effectuer un test \u00e9picutan\u00e9. Cessez d'utiliser le produit si vous ressentez une quelconque g\u00eane. Suivre les instructions suppl\u00e9mentaires figurant sur l'emballage. Les r\u00e9sultats individuels peuvent varier.<\/p>","protected":false},"excerpt":{"rendered":"<p>Enrichi de 63 % d'eau de racine de ginseng et de 3 % de mucine d'escargot pour r\u00e9parer la peau endommag\u00e9e, am\u00e9liorer l'apparence des rides et renforcer l'\u00e9lasticit\u00e9. La texture l\u00e9g\u00e8re nourrit et hydrate la peau en profondeur pour r\u00e9v\u00e9ler une peau claire et jeune. Infus\u00e9 avec des ingr\u00e9dients de qualit\u00e9 verte de l'EWG.<\/p>","protected":false},"featured_media":330,"comment_status":"open","ping_status":"closed","template":"","meta":{"om_disable_all_campaigns":false},"product_brand":[],"product_cat":[82,31],"product_tag":[],"class_list":{"0":"post-329","1":"product","2":"type-product","3":"status-publish","4":"has-post-thumbnail","6":"product_cat-beauty-of-joseon","7":"product_cat-face-serums","9":"first","10":"instock","11":"shipping-taxable","12":"purchasable","13":"product-type-variable"},"aioseo_notices":[],"jetpack_sharing_enabled":true,"_links":{"self":[{"href":"https:\/\/k-beautyci.com\/fr\/wp-json\/wp\/v2\/product\/329","targetHints":{"allow":["GET"]}}],"collection":[{"href":"https:\/\/k-beautyci.com\/fr\/wp-json\/wp\/v2\/product"}],"about":[{"href":"https:\/\/k-beautyci.com\/fr\/wp-json\/wp\/v2\/types\/product"}],"replies":[{"embeddable":true,"href":"https:\/\/k-beautyci.com\/fr\/wp-json\/wp\/v2\/comments?post=329"}],"wp:featuredmedia":[{"embeddable":true,"href":"https:\/\/k-beautyci.com\/fr\/wp-json\/wp\/v2\/media\/330"}],"wp:attachment":[{"href":"https:\/\/k-beautyci.com\/fr\/wp-json\/wp\/v2\/media?parent=329"}],"wp:term":[{"taxonomy":"product_brand","embeddable":true,"href":"https:\/\/k-beautyci.com\/fr\/wp-json\/wp\/v2\/product_brand?post=329"},{"taxonomy":"product_cat","embeddable":true,"href":"https:\/\/k-beautyci.com\/fr\/wp-json\/wp\/v2\/product_cat?post=329"},{"taxonomy":"product_tag","embeddable":true,"href":"https:\/\/k-beautyci.com\/fr\/wp-json\/wp\/v2\/product_tag?post=329"}],"curies":[{"name":"wp","href":"https:\/\/api.w.org\/{rel}","templated":true}]}}