{"id":3286,"date":"2024-02-21T15:52:25","date_gmt":"2024-02-21T15:52:25","guid":{"rendered":"https:\/\/k-beautyci.com\/?post_type=product&#038;p=3286"},"modified":"2026-04-16T15:15:50","modified_gmt":"2026-04-16T15:15:50","slug":"skin1004-madagascar-centella-light-cleansing-oil-200ml","status":"publish","type":"product","link":"https:\/\/k-beautyci.com\/fr\/produit\/skin1004-madagascar-centella-light-cleansing-oil-200ml\/","title":{"rendered":"SKIN1004 Madagascar Centella Light Cleansing Oil 200ml"},"content":{"rendered":"<p>Comment l'utiliser :<\/p>\n<p>Appliquer quelques pressions d'huile d\u00e9maquillante sur le visage sec avec des mains s\u00e8ches. Masser d\u00e9licatement en mouvements circulaires. Emulsionner avec de l'eau avant de rincer compl\u00e8tement \u00e0 l'eau ti\u00e8de.<\/p>\n<p>Avertissement : Pour usage externe uniquement. Toujours effectuer un test \u00e9picutan\u00e9. Cessez d'utiliser le produit si vous ressentez une quelconque g\u00eane. Suivre les instructions suppl\u00e9mentaires figurant sur l'emballage. Les r\u00e9sultats individuels peuvent varier.<\/p>","protected":false},"excerpt":{"rendered":"<p>\u00c9liminez les impuret\u00e9s et le maquillage de vos pores avec cette huile nettoyante l\u00e9g\u00e8re. Compos\u00e9e d'extrait de centella asiatica et d'ingr\u00e9dients d'origine naturelle, elle procure \u00e0 la peau une sensation de douceur, de souplesse et de propret\u00e9.<\/p>\n<ul>\n<li>L'extrait de centella asiatica procure une sensation d'apaisement \u00e0 la peau et reconstitue la barri\u00e8re d'hydratation naturelle de la peau.<\/li>\n<li>Un m\u00e9lange de 6 huiles v\u00e9g\u00e9tales diff\u00e9rentes permet de d\u00e9sobstruer efficacement les pores et de favoriser un teint uniforme et \u00e9quilibr\u00e9.<\/li>\n<\/ul>","protected":false},"featured_media":3290,"comment_status":"open","ping_status":"closed","template":"","meta":{"om_disable_all_campaigns":false},"product_brand":[],"product_cat":[88,63,94],"product_tag":[],"class_list":{"0":"post-3286","1":"product","2":"type-product","3":"status-publish","4":"has-post-thumbnail","6":"product_cat-centella","7":"product_cat-makeup-removers","8":"product_cat-skin-1004","10":"first","11":"instock","12":"shipping-taxable","13":"purchasable","14":"product-type-simple"},"aioseo_notices":[],"jetpack_sharing_enabled":true,"_links":{"self":[{"href":"https:\/\/k-beautyci.com\/fr\/wp-json\/wp\/v2\/product\/3286","targetHints":{"allow":["GET"]}}],"collection":[{"href":"https:\/\/k-beautyci.com\/fr\/wp-json\/wp\/v2\/product"}],"about":[{"href":"https:\/\/k-beautyci.com\/fr\/wp-json\/wp\/v2\/types\/product"}],"replies":[{"embeddable":true,"href":"https:\/\/k-beautyci.com\/fr\/wp-json\/wp\/v2\/comments?post=3286"}],"wp:featuredmedia":[{"embeddable":true,"href":"https:\/\/k-beautyci.com\/fr\/wp-json\/wp\/v2\/media\/3290"}],"wp:attachment":[{"href":"https:\/\/k-beautyci.com\/fr\/wp-json\/wp\/v2\/media?parent=3286"}],"wp:term":[{"taxonomy":"product_brand","embeddable":true,"href":"https:\/\/k-beautyci.com\/fr\/wp-json\/wp\/v2\/product_brand?post=3286"},{"taxonomy":"product_cat","embeddable":true,"href":"https:\/\/k-beautyci.com\/fr\/wp-json\/wp\/v2\/product_cat?post=3286"},{"taxonomy":"product_tag","embeddable":true,"href":"https:\/\/k-beautyci.com\/fr\/wp-json\/wp\/v2\/product_tag?post=3286"}],"curies":[{"name":"wp","href":"https:\/\/api.w.org\/{rel}","templated":true}]}}