{"id":326,"date":"2023-03-05T18:13:35","date_gmt":"2023-03-05T18:13:35","guid":{"rendered":"https:\/\/k-beautyci.com\/?post_type=product&#038;p=326"},"modified":"2026-03-29T22:37:27","modified_gmt":"2026-03-29T22:37:27","slug":"beauty-of-joseon-calming-serum-green-tea-panthenol","status":"publish","type":"product","link":"https:\/\/k-beautyci.com\/fr\/produit\/beauty-of-joseon-calming-serum-green-tea-panthenol\/","title":{"rendered":"Beauty of Joseon Calming Serum: Green Tea + Panthenol"},"content":{"rendered":"<p><b>Avantages :<\/b><\/p>\n<ul>\n<li><b>La version renouvel\u00e9e<\/b>\u00a0du s\u00e9rum calmant.<\/li>\n<li>Formule am\u00e9lior\u00e9e enrichie de 50% d'eau de feuilles de th\u00e9 vert, 30% d'extrait d'armoise et 5% de panth\u00e9nol.<\/li>\n<li>Apaise et hydrate efficacement les peaux sensibles et ab\u00eem\u00e9es en les r\u00e9confortant.<\/li>\n<li>Forme une barri\u00e8re d'hydratation pour prot\u00e9ger la peau contre la perte d'humidit\u00e9 et les agressions ext\u00e9rieures.<\/li>\n<li>Couleur naturelle jaune-vert sans colorants artificiels.<\/li>\n<\/ul>\n<p><b>Comment l'utiliser :<\/b><\/p>\n<ul>\n<li>Appliquer une quantit\u00e9 suffisante sur le visage et tapoter d\u00e9licatement pour une meilleure absorption.<\/li>\n<\/ul>\n<p>&nbsp;<\/p>\n<p>Avertissement : Pour usage externe uniquement. Toujours effectuer un test \u00e9picutan\u00e9. Cessez d'utiliser le produit si vous ressentez une quelconque g\u00eane. Suivre les instructions suppl\u00e9mentaires figurant sur l'emballage. Les r\u00e9sultats individuels peuvent varier.<\/p>","protected":false},"excerpt":{"rendered":"<p>Le s\u00e9rum calmant The Beauty of Joseon : Th\u00e9 vert + Panth\u00e9nol est un s\u00e9rum calmant enrichi d'ingr\u00e9dients naturels hanbang (m\u00e9decine traditionnelle cor\u00e9enne \u00e0 base de plantes) pour apaiser et hydrater la peau. Le th\u00e9 vert, riche en antioxydants, aide \u00e0 apaiser les peaux \u00e0 probl\u00e8mes, \u00e0 r\u00e9duire l'exc\u00e8s de s\u00e9bum et \u00e0 unifier le teint, tandis que le panth\u00e9nol aide la peau \u00e0 rester saine, souple et lisse. L'hyaluronate de sodium, l'extrait de propolis et l'extrait de centella asiatica sont \u00e9galement pr\u00e9sents pour hydrater et calmer la peau.<\/p>","protected":false},"featured_media":327,"comment_status":"open","ping_status":"closed","template":"","meta":{"om_disable_all_campaigns":false},"product_brand":[],"product_cat":[82,42,31,66,41,36],"product_tag":[],"class_list":{"0":"post-326","1":"product","2":"type-product","3":"status-publish","4":"has-post-thumbnail","6":"product_cat-beauty-of-joseon","7":"product_cat-dry-skin","8":"product_cat-face-serums","9":"product_cat-normal-combination-skin","10":"product_cat-oily-skin","11":"product_cat-sensitive-skin","13":"first","14":"outofstock","15":"shipping-taxable","16":"purchasable","17":"product-type-variable"},"aioseo_notices":[],"jetpack_sharing_enabled":true,"_links":{"self":[{"href":"https:\/\/k-beautyci.com\/fr\/wp-json\/wp\/v2\/product\/326","targetHints":{"allow":["GET"]}}],"collection":[{"href":"https:\/\/k-beautyci.com\/fr\/wp-json\/wp\/v2\/product"}],"about":[{"href":"https:\/\/k-beautyci.com\/fr\/wp-json\/wp\/v2\/types\/product"}],"replies":[{"embeddable":true,"href":"https:\/\/k-beautyci.com\/fr\/wp-json\/wp\/v2\/comments?post=326"}],"wp:featuredmedia":[{"embeddable":true,"href":"https:\/\/k-beautyci.com\/fr\/wp-json\/wp\/v2\/media\/327"}],"wp:attachment":[{"href":"https:\/\/k-beautyci.com\/fr\/wp-json\/wp\/v2\/media?parent=326"}],"wp:term":[{"taxonomy":"product_brand","embeddable":true,"href":"https:\/\/k-beautyci.com\/fr\/wp-json\/wp\/v2\/product_brand?post=326"},{"taxonomy":"product_cat","embeddable":true,"href":"https:\/\/k-beautyci.com\/fr\/wp-json\/wp\/v2\/product_cat?post=326"},{"taxonomy":"product_tag","embeddable":true,"href":"https:\/\/k-beautyci.com\/fr\/wp-json\/wp\/v2\/product_tag?post=326"}],"curies":[{"name":"wp","href":"https:\/\/api.w.org\/{rel}","templated":true}]}}