{"id":321,"date":"2023-03-05T18:01:36","date_gmt":"2023-03-05T18:01:36","guid":{"rendered":"https:\/\/k-beautyci.com\/?post_type=product&#038;p=321"},"modified":"2026-03-31T17:41:07","modified_gmt":"2026-03-31T17:41:07","slug":"beauty-of-joseon-glow-deep-serum-2","status":"publish","type":"product","link":"https:\/\/k-beautyci.com\/fr\/produit\/beauty-of-joseon-glow-deep-serum-2\/","title":{"rendered":"Beauty of Joseon Glow Deep Serum"},"content":{"rendered":"<p><b>Avantages :<\/b><\/p>\n<ul>\n<li>S\u00e9rum Glow Deep avec une formule am\u00e9lior\u00e9e enrichie de 68,6 % d'eau de son de riz et de 2 % d'alpha-arbutine.<\/li>\n<li>L'alpha-arbutine supprime efficacement la formation de m\u00e9lanine et am\u00e9liore la peau pigment\u00e9e comme les taches de rousseur pour un teint clair et lumineux.<\/li>\n<li>Associ\u00e9 au complexe de grains, ce s\u00e9rum hydrate et nourrit d\u00e9licatement la peau pour une peau saine et hydrat\u00e9e.<\/li>\n<li>La texture l\u00e9g\u00e8re et aqueuse favorise l'absorption et procure \u00e0 la peau d\u00e9licate une hydratation confortable.<\/li>\n<li>Sans PEG, huile essentielle, huile de silicone, parab\u00e8ne, ph\u00e9noxy\u00e9thanol, parfum artificiel, colorants artificiels.<\/li>\n<\/ul>\n<p><b>Comment l'utiliser :<\/b><\/p>\n<ul>\n<li>Appliquer une quantit\u00e9 suffisante sur le visage et tapoter d\u00e9licatement pour une meilleure absorption.<\/li>\n<\/ul>\n<p>&nbsp;<\/p>\n<p>Avertissement : Pour usage externe uniquement. Toujours effectuer un test \u00e9picutan\u00e9. Cessez d'utiliser le produit si vous ressentez une quelconque g\u00eane. Suivre les instructions suppl\u00e9mentaires figurant sur l'emballage. Les r\u00e9sultats individuels peuvent varier.<\/p>","protected":false},"excerpt":{"rendered":"<p>Redonnez un \u00e9clat naturel \u00e0 votre peau fatigu\u00e9e gr\u00e2ce \u00e0 ce s\u00e9rum \u00e9claircissant contenant 68,6 % d'eau de son de riz pour clarifier la peau et 2 % d'arbutine pour estomper l'hyperpigmentation. La texture l\u00e9g\u00e8re et rapidement absorb\u00e9e p\u00e9n\u00e8tre en profondeur dans la peau pour offrir des effets \u00e9claircissants et hydratants durables. Formul\u00e9 sans huiles min\u00e9rales, sans huiles essentielles, sans parab\u00e8nes, sans sulfates et sans PEG, ce produit convient aux peaux sensibles.<\/p>","protected":false},"featured_media":324,"comment_status":"open","ping_status":"closed","template":"","meta":{"om_disable_all_campaigns":false},"product_brand":[],"product_cat":[82,52,31,36],"product_tag":[84],"class_list":{"0":"post-321","1":"product","2":"type-product","3":"status-publish","4":"has-post-thumbnail","6":"product_cat-beauty-of-joseon","7":"product_cat-dark-spots","8":"product_cat-face-serums","9":"product_cat-sensitive-skin","10":"product_tag-arbutin","12":"first","13":"instock","14":"shipping-taxable","15":"purchasable","16":"product-type-variable"},"aioseo_notices":[],"jetpack_sharing_enabled":true,"_links":{"self":[{"href":"https:\/\/k-beautyci.com\/fr\/wp-json\/wp\/v2\/product\/321","targetHints":{"allow":["GET"]}}],"collection":[{"href":"https:\/\/k-beautyci.com\/fr\/wp-json\/wp\/v2\/product"}],"about":[{"href":"https:\/\/k-beautyci.com\/fr\/wp-json\/wp\/v2\/types\/product"}],"replies":[{"embeddable":true,"href":"https:\/\/k-beautyci.com\/fr\/wp-json\/wp\/v2\/comments?post=321"}],"wp:featuredmedia":[{"embeddable":true,"href":"https:\/\/k-beautyci.com\/fr\/wp-json\/wp\/v2\/media\/324"}],"wp:attachment":[{"href":"https:\/\/k-beautyci.com\/fr\/wp-json\/wp\/v2\/media?parent=321"}],"wp:term":[{"taxonomy":"product_brand","embeddable":true,"href":"https:\/\/k-beautyci.com\/fr\/wp-json\/wp\/v2\/product_brand?post=321"},{"taxonomy":"product_cat","embeddable":true,"href":"https:\/\/k-beautyci.com\/fr\/wp-json\/wp\/v2\/product_cat?post=321"},{"taxonomy":"product_tag","embeddable":true,"href":"https:\/\/k-beautyci.com\/fr\/wp-json\/wp\/v2\/product_tag?post=321"}],"curies":[{"name":"wp","href":"https:\/\/api.w.org\/{rel}","templated":true}]}}