{"id":319,"date":"2023-03-05T12:45:09","date_gmt":"2023-03-05T12:45:09","guid":{"rendered":"https:\/\/k-beautyci.com\/?post_type=product&#038;p=319"},"modified":"2026-03-08T22:56:49","modified_gmt":"2026-03-08T22:56:49","slug":"beauty-of-joseon-glow-deep-serum","status":"publish","type":"product","link":"https:\/\/k-beautyci.com\/fr\/produit\/beauty-of-joseon-glow-deep-serum\/","title":{"rendered":"Beauty of Joseon Glow Serum"},"content":{"rendered":"<p><b>Avantages :<\/b><\/p>\n<ul>\n<li>Enrichi avec 60% d'extrait de propolis et 2% de niacinamide.<\/li>\n<li>Les propri\u00e9t\u00e9s anti-inflammatoires favorisent un traitement efficace des probl\u00e8mes d'acn\u00e9.<\/li>\n<li>Aide \u00e0 contr\u00f4ler la s\u00e9cr\u00e9tion de s\u00e9bum, \u00e0 affiner les pores et \u00e0 \u00e9claircir la peau.<\/li>\n<li>Sa texture riche, semblable \u00e0 celle du miel, hydrate la peau en profondeur et laisse un fini ros\u00e9 sans sensation collante.<\/li>\n<li>La formule s\u00fbre ne contient que des ingr\u00e9dients EWG Green Grade.<\/li>\n<\/ul>\n<p><b>Comment l'utiliser :<\/b><\/p>\n<ul>\n<li>Appliquer une quantit\u00e9 suffisante sur le visage et tapoter d\u00e9licatement pour une meilleure absorption.<\/li>\n<\/ul>\n<p>&nbsp;<\/p>\n<p>Avertissement : Pour usage externe uniquement. Toujours effectuer un test \u00e9picutan\u00e9. Cessez d'utiliser le produit si vous ressentez une quelconque g\u00eane. Suivre les instructions suppl\u00e9mentaires figurant sur l'emballage. Les r\u00e9sultats individuels peuvent varier.<\/p>","protected":false},"excerpt":{"rendered":"<p>Ce s\u00e9rum puissant, infus\u00e9 de 60 % de propolis et de 2 % de niacinamide, redonne de l'\u00e9nergie \u00e0 la peau terne en combattant l'inflammation, en contr\u00f4lant la production de s\u00e9bum et en traitant l'hyperpigmentation, tout en maintenant un niveau d'hydratation \u00e9lev\u00e9. La texture riche, semblable \u00e0 celle du miel, est rapidement absorb\u00e9e par la peau sans laisser de sensation collante. Formul\u00e9 \u00e0 partir d'ingr\u00e9dients certifi\u00e9s par l'EWG, ce s\u00e9rum convient aux peaux sensibles.<\/p>","protected":false},"featured_media":320,"comment_status":"open","ping_status":"closed","template":"","meta":{"om_disable_all_campaigns":false},"product_brand":[],"product_cat":[60,82,52,31,74,73],"product_tag":[],"class_list":{"0":"post-319","1":"product","2":"type-product","3":"status-publish","4":"has-post-thumbnail","6":"product_cat-acne","7":"product_cat-beauty-of-joseon","8":"product_cat-dark-spots","9":"product_cat-face-serums","10":"product_cat-niacinamide","11":"product_cat-propolis","13":"first","14":"instock","15":"shipping-taxable","16":"purchasable","17":"product-type-variable"},"aioseo_notices":[],"jetpack_sharing_enabled":true,"_links":{"self":[{"href":"https:\/\/k-beautyci.com\/fr\/wp-json\/wp\/v2\/product\/319","targetHints":{"allow":["GET"]}}],"collection":[{"href":"https:\/\/k-beautyci.com\/fr\/wp-json\/wp\/v2\/product"}],"about":[{"href":"https:\/\/k-beautyci.com\/fr\/wp-json\/wp\/v2\/types\/product"}],"replies":[{"embeddable":true,"href":"https:\/\/k-beautyci.com\/fr\/wp-json\/wp\/v2\/comments?post=319"}],"wp:featuredmedia":[{"embeddable":true,"href":"https:\/\/k-beautyci.com\/fr\/wp-json\/wp\/v2\/media\/320"}],"wp:attachment":[{"href":"https:\/\/k-beautyci.com\/fr\/wp-json\/wp\/v2\/media?parent=319"}],"wp:term":[{"taxonomy":"product_brand","embeddable":true,"href":"https:\/\/k-beautyci.com\/fr\/wp-json\/wp\/v2\/product_brand?post=319"},{"taxonomy":"product_cat","embeddable":true,"href":"https:\/\/k-beautyci.com\/fr\/wp-json\/wp\/v2\/product_cat?post=319"},{"taxonomy":"product_tag","embeddable":true,"href":"https:\/\/k-beautyci.com\/fr\/wp-json\/wp\/v2\/product_tag?post=319"}],"curies":[{"name":"wp","href":"https:\/\/api.w.org\/{rel}","templated":true}]}}