{"id":318,"date":"2023-03-05T12:36:47","date_gmt":"2023-03-05T12:36:47","guid":{"rendered":"https:\/\/k-beautyci.com\/?post_type=product&#038;p=318"},"modified":"2024-09-27T06:23:55","modified_gmt":"2024-09-27T06:23:55","slug":"beauty-of-joseon-set-hanbang-serum-discovery-kit","status":"publish","type":"product","link":"https:\/\/k-beautyci.com\/fr\/produit\/beauty-of-joseon-set-hanbang-serum-discovery-kit\/","title":{"rendered":"Beauty of Joseon (Set) Hanbang Serum Discovery Kit"},"content":{"rendered":"<p>Ce kit de s\u00e9rum d\u00e9licat se compose de<\/p>\n<ul>\n<li>Revive Serum 10ml<\/li>\n<li>Glow Deep Serum 10ml<\/li>\n<li>Glow Serum 10ml<\/li>\n<li>Calming Serum Renewed Version 10ml<\/li>\n<\/ul>\n<p><b>Avantages :<\/b><\/p>\n<ul>\n<li>Kit d'essai de toute la gamme de s\u00e9rums Beauty of Joseon.<\/li>\n<li>Formule s\u00fbre \u00e0 base d'ingr\u00e9dients d'origine naturelle, class\u00e9s par l'EWG dans la cat\u00e9gorie verte.<\/li>\n<\/ul>\n<p>&nbsp;<\/p>\n<p><b>Revive Serum:<\/b><\/p>\n<ul>\n<li><b>La version renouvel\u00e9e<\/b>\u00a0du s\u00e9rum r\u00e9parateur contient des ingr\u00e9dients am\u00e9lior\u00e9s.<\/li>\n<li>Elle est enrichie de 63 % d'eau de racine de ginseng et de 3 % de mucine d'escargot.<\/li>\n<li>Sa texture nourrissante et l\u00e9g\u00e8re hydrate en profondeur et pr\u00e9vient le vieillissement cutan\u00e9 et la pigmentation pour une peau claire et jeune.<\/li>\n<li>R\u00e9pare efficacement la peau endommag\u00e9e et aide \u00e0 am\u00e9liorer les rides ainsi que l'\u00e9lasticit\u00e9 de la peau.<\/li>\n<\/ul>\n<p>&nbsp;<\/p>\n<p><b>Glow Deep Serum:<\/b><\/p>\n<ul>\n<li>Formule am\u00e9lior\u00e9e contenant 2 % d'alpha-arbutine et 68,6 % d'eau de son de riz.\u00a0<b>2% Alpha-Arbutin<\/b>\u00a0and 68.6% Rice Bran Water.<\/li>\n<li>L'alpha-arbutine supprime efficacement la formation de m\u00e9lanine et am\u00e9liore la peau pigment\u00e9e comme les taches de rousseur pour un teint clair et lumineux.<\/li>\n<li>Associ\u00e9 au complexe de grains, ce s\u00e9rum hydrate et nourrit d\u00e9licatement la peau pour une peau saine et hydrat\u00e9e.<\/li>\n<li>La texture l\u00e9g\u00e8re et aqueuse favorise l'absorption et procure \u00e0 la peau d\u00e9licate une hydratation confortable.<\/li>\n<\/ul>\n<p>&nbsp;<\/p>\n<p><b>Glow Serum:<\/b><\/p>\n<ul>\n<li>Enrichi avec 60% d'extrait de propolis et 2% de niacinamide.<\/li>\n<li>Les propri\u00e9t\u00e9s anti-inflammatoires favorisent un traitement efficace des probl\u00e8mes d'acn\u00e9.<\/li>\n<li>Aide \u00e0 contr\u00f4ler la s\u00e9cr\u00e9tion de s\u00e9bum, \u00e0 affiner les pores et \u00e0 \u00e9claircir la peau.<\/li>\n<li>Sa texture riche, semblable \u00e0 celle du miel, hydrate la peau en profondeur et laisse un fini ros\u00e9 sans sensation collante.<\/li>\n<\/ul>\n<p>&nbsp;<\/p>\n<p><b>Calming Serum:<\/b><\/p>\n<ul>\n<li><b>La version renouvel\u00e9e<\/b>\u00a0avec une formule am\u00e9lior\u00e9e enrichie de 50% d'eau de feuilles de th\u00e9 vert, 30% d'extrait d'armoise et 5% de panth\u00e9nol.<\/li>\n<li>Apaise et hydrate efficacement les peaux sensibles et ab\u00eem\u00e9es en les r\u00e9confortant.<\/li>\n<li>Forme une barri\u00e8re d'hydratation pour prot\u00e9ger la peau contre la perte d'humidit\u00e9 et les agressions ext\u00e9rieures.<\/li>\n<li>Couleur naturelle jaune-vert sans colorants artificiels.<\/li>\n<\/ul>\n<p><b>Comment l'utiliser :<\/b><\/p>\n<ul>\n<li>Appliquer une quantit\u00e9 suffisante sur le visage et tapoter d\u00e9licatement pour une meilleure absorption.<\/li>\n<\/ul>\n<p>&nbsp;<\/p>\n<p>Avertissement : Pour usage externe uniquement. Toujours effectuer un test \u00e9picutan\u00e9. Cessez d'utiliser le produit si vous ressentez une quelconque g\u00eane. Suivre les instructions suppl\u00e9mentaires figurant sur l'emballage. Les r\u00e9sultats individuels peuvent varier.<\/p>","protected":false},"excerpt":{"rendered":"<p>Essayez les s\u00e9rums les plus vendus de Beauty of Joseon avec ce kit de quatre s\u00e9rums miniatures, chacun r\u00e9pondant \u00e0 un besoin sp\u00e9cifique. Le kit comprend le s\u00e9rum Revive pour r\u00e9duire les rides, le s\u00e9rum Glow Deep pour \u00e9claircir la peau, le s\u00e9rum Calming pour apaiser et le s\u00e9rum Glow pour traiter l'acn\u00e9. Les principaux ingr\u00e9dients utilis\u00e9s dans les s\u00e9rums sont la racine de ginseng, l'eau de son de riz, l'extrait de th\u00e9 vert et la propolis. Appliquez le s\u00e9rum de votre choix apr\u00e8s le nettoyant et le tonique, puis compl\u00e9tez votre routine de soins de la peau avec une cr\u00e8me hydratante.<\/p>","protected":false},"featured_media":94,"comment_status":"open","ping_status":"closed","template":"","meta":{"om_disable_all_campaigns":false},"product_brand":[],"product_cat":[60,82,52,42,33,64,74,66],"product_tag":[],"class_list":{"0":"post-318","1":"product","2":"type-product","3":"status-publish","4":"has-post-thumbnail","6":"product_cat-acne","7":"product_cat-beauty-of-joseon","8":"product_cat-dark-spots","9":"product_cat-dry-skin","10":"product_cat-face-treatments","11":"product_cat-kits-duos","12":"product_cat-niacinamide","13":"product_cat-normal-combination-skin","15":"first","16":"outofstock","17":"shipping-taxable","18":"purchasable","19":"product-type-simple"},"aioseo_notices":[],"jetpack_sharing_enabled":true,"_links":{"self":[{"href":"https:\/\/k-beautyci.com\/fr\/wp-json\/wp\/v2\/product\/318","targetHints":{"allow":["GET"]}}],"collection":[{"href":"https:\/\/k-beautyci.com\/fr\/wp-json\/wp\/v2\/product"}],"about":[{"href":"https:\/\/k-beautyci.com\/fr\/wp-json\/wp\/v2\/types\/product"}],"replies":[{"embeddable":true,"href":"https:\/\/k-beautyci.com\/fr\/wp-json\/wp\/v2\/comments?post=318"}],"wp:featuredmedia":[{"embeddable":true,"href":"https:\/\/k-beautyci.com\/fr\/wp-json\/wp\/v2\/media\/94"}],"wp:attachment":[{"href":"https:\/\/k-beautyci.com\/fr\/wp-json\/wp\/v2\/media?parent=318"}],"wp:term":[{"taxonomy":"product_brand","embeddable":true,"href":"https:\/\/k-beautyci.com\/fr\/wp-json\/wp\/v2\/product_brand?post=318"},{"taxonomy":"product_cat","embeddable":true,"href":"https:\/\/k-beautyci.com\/fr\/wp-json\/wp\/v2\/product_cat?post=318"},{"taxonomy":"product_tag","embeddable":true,"href":"https:\/\/k-beautyci.com\/fr\/wp-json\/wp\/v2\/product_tag?post=318"}],"curies":[{"name":"wp","href":"https:\/\/api.w.org\/{rel}","templated":true}]}}