{"id":314,"date":"2023-03-05T12:25:03","date_gmt":"2023-03-05T12:25:03","guid":{"rendered":"https:\/\/k-beautyci.com\/?post_type=product&#038;p=314"},"modified":"2026-03-11T18:32:56","modified_gmt":"2026-03-11T18:32:56","slug":"beauty-of-joseon-dynasty-cream","status":"publish","type":"product","link":"https:\/\/k-beautyci.com\/fr\/produit\/beauty-of-joseon-dynasty-cream\/","title":{"rendered":"Beauty of Joseon Dynasty Cream"},"content":{"rendered":"<p><b>Avantages :<\/b><\/p>\n<ul>\n<li>Enrichie en extraits de ginseng cor\u00e9en et d'orchid\u00e9e, cette cr\u00e8me aide \u00e0 att\u00e9nuer les rides tout en hydratant et en \u00e9claircissant la peau.<\/li>\n<li>Le niacinamide \u00e9claircit la peau, att\u00e9nue les taches et les pores dilat\u00e9s.<\/li>\n<li>L'acide hyaluronique hydrate la peau en profondeur.<\/li>\n<li>Formul\u00e9e sans parab\u00e8nes, sulfates, alcool, colorants et parfums artificiels, huiles min\u00e9rales ou huiles essentielles.<\/li>\n<\/ul>\n<p>&nbsp;<\/p>\n<p><b>Comment l'utiliser :<\/b><\/p>\n<ul>\n<li>Utiliser tous les matins et tous les soirs. Appliquer une quantit\u00e9 g\u00e9n\u00e9reuse sur votre visage \u00e0 la derni\u00e8re \u00e9tape de votre routine de soins de la peau. Tapoter l\u00e9g\u00e8rement pour faciliter l'absorption.<\/li>\n<\/ul>\n<p>Avertissement : Pour usage externe uniquement. Toujours effectuer un test \u00e9picutan\u00e9. Cessez d'utiliser le produit si vous ressentez une quelconque g\u00eane. Suivre les instructions suppl\u00e9mentaires figurant sur l'emballage. Les r\u00e9sultats individuels peuvent varier.<\/p>","protected":false},"excerpt":{"rendered":"<ul class=\"list-content\">\n<li>Enrichie en ginseng cor\u00e9en et en extrait d'orchid\u00e9e, cette cr\u00e8me aide \u00e0 att\u00e9nuer les rides tout en hydratant et en \u00e9claircissant la peau.<\/li>\n<\/ul>","protected":false},"featured_media":316,"comment_status":"open","ping_status":"closed","template":"","meta":{"om_disable_all_campaigns":false},"product_brand":[],"product_cat":[57,82,26,74],"product_tag":[],"class_list":{"0":"post-314","1":"product","2":"type-product","3":"status-publish","4":"has-post-thumbnail","6":"product_cat-anti-aging","7":"product_cat-beauty-of-joseon","8":"product_cat-face-moisturizer","9":"product_cat-niacinamide","11":"first","12":"instock","13":"shipping-taxable","14":"purchasable","15":"product-type-variable"},"aioseo_notices":[],"jetpack_sharing_enabled":true,"_links":{"self":[{"href":"https:\/\/k-beautyci.com\/fr\/wp-json\/wp\/v2\/product\/314","targetHints":{"allow":["GET"]}}],"collection":[{"href":"https:\/\/k-beautyci.com\/fr\/wp-json\/wp\/v2\/product"}],"about":[{"href":"https:\/\/k-beautyci.com\/fr\/wp-json\/wp\/v2\/types\/product"}],"replies":[{"embeddable":true,"href":"https:\/\/k-beautyci.com\/fr\/wp-json\/wp\/v2\/comments?post=314"}],"wp:featuredmedia":[{"embeddable":true,"href":"https:\/\/k-beautyci.com\/fr\/wp-json\/wp\/v2\/media\/316"}],"wp:attachment":[{"href":"https:\/\/k-beautyci.com\/fr\/wp-json\/wp\/v2\/media?parent=314"}],"wp:term":[{"taxonomy":"product_brand","embeddable":true,"href":"https:\/\/k-beautyci.com\/fr\/wp-json\/wp\/v2\/product_brand?post=314"},{"taxonomy":"product_cat","embeddable":true,"href":"https:\/\/k-beautyci.com\/fr\/wp-json\/wp\/v2\/product_cat?post=314"},{"taxonomy":"product_tag","embeddable":true,"href":"https:\/\/k-beautyci.com\/fr\/wp-json\/wp\/v2\/product_tag?post=314"}],"curies":[{"name":"wp","href":"https:\/\/api.w.org\/{rel}","templated":true}]}}