{"id":3130,"date":"2024-02-03T15:37:50","date_gmt":"2024-02-03T15:37:50","guid":{"rendered":"https:\/\/k-beautyci.com\/?post_type=product&#038;p=3130"},"modified":"2025-12-31T10:08:02","modified_gmt":"2025-12-31T10:08:02","slug":"anua-peach-70-niacinamide-serum-30ml","status":"publish","type":"product","link":"https:\/\/k-beautyci.com\/fr\/produit\/anua-peach-70-niacinamide-serum-30ml\/","title":{"rendered":"Anua PEACH 70% NIACINAMIDE SERUM, 30ml"},"content":{"rendered":"<p>Comment l'utiliser :<\/p>\n<ul>\n<li>Appliquer 2 \u00e0 3 gouttes sur la peau propre (apr\u00e8s la tonification).<\/li>\n<li>Tapoter doucement sur la peau jusqu'\u00e0 absorption compl\u00e8te<\/li>\n<li>Appliquer ensuite la cr\u00e8me hydratante de votre choix<\/li>\n<\/ul>\n<p>&nbsp;<\/p>\n<p>Avertissement : Pour usage externe uniquement. Toujours effectuer un test \u00e9picutan\u00e9. Cessez d'utiliser le produit si vous ressentez une quelconque g\u00eane. Suivre les instructions suppl\u00e9mentaires figurant sur l'emballage. Les r\u00e9sultats individuels peuvent varier.<\/p>","protected":false},"excerpt":{"rendered":"<div class=\"cr-ph-1 cr-night-300 ellipsis\">Le s\u00e9rum Anua Peach 70% Niacinamide est riche en ingr\u00e9dients \u00e9claircissants, hydratants et apaisants. Il est soigneusement formul\u00e9 pour vous donner un teint radieux, hydrat\u00e9 et uniforme. Il contient \u00e9galement du salicylate de b\u00e9ta\u00efne pour exfolier la peau en douceur. Riche en antioxydants pour prot\u00e9ger la peau des influences ext\u00e9rieures et contribuer au maintien d'une peau jeune.<\/div>\n<div class=\"cr-ph-1 cr-night-300 ellipsis\">\n<p>Free from alcohol, parabens, silicones, and sulfates.<\/p>\n<\/div>","protected":false},"featured_media":9756,"comment_status":"open","ping_status":"closed","template":"","meta":{"om_disable_all_campaigns":false},"product_brand":[],"product_cat":[183,88,31,33,74],"product_tag":[],"class_list":{"0":"post-3130","1":"product","2":"type-product","3":"status-publish","4":"has-post-thumbnail","6":"product_cat-anua","7":"product_cat-centella","8":"product_cat-face-serums","9":"product_cat-face-treatments","10":"product_cat-niacinamide","12":"first","13":"outofstock","14":"shipping-taxable","15":"purchasable","16":"product-type-simple"},"aioseo_notices":[],"jetpack_sharing_enabled":true,"_links":{"self":[{"href":"https:\/\/k-beautyci.com\/fr\/wp-json\/wp\/v2\/product\/3130","targetHints":{"allow":["GET"]}}],"collection":[{"href":"https:\/\/k-beautyci.com\/fr\/wp-json\/wp\/v2\/product"}],"about":[{"href":"https:\/\/k-beautyci.com\/fr\/wp-json\/wp\/v2\/types\/product"}],"replies":[{"embeddable":true,"href":"https:\/\/k-beautyci.com\/fr\/wp-json\/wp\/v2\/comments?post=3130"}],"wp:featuredmedia":[{"embeddable":true,"href":"https:\/\/k-beautyci.com\/fr\/wp-json\/wp\/v2\/media\/9756"}],"wp:attachment":[{"href":"https:\/\/k-beautyci.com\/fr\/wp-json\/wp\/v2\/media?parent=3130"}],"wp:term":[{"taxonomy":"product_brand","embeddable":true,"href":"https:\/\/k-beautyci.com\/fr\/wp-json\/wp\/v2\/product_brand?post=3130"},{"taxonomy":"product_cat","embeddable":true,"href":"https:\/\/k-beautyci.com\/fr\/wp-json\/wp\/v2\/product_cat?post=3130"},{"taxonomy":"product_tag","embeddable":true,"href":"https:\/\/k-beautyci.com\/fr\/wp-json\/wp\/v2\/product_tag?post=3130"}],"curies":[{"name":"wp","href":"https:\/\/api.w.org\/{rel}","templated":true}]}}