{"id":3117,"date":"2024-02-02T22:33:36","date_gmt":"2024-02-02T22:33:36","guid":{"rendered":"https:\/\/k-beautyci.com\/?post_type=product&#038;p=3117"},"modified":"2025-08-06T17:56:30","modified_gmt":"2025-08-06T17:56:30","slug":"cosrx-one-step-green-hero-calming-pad","status":"publish","type":"product","link":"https:\/\/k-beautyci.com\/fr\/produit\/cosrx-one-step-green-hero-calming-pad\/","title":{"rendered":"COSRX One Step Green Hero Calming Pad"},"content":{"rendered":"<p><strong>Comment l'utiliser :<\/strong><\/p>\n<ol>\n<li>A utiliser lors de la phase de tonification apr\u00e8s le nettoyage.<\/li>\n<li>Essuyer d\u00e9licatement avec le tampon.<\/li>\n<li>Tapoter et faire p\u00e9n\u00e9trer le reste de l'essence apaisante sur la peau.<\/li>\n<li>Proc\u00e9der aux soins habituels de la peau sans rincer.<\/li>\n<li>Replacer le couvercle herm\u00e9tiquement pour s'assurer que les coussinets restent humides et propres.<\/li>\n<\/ol>\n<p>&nbsp;<\/p>\n<p>Avertissement : Pour usage externe uniquement. Toujours effectuer un test \u00e9picutan\u00e9. Cessez d'utiliser le produit si vous ressentez une quelconque g\u00eane. Suivre les instructions suppl\u00e9mentaires figurant sur la bo\u00eete. Les r\u00e9sultats individuels peuvent varier.<\/p>","protected":false},"excerpt":{"rendered":"<p>Avec 75% d'eau de th\u00e9 vert qui hydrate bien et a un effet anti-inflammatoire. Contient \u00e9galement 0,25 % d'acide PHA qui exfolie en douceur et le \"Green-Rx Complex\" qui aide \u00e0 calmer la peau et \u00e0 la nettoyer en profondeur. Les tampons sont adapt\u00e9s \u00e0 un usage quotidien, si simples et si efficaces. Un simple geste suffit pour obtenir une peau hydrat\u00e9e, apais\u00e9e et \u00e9quilibr\u00e9e. Convient \u00e0 tous les types de peau, en particulier aux peaux sensibles et irrit\u00e9es. Contient 70 coussinets qui restent humides pendant de longues p\u00e9riodes.<\/p>\n<p>Exp: 09\/25<\/p>","protected":false},"featured_media":3118,"comment_status":"open","ping_status":"closed","template":"","meta":{"om_disable_all_campaigns":false},"product_brand":[],"product_cat":[88,51,42,61,39,66,41,36],"product_tag":[],"class_list":{"0":"post-3117","1":"product","2":"type-product","3":"status-publish","4":"has-post-thumbnail","6":"product_cat-centella","7":"product_cat-cosrx","8":"product_cat-dry-skin","9":"product_cat-face-exfoliator-peels-scrubs","10":"product_cat-face-toners","11":"product_cat-normal-combination-skin","12":"product_cat-oily-skin","13":"product_cat-sensitive-skin","15":"first","16":"instock","17":"sale","18":"shipping-taxable","19":"purchasable","20":"product-type-simple"},"aioseo_notices":[],"jetpack_sharing_enabled":true,"_links":{"self":[{"href":"https:\/\/k-beautyci.com\/fr\/wp-json\/wp\/v2\/product\/3117","targetHints":{"allow":["GET"]}}],"collection":[{"href":"https:\/\/k-beautyci.com\/fr\/wp-json\/wp\/v2\/product"}],"about":[{"href":"https:\/\/k-beautyci.com\/fr\/wp-json\/wp\/v2\/types\/product"}],"replies":[{"embeddable":true,"href":"https:\/\/k-beautyci.com\/fr\/wp-json\/wp\/v2\/comments?post=3117"}],"wp:featuredmedia":[{"embeddable":true,"href":"https:\/\/k-beautyci.com\/fr\/wp-json\/wp\/v2\/media\/3118"}],"wp:attachment":[{"href":"https:\/\/k-beautyci.com\/fr\/wp-json\/wp\/v2\/media?parent=3117"}],"wp:term":[{"taxonomy":"product_brand","embeddable":true,"href":"https:\/\/k-beautyci.com\/fr\/wp-json\/wp\/v2\/product_brand?post=3117"},{"taxonomy":"product_cat","embeddable":true,"href":"https:\/\/k-beautyci.com\/fr\/wp-json\/wp\/v2\/product_cat?post=3117"},{"taxonomy":"product_tag","embeddable":true,"href":"https:\/\/k-beautyci.com\/fr\/wp-json\/wp\/v2\/product_tag?post=3117"}],"curies":[{"name":"wp","href":"https:\/\/api.w.org\/{rel}","templated":true}]}}