{"id":307,"date":"2023-03-05T12:09:17","date_gmt":"2023-03-05T12:09:17","guid":{"rendered":"https:\/\/k-beautyci.com\/?post_type=product&#038;p=307"},"modified":"2026-03-10T12:30:42","modified_gmt":"2026-03-10T12:30:42","slug":"beauty-of-joseon-revive-eye-serum-ginseng-retinal-30ml","status":"publish","type":"product","link":"https:\/\/k-beautyci.com\/fr\/produit\/beauty-of-joseon-revive-eye-serum-ginseng-retinal-30ml\/","title":{"rendered":"Beauty of Joseon Revive eye serum : Ginseng + Retinal 30ml"},"content":{"rendered":"<p><b>Avantages :<\/b><\/p>\n<ul>\n<li>Infus\u00e9 avec 10% d'extrait de racine de ginseng et 2% de liposome r\u00e9tinien pour am\u00e9liorer les rides sur la zone sensible du contour de l'\u0153il.<\/li>\n<li>Les riches saponines du ginseng hydratent la peau en profondeur et la maintiennent parfaitement hydrat\u00e9e tout au long de la journ\u00e9e.<\/li>\n<li>La vitamine A contenue dans Retinal favorise l'absorption rapide des ingr\u00e9dients actifs pour un excellent soin de l'\u00e9lasticit\u00e9.<\/li>\n<li>La texture nourrissante permet une application en douceur et laisse un fini soyeux non collant.<\/li>\n<\/ul>\n<p><b>Comment l'utiliser :<\/b><\/p>\n<ul>\n<li>D\u00e9poser une quantit\u00e9 suffisante sur le doigt, appliquer et tapoter d\u00e9licatement le contour de l'\u0153il pour une meilleure absorption.<\/li>\n<\/ul>\n<p>&nbsp;<\/p>\n<p>Avertissement : Pour usage externe uniquement. Toujours effectuer un test \u00e9picutan\u00e9. Cessez d'utiliser le produit si vous ressentez une quelconque g\u00eane. Suivre les instructions suppl\u00e9mentaires figurant sur l'emballage. Les r\u00e9sultats individuels peuvent varier.<\/p>","protected":false},"excerpt":{"rendered":"<p>Ce s\u00e9rum nourrissant pour les yeux att\u00e9nue les rides de la zone sensible du contour de l'\u0153il. Il est formul\u00e9 avec des liposomes de r\u00e9tinol pour am\u00e9liorer l'\u00e9lasticit\u00e9 de la peau et de l'extrait de racine de ginseng pour renforcer l'hydratation. La formule non collante glisse en douceur et est rapidement absorb\u00e9e par la peau.<\/p>","protected":false},"featured_media":309,"comment_status":"open","ping_status":"closed","template":"","meta":{"om_disable_all_campaigns":false},"product_brand":[],"product_cat":[57,82,38,68],"product_tag":[],"class_list":{"0":"post-307","1":"product","2":"type-product","3":"status-publish","4":"has-post-thumbnail","6":"product_cat-anti-aging","7":"product_cat-beauty-of-joseon","8":"product_cat-eye-care","9":"product_cat-retinol","11":"first","12":"instock","13":"shipping-taxable","14":"purchasable","15":"product-type-simple"},"aioseo_notices":[],"jetpack_sharing_enabled":true,"_links":{"self":[{"href":"https:\/\/k-beautyci.com\/fr\/wp-json\/wp\/v2\/product\/307","targetHints":{"allow":["GET"]}}],"collection":[{"href":"https:\/\/k-beautyci.com\/fr\/wp-json\/wp\/v2\/product"}],"about":[{"href":"https:\/\/k-beautyci.com\/fr\/wp-json\/wp\/v2\/types\/product"}],"replies":[{"embeddable":true,"href":"https:\/\/k-beautyci.com\/fr\/wp-json\/wp\/v2\/comments?post=307"}],"wp:featuredmedia":[{"embeddable":true,"href":"https:\/\/k-beautyci.com\/fr\/wp-json\/wp\/v2\/media\/309"}],"wp:attachment":[{"href":"https:\/\/k-beautyci.com\/fr\/wp-json\/wp\/v2\/media?parent=307"}],"wp:term":[{"taxonomy":"product_brand","embeddable":true,"href":"https:\/\/k-beautyci.com\/fr\/wp-json\/wp\/v2\/product_brand?post=307"},{"taxonomy":"product_cat","embeddable":true,"href":"https:\/\/k-beautyci.com\/fr\/wp-json\/wp\/v2\/product_cat?post=307"},{"taxonomy":"product_tag","embeddable":true,"href":"https:\/\/k-beautyci.com\/fr\/wp-json\/wp\/v2\/product_tag?post=307"}],"curies":[{"name":"wp","href":"https:\/\/api.w.org\/{rel}","templated":true}]}}