{"id":304,"date":"2023-03-05T11:54:30","date_gmt":"2023-03-05T11:54:30","guid":{"rendered":"https:\/\/k-beautyci.com\/?post_type=product&#038;p=304"},"modified":"2026-04-03T15:07:51","modified_gmt":"2026-04-03T15:07:51","slug":"beauty-of-joseon-ginseng-cleansing-oil","status":"publish","type":"product","link":"https:\/\/k-beautyci.com\/fr\/produit\/beauty-of-joseon-ginseng-cleansing-oil\/","title":{"rendered":"Beauty of Joseon Ginseng Cleansing Oil"},"content":{"rendered":"<p><b>Avantages :<\/b><\/p>\n<ul>\n<li>Enrichi de 50 % d'huile de soja et de 0,1 % d'huile de graines de ginseng pour un nettoyage d\u00e9licat du visage.<\/li>\n<li>Absorbe et dissout en douceur les r\u00e9sidus de maquillage et les impuret\u00e9s de la peau qui obstruent les pores, tout en revitalisant la peau pour une expression douce.<\/li>\n<li>Prot\u00e8ge la peau contre les agressions ext\u00e9rieures et la r\u00e9hydrate en profondeur.<\/li>\n<li>La texture huileuse l\u00e9g\u00e8re permet une application en douceur sans effet gras.<\/li>\n<li>Le parfum subtil d'herbe de l'huile de graines de ginseng offre un moment de nettoyage agr\u00e9able et relaxant.<\/li>\n<\/ul>\n<p><b>Comment l'utiliser :<\/b><\/p>\n<p>1. Appliquer une quantit\u00e9 suffisante et masser d\u00e9licatement le visage sec en faisant rouler jusqu'\u00e0 ce que le maquillage et les impuret\u00e9s soient compl\u00e8tement fondus.<\/p>\n<p>2. Rincer abondamment \u00e0 l'eau ti\u00e8de.<\/p>\n<p>&nbsp;<\/p>\n<p>Taille : 210ml<\/p>\n<p>Avertissement : Pour usage externe uniquement. Toujours effectuer un test \u00e9picutan\u00e9. Cessez d'utiliser le produit si vous ressentez une quelconque g\u00eane. Suivre les instructions suppl\u00e9mentaires figurant sur l'emballage. Les r\u00e9sultats individuels peuvent varier.<\/p>","protected":false},"excerpt":{"rendered":"<p>Cette huile nettoyante l\u00e9g\u00e8re contenant de l'huile de soja et de l'huile de graines de ginseng dissout le maquillage et la salet\u00e9 qui obstruent les pores. Elle hydrate \u00e9galement la peau et d\u00e9gage un ar\u00f4me subtil de ginseng.<\/p>","protected":false},"featured_media":305,"comment_status":"open","ping_status":"closed","template":"","meta":{"om_disable_all_campaigns":false},"product_brand":[],"product_cat":[82,35,63],"product_tag":[83],"class_list":{"0":"post-304","1":"product","2":"type-product","3":"status-publish","4":"has-post-thumbnail","6":"product_cat-beauty-of-joseon","7":"product_cat-face-cleansers","8":"product_cat-makeup-removers","9":"product_tag-cleansing-oil","11":"first","12":"outofstock","13":"shipping-taxable","14":"purchasable","15":"product-type-simple"},"aioseo_notices":[],"jetpack_sharing_enabled":true,"_links":{"self":[{"href":"https:\/\/k-beautyci.com\/fr\/wp-json\/wp\/v2\/product\/304","targetHints":{"allow":["GET"]}}],"collection":[{"href":"https:\/\/k-beautyci.com\/fr\/wp-json\/wp\/v2\/product"}],"about":[{"href":"https:\/\/k-beautyci.com\/fr\/wp-json\/wp\/v2\/types\/product"}],"replies":[{"embeddable":true,"href":"https:\/\/k-beautyci.com\/fr\/wp-json\/wp\/v2\/comments?post=304"}],"wp:featuredmedia":[{"embeddable":true,"href":"https:\/\/k-beautyci.com\/fr\/wp-json\/wp\/v2\/media\/305"}],"wp:attachment":[{"href":"https:\/\/k-beautyci.com\/fr\/wp-json\/wp\/v2\/media?parent=304"}],"wp:term":[{"taxonomy":"product_brand","embeddable":true,"href":"https:\/\/k-beautyci.com\/fr\/wp-json\/wp\/v2\/product_brand?post=304"},{"taxonomy":"product_cat","embeddable":true,"href":"https:\/\/k-beautyci.com\/fr\/wp-json\/wp\/v2\/product_cat?post=304"},{"taxonomy":"product_tag","embeddable":true,"href":"https:\/\/k-beautyci.com\/fr\/wp-json\/wp\/v2\/product_tag?post=304"}],"curies":[{"name":"wp","href":"https:\/\/api.w.org\/{rel}","templated":true}]}}