{"id":3016,"date":"2024-01-20T11:10:04","date_gmt":"2024-01-20T11:10:04","guid":{"rendered":"https:\/\/k-beautyci.com\/?post_type=product&#038;p=3016"},"modified":"2026-01-23T20:07:48","modified_gmt":"2026-01-23T20:07:48","slug":"panoxyl-acne-creamy-wash-benzoyl-peroxide-4-daily-control","status":"publish","type":"product","link":"https:\/\/k-beautyci.com\/fr\/produit\/panoxyl-acne-creamy-wash-benzoyl-peroxide-4-daily-control\/","title":{"rendered":"PanOxyl Acne Creamy Wash Benzoyl Peroxide 4% Daily Control"},"content":{"rendered":"<p>Comment l'utiliser :<\/p>\n<div class=\"col-6 col-md-3 product-step\">\n<p class=\"product-step__text\">Mouiller la zone \u00e0 nettoyer. Appliquer et masser la peau pendant 1 \u00e0 2 minutes. Rincer abondamment et s\u00e9cher en tapotant. Appliquer une fois par jour, puis progressivement deux fois si n\u00e9cessaire ou sur les conseils de votre dermatologue.<\/p>\n<\/div>\n<p>Avertissement : Pour usage externe uniquement. Toujours effectuer un test \u00e9picutan\u00e9. Cessez d'utiliser le produit si vous ressentez une quelconque g\u00eane. Suivre les instructions suppl\u00e9mentaires figurant sur l'emballage. Les r\u00e9sultats individuels peuvent varier.<\/p>","protected":false},"excerpt":{"rendered":"<p>Suffisamment doux pour un usage quotidien et suffisamment puissant pour combattre les boutons les plus tenaces, le nettoyant cr\u00e9meux contre l'acn\u00e9 de PanOxyl contient 4 % de peroxyde de benzoyle pour \u00e9liminer l'acn\u00e9 \u00e0 la vitesse de l'\u00e9clair ! Recommand\u00e9 par les dermatologues, ce nettoyant de contr\u00f4le quotidien nettoie et d\u00e9sobstrue les pores pour \u00e9liminer les \u00e9ruptions existantes. Il peut \u00e9galement aider \u00e0 pr\u00e9venir la formation de nouvelles imperfections lorsqu'il est utilis\u00e9 dans le cadre d'un traitement quotidien de l'acn\u00e9.<\/p>","protected":false},"featured_media":3019,"comment_status":"open","ping_status":"closed","template":"","meta":{"om_disable_all_campaigns":false},"product_brand":[],"product_cat":[60,171],"product_tag":[],"class_list":{"0":"post-3016","1":"product","2":"type-product","3":"status-publish","4":"has-post-thumbnail","6":"product_cat-acne","7":"product_cat-panoxyl","9":"first","10":"instock","11":"shipping-taxable","12":"purchasable","13":"product-type-simple"},"aioseo_notices":[],"jetpack_sharing_enabled":true,"_links":{"self":[{"href":"https:\/\/k-beautyci.com\/fr\/wp-json\/wp\/v2\/product\/3016","targetHints":{"allow":["GET"]}}],"collection":[{"href":"https:\/\/k-beautyci.com\/fr\/wp-json\/wp\/v2\/product"}],"about":[{"href":"https:\/\/k-beautyci.com\/fr\/wp-json\/wp\/v2\/types\/product"}],"replies":[{"embeddable":true,"href":"https:\/\/k-beautyci.com\/fr\/wp-json\/wp\/v2\/comments?post=3016"}],"wp:featuredmedia":[{"embeddable":true,"href":"https:\/\/k-beautyci.com\/fr\/wp-json\/wp\/v2\/media\/3019"}],"wp:attachment":[{"href":"https:\/\/k-beautyci.com\/fr\/wp-json\/wp\/v2\/media?parent=3016"}],"wp:term":[{"taxonomy":"product_brand","embeddable":true,"href":"https:\/\/k-beautyci.com\/fr\/wp-json\/wp\/v2\/product_brand?post=3016"},{"taxonomy":"product_cat","embeddable":true,"href":"https:\/\/k-beautyci.com\/fr\/wp-json\/wp\/v2\/product_cat?post=3016"},{"taxonomy":"product_tag","embeddable":true,"href":"https:\/\/k-beautyci.com\/fr\/wp-json\/wp\/v2\/product_tag?post=3016"}],"curies":[{"name":"wp","href":"https:\/\/api.w.org\/{rel}","templated":true}]}}