{"id":3000,"date":"2024-01-17T22:28:28","date_gmt":"2024-01-17T22:28:28","guid":{"rendered":"https:\/\/k-beautyci.com\/?post_type=product&#038;p=3000"},"modified":"2024-02-19T11:06:27","modified_gmt":"2024-02-19T11:06:27","slug":"skinlab-vitamin-c-brightening-serum-30ml","status":"publish","type":"product","link":"https:\/\/k-beautyci.com\/fr\/produit\/skinlab-vitamin-c-brightening-serum-30ml\/","title":{"rendered":"Skin&#038;Lab Vitamin C Brightening Serum 30ml"},"content":{"rendered":"<p>Comment l'utiliser :<\/p>\n<p>Apply a few drops to the face and neck. Gently pat it over clean and dry skin until fully absorbed.<\/p>\n<div class=\"description-item active\">\n<div class=\"body\">\n<p>Avertissement : Pour usage externe uniquement. Toujours effectuer un test \u00e9picutan\u00e9. Cessez d'utiliser le produit si vous ressentez une quelconque g\u00eane. Suivre les instructions suppl\u00e9mentaires figurant sur l'emballage. Les r\u00e9sultats individuels peuvent varier.<\/p>\n<\/div>\n<\/div>\n<div class=\"description-item\">\n<h2 class=\"title\"><\/h2>\n<div class=\"body\"><\/div>\n<\/div>","protected":false},"excerpt":{"rendered":"<p>Vitamin C Brightening Serum est un s\u00e9rum \u00e9claircissant puissant et l\u00e9ger contenant un m\u00e9lange de 15 vitamines avec de la vitamine C concentr\u00e9e qui aide \u00e0 \u00e9claircir et \u00e0 unifier le teint de la peau.<\/p>\n<p>GLOWING GLASS SKIN: Includes synthetic vitamin C that evens out visible dark spots, acne scars, and hyperpigmentation.<\/p>\n<p>KEEP YOUR SKIN HYDRATED: Infused with 5 types of Hyaluronic Acid, 15% Vitamin Energy Complex and Panthenol, it instantly moisturizes dehydrated skin, locks the moist in, and leaves skin feeling refreshed.<\/p>\n<p>YOUTHFUL AND HEALTHY SKIN: The vitamin E bubble capsules contain high-content vitamin E to fight the signs of aging.<\/p>","protected":false},"featured_media":3003,"comment_status":"open","ping_status":"closed","template":"","meta":{"om_disable_all_campaigns":false},"product_brand":[],"product_cat":[57,52,31,66,41,36,195,72],"product_tag":[],"class_list":{"0":"post-3000","1":"product","2":"type-product","3":"status-publish","4":"has-post-thumbnail","6":"product_cat-anti-aging","7":"product_cat-dark-spots","8":"product_cat-face-serums","9":"product_cat-normal-combination-skin","10":"product_cat-oily-skin","11":"product_cat-sensitive-skin","12":"product_cat-skinlab","13":"product_cat-vitamin-c","15":"first","16":"outofstock","17":"shipping-taxable","18":"purchasable","19":"product-type-simple"},"aioseo_notices":[],"jetpack_sharing_enabled":true,"_links":{"self":[{"href":"https:\/\/k-beautyci.com\/fr\/wp-json\/wp\/v2\/product\/3000","targetHints":{"allow":["GET"]}}],"collection":[{"href":"https:\/\/k-beautyci.com\/fr\/wp-json\/wp\/v2\/product"}],"about":[{"href":"https:\/\/k-beautyci.com\/fr\/wp-json\/wp\/v2\/types\/product"}],"replies":[{"embeddable":true,"href":"https:\/\/k-beautyci.com\/fr\/wp-json\/wp\/v2\/comments?post=3000"}],"wp:featuredmedia":[{"embeddable":true,"href":"https:\/\/k-beautyci.com\/fr\/wp-json\/wp\/v2\/media\/3003"}],"wp:attachment":[{"href":"https:\/\/k-beautyci.com\/fr\/wp-json\/wp\/v2\/media?parent=3000"}],"wp:term":[{"taxonomy":"product_brand","embeddable":true,"href":"https:\/\/k-beautyci.com\/fr\/wp-json\/wp\/v2\/product_brand?post=3000"},{"taxonomy":"product_cat","embeddable":true,"href":"https:\/\/k-beautyci.com\/fr\/wp-json\/wp\/v2\/product_cat?post=3000"},{"taxonomy":"product_tag","embeddable":true,"href":"https:\/\/k-beautyci.com\/fr\/wp-json\/wp\/v2\/product_tag?post=3000"}],"curies":[{"name":"wp","href":"https:\/\/api.w.org\/{rel}","templated":true}]}}