{"id":300,"date":"2023-03-05T11:35:06","date_gmt":"2023-03-05T11:35:06","guid":{"rendered":"https:\/\/k-beautyci.com\/?post_type=product&#038;p=300"},"modified":"2026-04-02T22:07:06","modified_gmt":"2026-04-02T22:07:06","slug":"beauty-of-joseon-relief-sun-rice-probiotics-spf50-pa","status":"publish","type":"product","link":"https:\/\/k-beautyci.com\/fr\/produit\/beauty-of-joseon-relief-sun-rice-probiotics-spf50-pa\/","title":{"rendered":"Beauty of Joseon Relief Sun : Rice + Probiotics (SPF50+ PA++++)"},"content":{"rendered":"<h3 class=\"klavikab lilac\"><strong>Key<\/strong>\u00a0<strong>Ingredients<\/strong><\/h3>\n<div><span class=\"bold\"><strong>Anti<\/strong>\u2013<strong>acn\u00e9 :<\/strong><\/span>:\u00a0Niacinamide<\/div>\n<div><strong><span class=\"bold\">Antioxydant<\/span><\/strong>: Extrait de feuille de Camellia Sinensis, extrait de racine de Panax Ginseng, ferment de Monascus\/Riz, tocoph\u00e9rol<\/div>\n<div><span class=\"bold\">Ingr\u00e9dient de communication cellulaire<\/span>:\u00a0Niacinamide,\u00a0Adenosine<\/div>\n<div><strong><span class=\"bold\">Exfoliant<\/span><\/strong>Lactobacillus\/Extrait de ferment de citrouille<\/div>\n<div class=\"translation-block\">\u00c9claircissement de la peau : Niacinamide<\/div>\n<div class=\"translation-block\">Ingr\u00e9dient identique \u00e0 la peau : Glyc\u00e9rine<\/div>\n<div class=\"translation-block\">Apaisant : extrait de feuille de Camellia Sinensis<\/div>\n<div><strong><span class=\"bold\">\u00c9cran solaire<\/span><\/strong>: Diethylamino Hydroxybenzoyl Hexyl Benzoate, Ethylhexyl Triazone, Methylene Bis-Benzotriazolyl Tetramethylbutylphenol, Diethylhexyl Butamido Triazone.<\/div>\n<div><\/div>\n<div><\/div>\n<div>\n<p><b>Comment l'utiliser :<\/b><\/p>\n<ul>\n<li>\u00c0 la derni\u00e8re \u00e9tape de la routine de soins de la peau, \u00e9taler uniform\u00e9ment une quantit\u00e9 ad\u00e9quate sur les zones fr\u00e9quemment expos\u00e9es au soleil.<\/li>\n<\/ul>\n<\/div>\n<p>Avertissement : Pour usage externe uniquement. Toujours effectuer un test \u00e9picutan\u00e9. Cessez d'utiliser le produit si vous ressentez une quelconque g\u00eane. Suivre les instructions suppl\u00e9mentaires figurant sur l'emballage. Les r\u00e9sultats individuels peuvent varier.<\/p>\n<div><\/div>\n<div><\/div>","protected":false},"excerpt":{"rendered":"<p>Dot\u00e9e d'un SPF 50+ PA++++ \u00e0 large spectre pour lutter contre les rayons UVA et UVB, cette cr\u00e8me solaire biologique de Beauty of Joseon se pr\u00e9sente sous une texture l\u00e9g\u00e8re et rapidement absorb\u00e9e qui ne laisse pas de traces blanches. L'extrait de riz et les probiotiques issus de c\u00e9r\u00e9ales aident \u00e0 garder la peau souple et hydrat\u00e9e.<\/p>","protected":false},"featured_media":302,"comment_status":"open","ping_status":"closed","template":"","meta":{"om_disable_all_campaigns":false},"product_brand":[],"product_cat":[82,42,74,66,41,36,77],"product_tag":[],"class_list":{"0":"post-300","1":"product","2":"type-product","3":"status-publish","4":"has-post-thumbnail","6":"product_cat-beauty-of-joseon","7":"product_cat-dry-skin","8":"product_cat-niacinamide","9":"product_cat-normal-combination-skin","10":"product_cat-oily-skin","11":"product_cat-sensitive-skin","12":"product_cat-spf-50","14":"first","15":"instock","16":"shipping-taxable","17":"purchasable","18":"product-type-variable"},"aioseo_notices":[],"jetpack_sharing_enabled":true,"_links":{"self":[{"href":"https:\/\/k-beautyci.com\/fr\/wp-json\/wp\/v2\/product\/300","targetHints":{"allow":["GET"]}}],"collection":[{"href":"https:\/\/k-beautyci.com\/fr\/wp-json\/wp\/v2\/product"}],"about":[{"href":"https:\/\/k-beautyci.com\/fr\/wp-json\/wp\/v2\/types\/product"}],"replies":[{"embeddable":true,"href":"https:\/\/k-beautyci.com\/fr\/wp-json\/wp\/v2\/comments?post=300"}],"wp:featuredmedia":[{"embeddable":true,"href":"https:\/\/k-beautyci.com\/fr\/wp-json\/wp\/v2\/media\/302"}],"wp:attachment":[{"href":"https:\/\/k-beautyci.com\/fr\/wp-json\/wp\/v2\/media?parent=300"}],"wp:term":[{"taxonomy":"product_brand","embeddable":true,"href":"https:\/\/k-beautyci.com\/fr\/wp-json\/wp\/v2\/product_brand?post=300"},{"taxonomy":"product_cat","embeddable":true,"href":"https:\/\/k-beautyci.com\/fr\/wp-json\/wp\/v2\/product_cat?post=300"},{"taxonomy":"product_tag","embeddable":true,"href":"https:\/\/k-beautyci.com\/fr\/wp-json\/wp\/v2\/product_tag?post=300"}],"curies":[{"name":"wp","href":"https:\/\/api.w.org\/{rel}","templated":true}]}}