{"id":2996,"date":"2024-01-17T22:03:19","date_gmt":"2024-01-17T22:03:19","guid":{"rendered":"https:\/\/k-beautyci.com\/?post_type=product&#038;p=2996"},"modified":"2025-02-14T20:04:32","modified_gmt":"2025-02-14T20:04:32","slug":"kaine-kombu-balancing-ampoule-toner-150ml","status":"publish","type":"product","link":"https:\/\/k-beautyci.com\/fr\/produit\/kaine-kombu-balancing-ampoule-toner-150ml\/","title":{"rendered":"KAINE Kombu Balancing Ampoule Toner 150ml"},"content":{"rendered":"<p>Comment l'utiliser :<\/p>\n<p>Apr\u00e8s avoir nettoy\u00e9 le visage, humidifiez le coton avec une quantit\u00e9 ad\u00e9quate de tonique et passez-le d\u00e9licatement sur la zone du visage. Vous pouvez appliquer directement le toner sur le visage et le tapoter doucement pour qu'il soit mieux absorb\u00e9. Utiliser matin et soir pour de meilleurs r\u00e9sultats.<\/p>\n<div class=\"description-item active\">\n<div class=\"body\">\n<p>Avertissement : Pour usage externe uniquement. Toujours effectuer un test \u00e9picutan\u00e9. Cessez d'utiliser le produit si vous ressentez une quelconque g\u00eane. Suivre les instructions suppl\u00e9mentaires figurant sur l'emballage. Les r\u00e9sultats individuels peuvent varier.<\/p>\n<\/div>\n<\/div>\n<div class=\"description-item\">\n<h2 class=\"title\"><\/h2>\n<\/div>","protected":false},"excerpt":{"rendered":"<p>Ce tonique est con\u00e7u pour offrir \u00e0 votre peau une hydratation en profondeur et en profondeur, vous laissant avec un teint radieux et sain. Ce tonique est con\u00e7u pour s'harmoniser parfaitement avec le pH naturel de votre peau, garantissant ainsi un \u00e9quilibre et une revitalisation de votre peau.<\/p>\n<p>Hydratation en profondeur - Renforcement de la barri\u00e8re cutan\u00e9e - Vitalit\u00e9 de la peau<\/p>","protected":false},"featured_media":2999,"comment_status":"open","ping_status":"closed","template":"","meta":{"om_disable_all_campaigns":false},"product_brand":[],"product_cat":[39,194],"product_tag":[],"class_list":{"0":"post-2996","1":"product","2":"type-product","3":"status-publish","4":"has-post-thumbnail","6":"product_cat-face-toners","7":"product_cat-kaine","9":"first","10":"outofstock","11":"sale","12":"shipping-taxable","13":"purchasable","14":"product-type-simple"},"aioseo_notices":[],"jetpack_sharing_enabled":true,"_links":{"self":[{"href":"https:\/\/k-beautyci.com\/fr\/wp-json\/wp\/v2\/product\/2996","targetHints":{"allow":["GET"]}}],"collection":[{"href":"https:\/\/k-beautyci.com\/fr\/wp-json\/wp\/v2\/product"}],"about":[{"href":"https:\/\/k-beautyci.com\/fr\/wp-json\/wp\/v2\/types\/product"}],"replies":[{"embeddable":true,"href":"https:\/\/k-beautyci.com\/fr\/wp-json\/wp\/v2\/comments?post=2996"}],"wp:featuredmedia":[{"embeddable":true,"href":"https:\/\/k-beautyci.com\/fr\/wp-json\/wp\/v2\/media\/2999"}],"wp:attachment":[{"href":"https:\/\/k-beautyci.com\/fr\/wp-json\/wp\/v2\/media?parent=2996"}],"wp:term":[{"taxonomy":"product_brand","embeddable":true,"href":"https:\/\/k-beautyci.com\/fr\/wp-json\/wp\/v2\/product_brand?post=2996"},{"taxonomy":"product_cat","embeddable":true,"href":"https:\/\/k-beautyci.com\/fr\/wp-json\/wp\/v2\/product_cat?post=2996"},{"taxonomy":"product_tag","embeddable":true,"href":"https:\/\/k-beautyci.com\/fr\/wp-json\/wp\/v2\/product_tag?post=2996"}],"curies":[{"name":"wp","href":"https:\/\/api.w.org\/{rel}","templated":true}]}}