{"id":2985,"date":"2024-01-16T22:35:04","date_gmt":"2024-01-16T22:35:04","guid":{"rendered":"https:\/\/k-beautyci.com\/?post_type=product&#038;p=2985"},"modified":"2026-02-17T01:55:38","modified_gmt":"2026-02-17T01:55:38","slug":"b-lab-matcha-hydrating-facial-toner-200ml","status":"publish","type":"product","link":"https:\/\/k-beautyci.com\/fr\/produit\/b-lab-matcha-hydrating-facial-toner-200ml\/","title":{"rendered":"B.LAB Matcha Hydrating Facial Toner 200ml"},"content":{"rendered":"<p>Comment l'utiliser :<\/p>\n<p>Utiliser ce tonique apr\u00e8s avoir nettoy\u00e9 la peau avec le\u00a0<a title=\"B.LAB \u2013 Matcha Hydrating Foam Cleanser 120ml\" href=\"https:\/\/k-beautyci.com\/fr\/produit\/b-lab-matcha-hydrating-foam-cleanser-120ml\/\">Matcha Hydrating Foam Cleanser<\/a>. Appliquer une quantit\u00e9 appropri\u00e9e sur l'ensemble de la peau et tapoter doucement pour permettre l'absorption.<\/p>\n<p>&nbsp;<\/p>\n<div class=\"description-item active\">\n<div class=\"body\">\n<p>Avertissement : Pour usage externe uniquement. Toujours effectuer un test \u00e9picutan\u00e9. Cessez d'utiliser le produit si vous ressentez une quelconque g\u00eane. Suivre les instructions suppl\u00e9mentaires figurant sur l'emballage. Les r\u00e9sultats individuels peuvent varier.<\/p>\n<\/div>\n<\/div>\n<div class=\"description-item\">\n<h2 class=\"title\"><\/h2>\n<div class=\"body\"><\/div>\n<\/div>","protected":false},"excerpt":{"rendered":"<p>La lotion tonique hydratante pour le visage Matcha de B.Lab, qui contient 47,5 % d'extrait de th\u00e9 vert et des ingr\u00e9dients respectueux de la peau, laisse la peau nette, hydrat\u00e9e et rafra\u00eechie.<\/p>\n<p>L'extrait de th\u00e9 vert \u00e0 47,5 % contient d'abondantes vitamines et antioxydants qui \u00e9claircissent le teint, prot\u00e8gent la barri\u00e8re cutan\u00e9e, apaisent les irritations et resserrent les pores.<\/p>\n<p>L'extrait de Chelidonium Majus (3%) r\u00e9gule l'exc\u00e8s de s\u00e9bum et r\u00e9tablit l'\u00e9quilibre hydratation\/huile pour une peau nette.<\/p>","protected":false},"featured_media":3083,"comment_status":"open","ping_status":"closed","template":"","meta":{"om_disable_all_campaigns":false},"product_brand":[],"product_cat":[187,39],"product_tag":[],"class_list":{"0":"post-2985","1":"product","2":"type-product","3":"status-publish","4":"has-post-thumbnail","6":"product_cat-b-lab","7":"product_cat-face-toners","9":"first","10":"outofstock","11":"shipping-taxable","12":"purchasable","13":"product-type-simple"},"aioseo_notices":[],"jetpack_sharing_enabled":true,"_links":{"self":[{"href":"https:\/\/k-beautyci.com\/fr\/wp-json\/wp\/v2\/product\/2985","targetHints":{"allow":["GET"]}}],"collection":[{"href":"https:\/\/k-beautyci.com\/fr\/wp-json\/wp\/v2\/product"}],"about":[{"href":"https:\/\/k-beautyci.com\/fr\/wp-json\/wp\/v2\/types\/product"}],"replies":[{"embeddable":true,"href":"https:\/\/k-beautyci.com\/fr\/wp-json\/wp\/v2\/comments?post=2985"}],"wp:featuredmedia":[{"embeddable":true,"href":"https:\/\/k-beautyci.com\/fr\/wp-json\/wp\/v2\/media\/3083"}],"wp:attachment":[{"href":"https:\/\/k-beautyci.com\/fr\/wp-json\/wp\/v2\/media?parent=2985"}],"wp:term":[{"taxonomy":"product_brand","embeddable":true,"href":"https:\/\/k-beautyci.com\/fr\/wp-json\/wp\/v2\/product_brand?post=2985"},{"taxonomy":"product_cat","embeddable":true,"href":"https:\/\/k-beautyci.com\/fr\/wp-json\/wp\/v2\/product_cat?post=2985"},{"taxonomy":"product_tag","embeddable":true,"href":"https:\/\/k-beautyci.com\/fr\/wp-json\/wp\/v2\/product_tag?post=2985"}],"curies":[{"name":"wp","href":"https:\/\/api.w.org\/{rel}","templated":true}]}}