{"id":2972,"date":"2024-01-15T20:32:34","date_gmt":"2024-01-15T20:32:34","guid":{"rendered":"https:\/\/k-beautyci.com\/?post_type=product&#038;p=2972"},"modified":"2024-06-23T09:00:15","modified_gmt":"2024-06-23T09:00:15","slug":"b-lab-cica-barrier-5-5-cleansing-oil-balm-100ml","status":"publish","type":"product","link":"https:\/\/k-beautyci.com\/fr\/produit\/b-lab-cica-barrier-5-5-cleansing-oil-balm-100ml\/","title":{"rendered":"B.LAB Cica Barrier 5.5 Cleansing Oil Balm 100ml"},"content":{"rendered":"<p>Comment l'utiliser :<\/p>\n<p>Masser une quantit\u00e9 suffisante de baume huileux sur l'ensemble du visage. Rincer abondamment \u00e0 l'eau ti\u00e8de.<\/p>\n<p>Avertissement : Pour usage externe uniquement. Toujours effectuer un test \u00e9picutan\u00e9. Cessez d'utiliser le produit si vous ressentez une quelconque g\u00eane. Suivre les instructions suppl\u00e9mentaires figurant sur l'emballage. Les r\u00e9sultats individuels peuvent varier.<\/p>","protected":false},"excerpt":{"rendered":"<p>Ce nettoyant innovant pour le visage combine les avantages d'une huile, d'une cr\u00e8me et d'un baume nettoyants pour garantir une exp\u00e9rience de nettoyage sup\u00e9rieure. Dot\u00e9 de 10 000 ppm d'acide hyaluronique et d'extrait de centella asiatica, il \u00e9limine en douceur les impuret\u00e9s et le maquillage tout en gardant la peau hydrat\u00e9e sans irritation.<\/p>","protected":false},"featured_media":2984,"comment_status":"open","ping_status":"closed","template":"","meta":{"om_disable_all_campaigns":false},"product_brand":[],"product_cat":[187,88,35,69,63],"product_tag":[],"class_list":{"0":"post-2972","1":"product","2":"type-product","3":"status-publish","4":"has-post-thumbnail","6":"product_cat-b-lab","7":"product_cat-centella","8":"product_cat-face-cleansers","9":"product_cat-hyaluronic-acid","10":"product_cat-makeup-removers","12":"first","13":"outofstock","14":"shipping-taxable","15":"purchasable","16":"product-type-simple"},"aioseo_notices":[],"jetpack_sharing_enabled":true,"_links":{"self":[{"href":"https:\/\/k-beautyci.com\/fr\/wp-json\/wp\/v2\/product\/2972","targetHints":{"allow":["GET"]}}],"collection":[{"href":"https:\/\/k-beautyci.com\/fr\/wp-json\/wp\/v2\/product"}],"about":[{"href":"https:\/\/k-beautyci.com\/fr\/wp-json\/wp\/v2\/types\/product"}],"replies":[{"embeddable":true,"href":"https:\/\/k-beautyci.com\/fr\/wp-json\/wp\/v2\/comments?post=2972"}],"wp:featuredmedia":[{"embeddable":true,"href":"https:\/\/k-beautyci.com\/fr\/wp-json\/wp\/v2\/media\/2984"}],"wp:attachment":[{"href":"https:\/\/k-beautyci.com\/fr\/wp-json\/wp\/v2\/media?parent=2972"}],"wp:term":[{"taxonomy":"product_brand","embeddable":true,"href":"https:\/\/k-beautyci.com\/fr\/wp-json\/wp\/v2\/product_brand?post=2972"},{"taxonomy":"product_cat","embeddable":true,"href":"https:\/\/k-beautyci.com\/fr\/wp-json\/wp\/v2\/product_cat?post=2972"},{"taxonomy":"product_tag","embeddable":true,"href":"https:\/\/k-beautyci.com\/fr\/wp-json\/wp\/v2\/product_tag?post=2972"}],"curies":[{"name":"wp","href":"https:\/\/api.w.org\/{rel}","templated":true}]}}