{"id":2968,"date":"2024-01-13T14:18:12","date_gmt":"2024-01-13T14:18:12","guid":{"rendered":"https:\/\/k-beautyci.com\/?post_type=product&#038;p=2968"},"modified":"2026-04-01T14:50:13","modified_gmt":"2026-04-01T14:50:13","slug":"numbuzin-no-5-vitamin-niacinamide-concentrated-pad-70-pads","status":"publish","type":"product","link":"https:\/\/k-beautyci.com\/fr\/produit\/numbuzin-no-5-vitamin-niacinamide-concentrated-pad-70-pads\/","title":{"rendered":"numbuzin &#8211; No.5 Vitamin-Niacinamide Concentrated Pad (70 pads)"},"content":{"rendered":"<p>Comment l'utiliser :<\/p>\n<p>Apr\u00e8s le nettoyage, prenez un pad de coton et passez-le d\u00e9licatement sur l'ensemble du visage.<\/p>\n<p>Avertissement : Pour usage externe uniquement. Toujours effectuer un test \u00e9picutan\u00e9. Cessez d'utiliser le produit si vous ressentez une quelconque g\u00eane. Suivre les instructions suppl\u00e9mentaires figurant sur l'emballage. Les r\u00e9sultats individuels peuvent varier.<\/p>","protected":false},"excerpt":{"rendered":"<p>Redonnez de l'\u00e9clat \u00e0 votre peau fatigu\u00e9e gr\u00e2ce \u00e0 ces pads toniques infus\u00e9s d'agents \u00e9claircissants puissants, dont le niacinamide, le glutathion et la vitamine C riche en antioxydants, pour unifier le teint et estomper les taches brunes. Le panth\u00e9nol et l'extrait de champignon assurent l'hydratation et l'\u00e9lasticit\u00e9 de la peau. D'autres ingr\u00e9dients comme le PHA et le LHA exfolient les cellules mortes de la peau.<\/p>\n<p>70 pads- 180ml<\/p>","protected":false},"featured_media":2971,"comment_status":"open","ping_status":"closed","template":"","meta":{"om_disable_all_campaigns":false},"product_brand":[],"product_cat":[60,52,39,74,190,72],"product_tag":[],"class_list":{"0":"post-2968","1":"product","2":"type-product","3":"status-publish","4":"has-post-thumbnail","6":"product_cat-acne","7":"product_cat-dark-spots","8":"product_cat-face-toners","9":"product_cat-niacinamide","10":"product_cat-numbuzin","11":"product_cat-vitamin-c","13":"first","14":"instock","15":"sale","16":"shipping-taxable","17":"purchasable","18":"product-type-simple"},"aioseo_notices":[],"jetpack_sharing_enabled":true,"_links":{"self":[{"href":"https:\/\/k-beautyci.com\/fr\/wp-json\/wp\/v2\/product\/2968","targetHints":{"allow":["GET"]}}],"collection":[{"href":"https:\/\/k-beautyci.com\/fr\/wp-json\/wp\/v2\/product"}],"about":[{"href":"https:\/\/k-beautyci.com\/fr\/wp-json\/wp\/v2\/types\/product"}],"replies":[{"embeddable":true,"href":"https:\/\/k-beautyci.com\/fr\/wp-json\/wp\/v2\/comments?post=2968"}],"wp:featuredmedia":[{"embeddable":true,"href":"https:\/\/k-beautyci.com\/fr\/wp-json\/wp\/v2\/media\/2971"}],"wp:attachment":[{"href":"https:\/\/k-beautyci.com\/fr\/wp-json\/wp\/v2\/media?parent=2968"}],"wp:term":[{"taxonomy":"product_brand","embeddable":true,"href":"https:\/\/k-beautyci.com\/fr\/wp-json\/wp\/v2\/product_brand?post=2968"},{"taxonomy":"product_cat","embeddable":true,"href":"https:\/\/k-beautyci.com\/fr\/wp-json\/wp\/v2\/product_cat?post=2968"},{"taxonomy":"product_tag","embeddable":true,"href":"https:\/\/k-beautyci.com\/fr\/wp-json\/wp\/v2\/product_tag?post=2968"}],"curies":[{"name":"wp","href":"https:\/\/api.w.org\/{rel}","templated":true}]}}